{"id":1083,"date":"2020-12-11T07:33:20","date_gmt":"2020-12-11T06:33:20","guid":{"rendered":"http:\/\/mickiewicz.net.pl\/am\/?page_id=1083"},"modified":"2021-11-10T14:27:35","modified_gmt":"2021-11-10T13:27:35","slug":"zamowienia-publiczne","status":"publish","type":"page","link":"https:\/\/mickiewicz.net.pl\/am\/index.php\/zamowienia-publiczne\/","title":{"rendered":"Zam\u00f3wienia publiczne"},"content":{"rendered":"\t\t<div data-elementor-type=\"wp-page\" data-elementor-id=\"1083\" class=\"elementor elementor-1083\">\n\t\t\t\t\t\t<section class=\"elementor-section elementor-top-section elementor-element elementor-element-c10a035 elementor-section-boxed elementor-section-height-default elementor-section-height-default\" data-id=\"c10a035\" data-element_type=\"section\" data-e-type=\"section\">\n\t\t\t\t\t\t<div class=\"elementor-container elementor-column-gap-default\">\n\t\t\t\t\t<div class=\"elementor-column elementor-col-100 elementor-top-column elementor-element elementor-element-a8267af\" data-id=\"a8267af\" data-element_type=\"column\" data-e-type=\"column\">\n\t\t\t<div class=\"elementor-widget-wrap elementor-element-populated\">\n\t\t\t\t\t\t<div class=\"elementor-element elementor-element-51b862d elementor-widget elementor-widget-heading\" data-id=\"51b862d\" data-element_type=\"widget\" data-e-type=\"widget\" data-widget_type=\"heading.default\">\n\t\t\t\t<div class=\"elementor-widget-container\">\n\t\t\t\t\t<h2 class=\"elementor-heading-title elementor-size-default\">Zapytanie z dnia 10.11.2021 r. na zakup monitor\u00f3w dotykowych (Aktywna tablica)<\/h2>\t\t\t\t<\/div>\n\t\t\t\t<\/div>\n\t\t\t\t<div class=\"elementor-element elementor-element-73cd916 elementor-widget elementor-widget-text-editor\" data-id=\"73cd916\" data-element_type=\"widget\" data-e-type=\"widget\" data-widget_type=\"text-editor.default\">\n\t\t\t\t<div class=\"elementor-widget-container\">\n\t\t\t\t\t\t\t\t\t<ul>\n<li><a href=\"http:\/\/mickiewicz.net.pl\/przetargi\/2021\/Aktywna tablica\/zapytanie.pdf\" data-wplink-url-error=\"true\">Zapytanie<\/a><\/li>\n<li><a href=\"http:\/\/mickiewicz.net.pl\/przetargi\/2021\/Aktywna tablica\/wz\u00f3r_umowy.pdf\" data-wplink-url-error=\"true\">Wz\u00f3r umowy<\/a><\/li>\n<\/ul>\t\t\t\t\t\t\t\t<\/div>\n\t\t\t\t<\/div>\n\t\t\t\t\t<\/div>\n\t\t<\/div>\n\t\t\t\t\t<\/div>\n\t\t<\/section>\n\t\t\t\t<section class=\"elementor-section elementor-top-section elementor-element elementor-element-6cc5b7e elementor-section-boxed elementor-section-height-default elementor-section-height-default\" data-id=\"6cc5b7e\" data-element_type=\"section\" data-e-type=\"section\">\n\t\t\t\t\t\t<div class=\"elementor-container elementor-column-gap-default\">\n\t\t\t\t\t<div class=\"elementor-column elementor-col-100 elementor-top-column elementor-element elementor-element-b68d1e3\" data-id=\"b68d1e3\" data-element_type=\"column\" data-e-type=\"column\">\n\t\t\t<div class=\"elementor-widget-wrap elementor-element-populated\">\n\t\t\t\t\t\t<div class=\"elementor-element elementor-element-7ed5714 elementor-widget elementor-widget-text-editor\" data-id=\"7ed5714\" data-element_type=\"widget\" data-e-type=\"widget\" data-widget_type=\"text-editor.default\">\n\t\t\t\t<div class=\"elementor-widget-container\">\n\t\t\t\t\t\t\t\t\t<h2 style=\"margin-top: 1.5rem;\">Zapytanie z dnia 19.10.2021 r. na zakup energii elektrycznej<\/h2>\n<ul>\n<li>\u00a0<a href=\"http:\/\/mickiewicz.net.pl\/przetargi\/2021\/energia.pdf\">Zapytanie<\/a><\/li>\n<\/ul>\t\t\t\t\t\t\t\t<\/div>\n\t\t\t\t<\/div>\n\t\t\t\t\t<\/div>\n\t\t<\/div>\n\t\t\t\t\t<\/div>\n\t\t<\/section>\n\t\t\t\t<section class=\"elementor-section elementor-top-section elementor-element elementor-element-2a3499e elementor-section-boxed elementor-section-height-default elementor-section-height-default\" data-id=\"2a3499e\" data-element_type=\"section\" data-e-type=\"section\">\n\t\t\t\t\t\t<div class=\"elementor-container elementor-column-gap-default\">\n\t\t\t\t\t<div class=\"elementor-column elementor-col-100 elementor-top-column elementor-element elementor-element-ce837da\" data-id=\"ce837da\" data-element_type=\"column\" data-e-type=\"column\">\n\t\t\t<div class=\"elementor-widget-wrap elementor-element-populated\">\n\t\t\t\t\t\t<div class=\"elementor-element elementor-element-6e01d29 elementor-widget elementor-widget-text-editor\" data-id=\"6e01d29\" data-element_type=\"widget\" data-e-type=\"widget\" data-widget_type=\"text-editor.default\">\n\t\t\t\t<div class=\"elementor-widget-container\">\n\t\t\t\t\t\t\t\t\t<h2 style=\"margin-top: 1.5rem;\">Zapytanie z dnia 19.04.2021 r. na remont auli w Zespole Szk\u00f3\u0142 nr 1 im. Adama Mickiewicza w Lubli\u0144cu<\/h2>\n<div>\n<ul>\n<li><a href=\"http:\/\/mickiewicz.net.pl\/przetargi\/2021\/Aula\/zapytanie.docx\" target=\"_blank\" rel=\"noopener\">Zapytanie<\/a><\/li>\n<li><a href=\"http:\/\/mickiewicz.net.pl\/przetargi\/2021\/Aula\/opis%20przedmiotu%20zam%C3%B3wienia.pdf\">Opis przedmiotu zam\u00f3wienia<\/a><\/li>\n<li><a href=\"http:\/\/mickiewicz.net.pl\/przetargi\/2021\/Aula\/Formularz ofertowy - za\u0142. nr 1.docx\" data-wplink-url-error=\"true\">Za\u0142\u0105cznik nr 1 (formularz ofertowy)<\/a><\/li>\n<li><a href=\"http:\/\/mickiewicz.net.pl\/przetargi\/2021\/Aula\/Umowa%20-%20za%C5%82%C4%85cznik%20nr%202.docx\">Za\u0142\u0105cznik nr 2 (wz\u00f3r umowy)<\/a><\/li>\n<li><a href=\"http:\/\/mickiewicz.net.pl\/przetargi\/2021\/Aula\/przedmiar.pdf\">Przedmiar<\/a>,\u00a0<a href=\"http:\/\/mickiewicz.net.pl\/przetargi\/2021\/Aula\/Rys%20E1.pdf\">rys E1<\/a>,\u00a0<a href=\"http:\/\/mickiewicz.net.pl\/przetargi\/2021\/Aula\/rys%20E2.pdf\">rys E2<\/a><\/li>\n<li>Wizualizacja:<\/li>\n<\/ul>\n<\/div>\t\t\t\t\t\t\t\t<\/div>\n\t\t\t\t<\/div>\n\t\t\t\t<div class=\"elementor-element elementor-element-80f59c1 elementor-widget elementor-widget-image-gallery\" data-id=\"80f59c1\" data-element_type=\"widget\" data-e-type=\"widget\" data-widget_type=\"image-gallery.default\">\n\t\t\t\t<div class=\"elementor-widget-container\">\n\t\t\t\t\t\t\t<div class=\"elementor-image-gallery\">\n\t\t\t\n\t\t<style type=\"text\/css\">\n\t\t\t#gallery-1 {\n\t\t\t\tmargin: auto;\n\t\t\t}\n\t\t\t#gallery-1 .gallery-item {\n\t\t\t\tfloat: left;\n\t\t\t\tmargin-top: 10px;\n\t\t\t\ttext-align: center;\n\t\t\t\twidth: 20%;\n\t\t\t}\n\t\t\t#gallery-1 img {\n\t\t\t\tborder: 2px solid #cfcfcf;\n\t\t\t}\n\t\t\t#gallery-1 .gallery-caption {\n\t\t\t\tmargin-left: 0;\n\t\t\t}\n\t\t\t\/* see gallery_shortcode() in wp-includes\/media.php *\/\n\t\t<\/style>\n\t\t<div id='gallery-1' class='gallery galleryid-1083 gallery-columns-5 gallery-size-thumbnail'><dl class='gallery-item'>\n\t\t\t<dt class='gallery-icon landscape'>\n\t\t\t\t<a data-elementor-open-lightbox=\"yes\" data-elementor-lightbox-slideshow=\"80f59c1\" data-elementor-lightbox-title=\"Wizka 5\" data-e-action-hash=\"#elementor-action%3Aaction%3Dlightbox%26settings%3DeyJpZCI6MTYzNCwidXJsIjoiaHR0cHM6XC9cL21pY2tpZXdpY3oubmV0LnBsXC9hbVwvd3AtY29udGVudFwvdXBsb2Fkc1wvMjAyMVwvMDRcL1dpemthLTUtc2NhbGVkLmpwZyIsInNsaWRlc2hvdyI6IjgwZjU5YzEifQ%3D%3D\" href='https:\/\/mickiewicz.net.pl\/am\/wp-content\/uploads\/2021\/04\/Wizka-5-scaled.jpg'><img decoding=\"async\" width=\"150\" height=\"150\" src=\"https:\/\/mickiewicz.net.pl\/am\/wp-content\/uploads\/2021\/04\/Wizka-5-150x150.jpg\" class=\"attachment-thumbnail size-thumbnail\" alt=\"\" \/><\/a>\n\t\t\t<\/dt><\/dl><dl class='gallery-item'>\n\t\t\t<dt class='gallery-icon landscape'>\n\t\t\t\t<a data-elementor-open-lightbox=\"yes\" data-elementor-lightbox-slideshow=\"80f59c1\" data-elementor-lightbox-title=\"Wizka 1\" data-e-action-hash=\"#elementor-action%3Aaction%3Dlightbox%26settings%3DeyJpZCI6MTYzNSwidXJsIjoiaHR0cHM6XC9cL21pY2tpZXdpY3oubmV0LnBsXC9hbVwvd3AtY29udGVudFwvdXBsb2Fkc1wvMjAyMVwvMDRcL1dpemthLTEtc2NhbGVkLmpwZyIsInNsaWRlc2hvdyI6IjgwZjU5YzEifQ%3D%3D\" href='https:\/\/mickiewicz.net.pl\/am\/wp-content\/uploads\/2021\/04\/Wizka-1-scaled.jpg'><img decoding=\"async\" width=\"150\" height=\"150\" src=\"https:\/\/mickiewicz.net.pl\/am\/wp-content\/uploads\/2021\/04\/Wizka-1-150x150.jpg\" class=\"attachment-thumbnail size-thumbnail\" alt=\"\" \/><\/a>\n\t\t\t<\/dt><\/dl><dl class='gallery-item'>\n\t\t\t<dt class='gallery-icon landscape'>\n\t\t\t\t<a data-elementor-open-lightbox=\"yes\" data-elementor-lightbox-slideshow=\"80f59c1\" data-elementor-lightbox-title=\"Wizka 2\" data-e-action-hash=\"#elementor-action%3Aaction%3Dlightbox%26settings%3DeyJpZCI6MTYzNiwidXJsIjoiaHR0cHM6XC9cL21pY2tpZXdpY3oubmV0LnBsXC9hbVwvd3AtY29udGVudFwvdXBsb2Fkc1wvMjAyMVwvMDRcL1dpemthLTItc2NhbGVkLmpwZyIsInNsaWRlc2hvdyI6IjgwZjU5YzEifQ%3D%3D\" href='https:\/\/mickiewicz.net.pl\/am\/wp-content\/uploads\/2021\/04\/Wizka-2-scaled.jpg'><img decoding=\"async\" width=\"150\" height=\"150\" src=\"https:\/\/mickiewicz.net.pl\/am\/wp-content\/uploads\/2021\/04\/Wizka-2-150x150.jpg\" class=\"attachment-thumbnail size-thumbnail\" alt=\"\" \/><\/a>\n\t\t\t<\/dt><\/dl><dl class='gallery-item'>\n\t\t\t<dt class='gallery-icon landscape'>\n\t\t\t\t<a data-elementor-open-lightbox=\"yes\" data-elementor-lightbox-slideshow=\"80f59c1\" data-elementor-lightbox-title=\"Wizka 4\" data-e-action-hash=\"#elementor-action%3Aaction%3Dlightbox%26settings%3DeyJpZCI6MTYzMywidXJsIjoiaHR0cHM6XC9cL21pY2tpZXdpY3oubmV0LnBsXC9hbVwvd3AtY29udGVudFwvdXBsb2Fkc1wvMjAyMVwvMDRcL1dpemthLTQtc2NhbGVkLmpwZyIsInNsaWRlc2hvdyI6IjgwZjU5YzEifQ%3D%3D\" href='https:\/\/mickiewicz.net.pl\/am\/wp-content\/uploads\/2021\/04\/Wizka-4-scaled.jpg'><img loading=\"lazy\" decoding=\"async\" width=\"150\" height=\"150\" src=\"https:\/\/mickiewicz.net.pl\/am\/wp-content\/uploads\/2021\/04\/Wizka-4-150x150.jpg\" class=\"attachment-thumbnail size-thumbnail\" alt=\"\" \/><\/a>\n\t\t\t<\/dt><\/dl><dl class='gallery-item'>\n\t\t\t<dt class='gallery-icon landscape'>\n\t\t\t\t<a data-elementor-open-lightbox=\"yes\" data-elementor-lightbox-slideshow=\"80f59c1\" data-elementor-lightbox-title=\"Wizka 3\" data-e-action-hash=\"#elementor-action%3Aaction%3Dlightbox%26settings%3DeyJpZCI6MTYzMiwidXJsIjoiaHR0cHM6XC9cL21pY2tpZXdpY3oubmV0LnBsXC9hbVwvd3AtY29udGVudFwvdXBsb2Fkc1wvMjAyMVwvMDRcL1dpemthLTMtc2NhbGVkLmpwZyIsInNsaWRlc2hvdyI6IjgwZjU5YzEifQ%3D%3D\" href='https:\/\/mickiewicz.net.pl\/am\/wp-content\/uploads\/2021\/04\/Wizka-3-scaled.jpg'><img loading=\"lazy\" decoding=\"async\" width=\"150\" height=\"150\" src=\"https:\/\/mickiewicz.net.pl\/am\/wp-content\/uploads\/2021\/04\/Wizka-3-150x150.jpg\" class=\"attachment-thumbnail size-thumbnail\" alt=\"\" \/><\/a>\n\t\t\t<\/dt><\/dl><br style=\"clear: both\" \/>\n\t\t<\/div>\n\t\t<\/div>\n\t\t\t\t\t\t<\/div>\n\t\t\t\t<\/div>\n\t\t\t\t\t<\/div>\n\t\t<\/div>\n\t\t\t\t\t<\/div>\n\t\t<\/section>\n\t\t\t\t<section class=\"elementor-section elementor-top-section elementor-element elementor-element-58d2455b elementor-section-boxed elementor-section-height-default elementor-section-height-default\" data-id=\"58d2455b\" data-element_type=\"section\" data-e-type=\"section\">\n\t\t\t\t\t\t<div class=\"elementor-container elementor-column-gap-default\">\n\t\t\t\t\t<div class=\"elementor-column elementor-col-100 elementor-top-column elementor-element elementor-element-5d82dd2\" data-id=\"5d82dd2\" data-element_type=\"column\" data-e-type=\"column\">\n\t\t\t<div class=\"elementor-widget-wrap elementor-element-populated\">\n\t\t\t\t\t\t<div class=\"elementor-element elementor-element-740a109e elementor-widget elementor-widget-text-editor\" data-id=\"740a109e\" data-element_type=\"widget\" data-e-type=\"widget\" data-widget_type=\"text-editor.default\">\n\t\t\t\t<div class=\"elementor-widget-container\">\n\t\t\t\t\t\t\t\t\t<p><\/p>\n<div>\n<div><span style=\"color: rgb(60, 66, 79); font-family: Muli, sans-serif; font-size: 2.5rem; font-weight: 600;\">Zapytanie z dnia 10.12.2020 r. na dostaw\u0119 artyku\u0142\u00f3w biurowych w 2021 roku<\/span><br><\/div><\/div>\n<p><\/p>\n<p><\/p>\n<ul class=\"wp-block-list\">\n<li><a href=\"\/przetargi\/2020\/artyku\u0142y biurowe\/zapytanie.docx\">Zapytanie<\/a><\/li>\n<li><a href=\"\/przetargi\/2020\/artyku\u0142y biurowe\/za\u0142. nr 1 (formularz cenowy.).docx\">Za\u0142\u0105cznik nr 1 (formularz cenowy)<\/a><\/li>\n<li><a href=\"\/przetargi\/2020\/artyku\u0142y biurowe\/za\u0142. nr 2 umowa.docx\">Za\u0142\u0105cznik nr 2 (wz\u00f3r umowy)<\/a><\/li>\n<li><a href=\"http:\/\/mickiewicz.net.pl\/przetargi\/2020\/artyku\u0142y biurowe\/Informacja o wyborze oferty.docx\" data-wplink-url-error=\"true\">Informacja o wyborze oferty<\/a><\/li>\n<\/ul>\n<p><\/p>\n<p><\/p>\n<h2 class=\"wp-block-heading\">Zapytanie z dnia 10.12.2020 r. na dostaw\u0119 \u015brodk\u00f3w czysto\u015bci w 2021 roku<\/h2>\n<p><\/p>\n<p><\/p>\n<ul class=\"wp-block-list\">\n<li><a href=\"\/przetargi\/2020\/\u015brodki czysto\u015bci\/zapytanie.docx\">Zapytanie<\/a><\/li>\n<li><a href=\"\/przetargi\/2020\/\u015brodki czysto\u015bci\/za\u0142. nr 1.docx\">Za\u0142\u0105cznik nr 1 (formularz cenowy)<\/a><\/li>\n<li><a href=\"\/przetargi\/2020\/\u015brodki czysto\u015bci\/za\u0142. nr 2 umowa.docx\">Za\u0142\u0105cznik nr 2 (wz\u00f3r umowy)<\/a><\/li>\n<li><a href=\"http:\/\/mickiewicz.net.pl\/przetargi\/2020\/%C5%9Brodki%20czysto%C5%9Bci\/Informacja o wyborze oferty.docx\" data-wplink-url-error=\"true\">Informacja o wyborze oferty<\/a><\/li>\n<\/ul>\n<p><\/p>\n<p><\/p>\n<p><\/p>\t\t\t\t\t\t\t\t<\/div>\n\t\t\t\t<\/div>\n\t\t\t\t\t<\/div>\n\t\t<\/div>\n\t\t\t\t\t<\/div>\n\t\t<\/section>\n\t\t\t\t<\/div>\n\t\t","protected":false},"excerpt":{"rendered":"<p>Zapytanie z dnia 10.11.2021 r. na zakup monitor\u00f3w dotykowych (Aktywna tablica) Zapytanie Wz\u00f3r umowy Zapytanie z dnia 19.10.2021 r. na zakup energii elektrycznej \u00a0Zapytanie Zapytanie z dnia 19.04.2021 r. na remont auli w Zespole Szk\u00f3\u0142 nr 1 im. Adama Mickiewicza w Lubli\u0144cu Zapytanie Opis przedmiotu zam\u00f3wienia Za\u0142\u0105cznik nr 1 (formularz ofertowy) Za\u0142\u0105cznik nr 2 (wz\u00f3r&hellip; <br \/> <a class=\"read-more\" href=\"https:\/\/mickiewicz.net.pl\/am\/index.php\/zamowienia-publiczne\/\">Dowiedz si\u0119 wi\u0119cej<\/a><\/p>\n","protected":false},"author":14,"featured_media":0,"parent":0,"menu_order":0,"comment_status":"closed","ping_status":"closed","template":"","meta":{"footnotes":""},"class_list":["post-1083","page","type-page","status-publish","hentry"],"_links":{"self":[{"href":"https:\/\/mickiewicz.net.pl\/am\/index.php\/wp-json\/wp\/v2\/pages\/1083","targetHints":{"allow":["GET"]}}],"collection":[{"href":"https:\/\/mickiewicz.net.pl\/am\/index.php\/wp-json\/wp\/v2\/pages"}],"about":[{"href":"https:\/\/mickiewicz.net.pl\/am\/index.php\/wp-json\/wp\/v2\/types\/page"}],"author":[{"embeddable":true,"href":"https:\/\/mickiewicz.net.pl\/am\/index.php\/wp-json\/wp\/v2\/users\/14"}],"replies":[{"embeddable":true,"href":"https:\/\/mickiewicz.net.pl\/am\/index.php\/wp-json\/wp\/v2\/comments?post=1083"}],"version-history":[{"count":26,"href":"https:\/\/mickiewicz.net.pl\/am\/index.php\/wp-json\/wp\/v2\/pages\/1083\/revisions"}],"predecessor-version":[{"id":2628,"href":"https:\/\/mickiewicz.net.pl\/am\/index.php\/wp-json\/wp\/v2\/pages\/1083\/revisions\/2628"}],"wp:attachment":[{"href":"https:\/\/mickiewicz.net.pl\/am\/index.php\/wp-json\/wp\/v2\/media?parent=1083"}],"curies":[{"name":"wp","href":"https:\/\/api.w.org\/{rel}","templated":true}]}}