{"id":11894,"date":"2024-09-03T16:14:28","date_gmt":"2024-09-03T14:14:28","guid":{"rendered":"https:\/\/mickiewicz.net.pl\/am\/?page_id=11894"},"modified":"2024-12-09T11:06:00","modified_gmt":"2024-12-09T10:06:00","slug":"standardy-ochrony-maloletnich","status":"publish","type":"page","link":"https:\/\/mickiewicz.net.pl\/am\/index.php\/standardy-ochrony-maloletnich\/","title":{"rendered":"Standardy Ochrony Ma\u0142oletnich"},"content":{"rendered":"\t\t<div data-elementor-type=\"wp-page\" data-elementor-id=\"11894\" class=\"elementor elementor-11894\">\n\t\t\t\t\t\t<section class=\"elementor-section elementor-top-section elementor-element elementor-element-0141fde elementor-section-boxed elementor-section-height-default elementor-section-height-default\" data-id=\"0141fde\" data-element_type=\"section\" data-e-type=\"section\">\n\t\t\t\t\t\t<div class=\"elementor-container elementor-column-gap-default\">\n\t\t\t\t\t<div class=\"elementor-column elementor-col-100 elementor-top-column elementor-element elementor-element-a73a589\" data-id=\"a73a589\" data-element_type=\"column\" data-e-type=\"column\">\n\t\t\t<div class=\"elementor-widget-wrap elementor-element-populated\">\n\t\t\t\t\t\t<div class=\"elementor-element elementor-element-9e1d79f elementor-widget elementor-widget-text-editor\" data-id=\"9e1d79f\" data-element_type=\"widget\" data-e-type=\"widget\" data-widget_type=\"text-editor.default\">\n\t\t\t\t<div class=\"elementor-widget-container\">\n\t\t\t\t\t\t\t\t\t<section class=\"elementor-section elementor-top-section elementor-element elementor-element-9122a8a elementor-section-boxed elementor-section-height-default elementor-section-height-default\" style=\"flex-basis: var(--flex-basis); flex-grow: var(--flex-grow); flex-shrink: var(--flex-shrink); order: var(--order); align-self: var(--align-self); --swiper-theme-color: #000; --swiper-navigation-size: 44px; --swiper-pagination-bullet-size: 6px; --swiper-pagination-bullet-horizontal-gap: 6px; --widgets-spacing: 20px 20px; color: #8e9dae; font-family: 'Open Sans', sans-serif;\" data-id=\"9122a8a\" data-element_type=\"section\">\n<div class=\"elementor-container elementor-column-gap-default\">\n<div class=\"elementor-column elementor-col-100 elementor-top-column elementor-element elementor-element-e5f6485\" style=\"flex-basis: var(--flex-basis); flex-grow: var(--flex-grow); flex-shrink: var(--flex-shrink); order: var(--order); align-self: var(--align-self); --swiper-theme-color: #000; --swiper-navigation-size: 44px; --swiper-pagination-bullet-size: 6px; --swiper-pagination-bullet-horizontal-gap: 6px; --widgets-spacing: 20px 20px; width: 1140px;\" data-id=\"e5f6485\" data-element_type=\"column\">\n<div class=\"elementor-widget-wrap elementor-element-populated\" style=\"width: 1140px;\">\n<div class=\"elementor-element elementor-element-54a0d51 elementor-widget elementor-widget-heading\" style=\"flex-basis: var(--flex-basis); flex-grow: var(--flex-grow); flex-shrink: var(--flex-shrink); order: var(--order); align-self: var(--align-self); flex-direction: var(--flex-direction); flex-wrap: var(--flex-wrap); justify-content: var(--justify-content); align-items: var(--align-items); align-content: var(--align-content); gap: var(--gap); --swiper-theme-color: #000; --swiper-navigation-size: 44px; --swiper-pagination-bullet-size: 6px; --swiper-pagination-bullet-horizontal-gap: 6px; --widgets-spacing: 20px 20px; width: 1120px; text-align: center;\" data-id=\"54a0d51\" data-element_type=\"widget\" data-widget_type=\"heading.default\">\n<div class=\"elementor-widget-container\" style=\"transition: background .3s,border .3s,border-radius .3s,box-shadow .3s,transform var(--e-transform-transition-duration,.4s);\">\n<h2 class=\"elementor-heading-title elementor-size-default\" style=\"font-weight: var( --e-global-typography-primary-font-weight ); font-family: var( --e-global-typography-primary-font-family ), Sans-serif;\">Standardy Ochrony Ma\u0142oletnich<\/h2>\n<\/div>\n<\/div>\n<\/div>\n<\/div>\n<\/div>\n<\/section><section class=\"elementor-section elementor-top-section elementor-element elementor-element-39f6332 elementor-section-boxed elementor-section-height-default elementor-section-height-default\" style=\"flex-basis: var(--flex-basis); flex-grow: var(--flex-grow); flex-shrink: var(--flex-shrink); order: var(--order); align-self: var(--align-self); --swiper-theme-color: #000; --swiper-navigation-size: 44px; --swiper-pagination-bullet-size: 6px; --swiper-pagination-bullet-horizontal-gap: 6px; --widgets-spacing: 20px 20px; color: #8e9dae; font-family: 'Open Sans', sans-serif;\" data-id=\"39f6332\" data-element_type=\"section\">\n<div class=\"elementor-container elementor-column-gap-default\">\n<div class=\"elementor-column elementor-col-100 elementor-top-column elementor-element elementor-element-c9a4e21\" style=\"flex-basis: var(--flex-basis); flex-grow: var(--flex-grow); flex-shrink: var(--flex-shrink); order: var(--order); align-self: var(--align-self); --swiper-theme-color: #000; --swiper-navigation-size: 44px; --swiper-pagination-bullet-size: 6px; --swiper-pagination-bullet-horizontal-gap: 6px; --widgets-spacing: 20px 20px; width: 1140px;\" data-id=\"c9a4e21\" data-element_type=\"column\">\n<div class=\"elementor-widget-wrap elementor-element-populated\" style=\"width: 1140px;\">\n<div class=\"elementor-element elementor-element-9113f5e elementor-widget elementor-widget-text-editor\" style=\"flex-basis: var(--flex-basis); flex-grow: var(--flex-grow); flex-shrink: var(--flex-shrink); order: var(--order); align-self: var(--align-self); flex-direction: var(--flex-direction); flex-wrap: var(--flex-wrap); justify-content: var(--justify-content); align-items: var(--align-items); align-content: var(--align-content); gap: var(--gap); --swiper-theme-color: #000; --swiper-navigation-size: 44px; --swiper-pagination-bullet-size: 6px; --swiper-pagination-bullet-horizontal-gap: 6px; --widgets-spacing: 20px 20px; font-family: var( --e-global-typography-text-font-family ), Sans-serif; font-weight: var( --e-global-typography-text-font-weight ); width: 1120px;\" data-id=\"9113f5e\" data-element_type=\"widget\" data-widget_type=\"text-editor.default\">\n<div class=\"elementor-widget-container\" style=\"transition: background .3s,border .3s,border-radius .3s,box-shadow .3s,transform var(--e-transform-transition-duration,.4s);\">\n<ul>\n \t<li><a role=\"link\" href=\"https:\/\/mickiewicz.net.pl\/bip\/index.php\/menu-przedmiotowe\/uchwaly-i-zarzadzenia?task=article.downloadAttachment&amp;id=248&amp;version=417\" target=\"_blank\" rel=\"noopener\">Standardy ochrony ma\u0142oletnich w Zespole Szk\u00f3\u0142 nr 1 im. Adama Mickiewicza w Lubli\u0144cu<\/a>;<\/li>\n \t<li><a role=\"link\" href=\"https:\/\/mickiewicz.net.pl\/bip\/index.php\/menu-przedmiotowe\/uchwaly-i-zarzadzenia?task=article.downloadAttachment&amp;id=249&amp;version=417\" target=\"_blank\" rel=\"noopener\">Zasady bezpiecznych relacji personel-ucze\u0144 i ucze\u0144-ucze\u0144 w Zespole Szk\u00f3\u0142 nr 1 im. Adama Mickiewicza w Lubli\u0144cu<\/a>;<\/li>\n \t<li><a role=\"link\" href=\"https:\/\/mickiewicz.net.pl\/bip\/index.php\/menu-przedmiotowe\/uchwaly-i-zarzadzenia?task=article.downloadAttachment&amp;id=250&amp;version=417\" target=\"_blank\" rel=\"noopener\">Zasady bezpiecznej rekrutacji personelu w Zespole Szk\u00f3\u0142 nr 1 im. Adama Mickiewicza w Lubli\u0144cu<\/a>;<\/li>\n \t<li><a role=\"link\" href=\"https:\/\/mickiewicz.net.pl\/bip\/index.php\/menu-przedmiotowe\/uchwaly-i-zarzadzenia?task=article.downloadAttachment&amp;id=251&amp;version=417\" target=\"_blank\" rel=\"noopener\">Opis sposobu realizacji procedury \u201eNiebieskie Karty\u201d w Zespole Szk\u00f3\u0142 nr 1 im. Adama Mickiewicza w Lubli\u0144cu<\/a>;<\/li>\n \t<li><a role=\"link\" href=\"https:\/\/mickiewicz.net.pl\/bip\/index.php\/menu-przedmiotowe\/uchwaly-i-zarzadzenia?task=article.downloadAttachment&amp;id=252&amp;version=417\" target=\"_blank\" rel=\"noopener\">Wz\u00f3r Karty interwencji<\/a>;<\/li>\n \t<li><a role=\"link\" href=\"https:\/\/mickiewicz.net.pl\/bip\/index.php\/menu-przedmiotowe\/uchwaly-i-zarzadzenia?task=article.downloadAttachment&amp;id=253&amp;version=417\" target=\"_blank\" rel=\"noopener\">Wytyczne dotycz\u0105ce zasad publikacji wizerunku ma\u0142oletniego<\/a>;<\/li>\n \t<li><a role=\"link\" href=\"https:\/\/mickiewicz.net.pl\/bip\/index.php\/menu-przedmiotowe\/uchwaly-i-zarzadzenia?task=article.downloadAttachment&amp;id=254&amp;version=417\" target=\"_blank\" rel=\"noopener\">Zasady bezpiecznego korzystania z Internetu i medi\u00f3w elektronicznych<\/a>;<\/li>\n \t<li><a role=\"link\" href=\"https:\/\/mickiewicz.net.pl\/bip\/index.php\/menu-przedmiotowe\/uchwaly-i-zarzadzenia?task=article.downloadAttachment&amp;id=255&amp;version=417\" target=\"_blank\" rel=\"noopener\">Ankieta<\/a>.<\/li>\n<\/ul>\n<div><\/div>\n<ul>\n \t<li><a role=\"link\" href=\"https:\/\/www.mickiewicz.net.pl\/procedury_bezpieczenstwa\/wersja skrocona dla maloletnich.pdf\"><strong>Standardy ochrony ma\u0142oletnich \u2013 wersja skr\u00f3cona (dla ma\u0142oletnich)<\/strong><\/a><\/li>\n<\/ul>\n<\/div>\n<\/div>\n<\/div>\n<\/div>\n<\/div>\n<\/section>\t\t\t\t\t\t\t\t<\/div>\n\t\t\t\t<\/div>\n\t\t\t\t\t<\/div>\n\t\t<\/div>\n\t\t\t\t\t<\/div>\n\t\t<\/section>\n\t\t\t\t<\/div>\n\t\t","protected":false},"excerpt":{"rendered":"<p>Standardy Ochrony Ma\u0142oletnich Standardy ochrony ma\u0142oletnich w Zespole Szk\u00f3\u0142 nr 1 im. Adama Mickiewicza w Lubli\u0144cu; Zasady bezpiecznych relacji personel-ucze\u0144 i ucze\u0144-ucze\u0144 w Zespole Szk\u00f3\u0142 nr 1 im. Adama Mickiewicza w Lubli\u0144cu; Zasady bezpiecznej rekrutacji personelu w Zespole Szk\u00f3\u0142 nr 1 im. Adama Mickiewicza w Lubli\u0144cu; Opis sposobu realizacji procedury \u201eNiebieskie Karty\u201d w Zespole Szk\u00f3\u0142&hellip; <br \/> <a class=\"read-more\" href=\"https:\/\/mickiewicz.net.pl\/am\/index.php\/standardy-ochrony-maloletnich\/\">Dowiedz si\u0119 wi\u0119cej<\/a><\/p>\n","protected":false},"author":14,"featured_media":0,"parent":0,"menu_order":0,"comment_status":"closed","ping_status":"closed","template":"","meta":{"footnotes":""},"class_list":["post-11894","page","type-page","status-publish","hentry"],"_links":{"self":[{"href":"https:\/\/mickiewicz.net.pl\/am\/index.php\/wp-json\/wp\/v2\/pages\/11894","targetHints":{"allow":["GET"]}}],"collection":[{"href":"https:\/\/mickiewicz.net.pl\/am\/index.php\/wp-json\/wp\/v2\/pages"}],"about":[{"href":"https:\/\/mickiewicz.net.pl\/am\/index.php\/wp-json\/wp\/v2\/types\/page"}],"author":[{"embeddable":true,"href":"https:\/\/mickiewicz.net.pl\/am\/index.php\/wp-json\/wp\/v2\/users\/14"}],"replies":[{"embeddable":true,"href":"https:\/\/mickiewicz.net.pl\/am\/index.php\/wp-json\/wp\/v2\/comments?post=11894"}],"version-history":[{"count":7,"href":"https:\/\/mickiewicz.net.pl\/am\/index.php\/wp-json\/wp\/v2\/pages\/11894\/revisions"}],"predecessor-version":[{"id":13003,"href":"https:\/\/mickiewicz.net.pl\/am\/index.php\/wp-json\/wp\/v2\/pages\/11894\/revisions\/13003"}],"wp:attachment":[{"href":"https:\/\/mickiewicz.net.pl\/am\/index.php\/wp-json\/wp\/v2\/media?parent=11894"}],"curies":[{"name":"wp","href":"https:\/\/api.w.org\/{rel}","templated":true}]}}