{"id":15847,"date":"2025-12-18T10:28:54","date_gmt":"2025-12-18T09:28:54","guid":{"rendered":"https:\/\/mickiewicz.net.pl\/am\/?page_id=15847"},"modified":"2025-12-18T10:28:54","modified_gmt":"2025-12-18T09:28:54","slug":"regulaminy-konkursow","status":"publish","type":"page","link":"https:\/\/mickiewicz.net.pl\/am\/index.php\/regulaminy-konkursow\/","title":{"rendered":"Regulaminy konkurs\u00f3w"},"content":{"rendered":"\n<p><a href=\"http:\/\/mickiewicz.net.pl\/\/szkola\/2025_26\/konkursy\/regulamin-3-powiatowego-konkursu-matematycznego-dla-sp.docx\">Regulamin 3 Powiatowego Konkursu Matematycznego dla uczni\u00f3w szk\u00f3\u0142 podstawowych.docx<\/a><br><a href=\"http:\/\/www.mickiewicz.net.pl\/szkola\/2025_26\/konkursy\/regulamin-3-powiatowego-konkursu-matematycznego-dla-sp.pdf\">Regulamin 3 Powiatowego Konkursu Matematycznego dla uczni\u00f3w szk\u00f3\u0142 podstawowych.pdf<\/a><\/p>\n\n\n\n<p><\/p>\n","protected":false},"excerpt":{"rendered":"<p>Regulamin 3 Powiatowego Konkursu Matematycznego dla uczni\u00f3w szk\u00f3\u0142 podstawowych.docxRegulamin 3 Powiatowego Konkursu Matematycznego dla uczni\u00f3w szk\u00f3\u0142 podstawowych.pdf<\/p>\n","protected":false},"author":6,"featured_media":0,"parent":0,"menu_order":0,"comment_status":"closed","ping_status":"closed","template":"","meta":{"footnotes":""},"class_list":["post-15847","page","type-page","status-publish","hentry"],"_links":{"self":[{"href":"https:\/\/mickiewicz.net.pl\/am\/index.php\/wp-json\/wp\/v2\/pages\/15847","targetHints":{"allow":["GET"]}}],"collection":[{"href":"https:\/\/mickiewicz.net.pl\/am\/index.php\/wp-json\/wp\/v2\/pages"}],"about":[{"href":"https:\/\/mickiewicz.net.pl\/am\/index.php\/wp-json\/wp\/v2\/types\/page"}],"author":[{"embeddable":true,"href":"https:\/\/mickiewicz.net.pl\/am\/index.php\/wp-json\/wp\/v2\/users\/6"}],"replies":[{"embeddable":true,"href":"https:\/\/mickiewicz.net.pl\/am\/index.php\/wp-json\/wp\/v2\/comments?post=15847"}],"version-history":[{"count":1,"href":"https:\/\/mickiewicz.net.pl\/am\/index.php\/wp-json\/wp\/v2\/pages\/15847\/revisions"}],"predecessor-version":[{"id":15848,"href":"https:\/\/mickiewicz.net.pl\/am\/index.php\/wp-json\/wp\/v2\/pages\/15847\/revisions\/15848"}],"wp:attachment":[{"href":"https:\/\/mickiewicz.net.pl\/am\/index.php\/wp-json\/wp\/v2\/media?parent=15847"}],"curies":[{"name":"wp","href":"https:\/\/api.w.org\/{rel}","templated":true}]}}