{"id":16766,"date":"2026-03-17T23:18:24","date_gmt":"2026-03-17T22:18:24","guid":{"rendered":"https:\/\/mickiewicz.net.pl\/am\/?page_id=16766"},"modified":"2026-03-17T23:28:20","modified_gmt":"2026-03-17T22:28:20","slug":"harmonogram-roku-szkolnego","status":"publish","type":"page","link":"https:\/\/mickiewicz.net.pl\/am\/index.php\/harmonogram-roku-szkolnego\/","title":{"rendered":"Harmonogram roku szkolnego"},"content":{"rendered":"\n<div class=\"mickiewicz-kalendarz-kolorowy\">\n    <style>\n        .mickiewicz-kalendarz-kolorowy {\n            margin: 30px 0;\n            font-family: 'Open Sans', Arial, sans-serif;\n            overflow-x: auto;\n        }\n        .kalendarz-table-final {\n            width: 100%;\n            border-collapse: collapse;\n            background-color: #ffffff;\n            border: 1px solid #ddd;\n        }\n        .kalendarz-table-final th {\n            background-color: #6b2d5c !important; \/* Jagodowy nag\u0142\u00f3wek *\/\n            color: #ffffff;\n            padding: 15px;\n            text-align: center;\n            font-size: 16px;\n        }\n        .kalendarz-table-final td {\n            padding: 12px 15px;\n            border: 1px solid #ddd;\n            font-size: 15px;\n            vertical-align: middle;\n        }\n        \/* Style kolorystyczne dla wierszy *\/\n        .event-black { color: #000000; font-weight: 500; } \/* Wydarzenia szkolne *\/\n        .event-red { color: #cc0000; font-weight: bold; }   \/* Dni wolne \/ \u015awi\u0119ta *\/\n        .event-green { color: #008000; font-weight: bold; } \/* Przerwy \/ Ferie *\/\n        \n        .data-cell { font-weight: bold; width: 35%; }\n    <\/style>\n\n    <table class=\"kalendarz-table-final\">\n        <thead>\n            <tr>\n                <th>Termin<\/th>\n                <th>Wydarzenie<\/th>\n            <\/tr>\n        <\/thead>\n        <tbody>\n            <tr class=\"event-black\"><td class=\"data-cell\">01.09.2025 r.<\/td><td>Rozpocz\u0119cie zaj\u0119\u0107<\/td><\/tr>\n            <tr class=\"event-red\"><td class=\"data-cell\">13.10.2025 r.<\/td><td>Dzie\u0144 wolny od zaj\u0119\u0107 dydaktycznych<\/td><\/tr>\n            <tr class=\"event-red\"><td class=\"data-cell\">14.10.2025 r.<\/td><td>Dzie\u0144 Edukacji Narodowej (wolny od zaj\u0119\u0107)<\/td><\/tr>\n            <tr class=\"event-red\"><td class=\"data-cell\">01.11.2025 r.<\/td><td>\u015awi\u0119to Wszystkich \u015awi\u0119tych<\/td><\/tr>\n            <tr class=\"event-red\"><td class=\"data-cell\">10.11.2025 r.<\/td><td>Dzie\u0144 wolny od zaj\u0119\u0107 dydaktycznych<\/td><\/tr>\n            <tr class=\"event-red\"><td class=\"data-cell\">11.11.2025 r.<\/td><td>Narodowe \u015awi\u0119to Niepodleg\u0142o\u015bci<\/td><\/tr>\n            <tr class=\"event-black\"><td class=\"data-cell\">19.12.2025 r.<\/td><td>Spotkania \u015bwi\u0105teczne (wolny od zaj\u0119\u0107)<\/td><\/tr>\n            <tr class=\"event-green\"><td class=\"data-cell\">22.12 \u2013 31.12.2025 r.<\/td><td>Zimowa przerwa \u015bwi\u0105teczna<\/td><\/tr>\n            <tr class=\"event-red\"><td class=\"data-cell\">01.01.2026 r.<\/td><td>Nowy Rok<\/td><\/tr>\n            <tr class=\"event-red\"><td class=\"data-cell\">02.01.2026 r.<\/td><td>Dzie\u0144 wolny od zaj\u0119\u0107 dydaktycznych<\/td><\/tr>\n            <tr class=\"event-red\"><td class=\"data-cell\">06.01.2026 r.<\/td><td>Uroczysto\u015b\u0107 Objawienia Pa\u0144skiego<\/td><\/tr>\n            <tr class=\"event-green\"><td class=\"data-cell\">16.02 \u2013 01.03.2026 r.<\/td><td>Ferie zimowe<\/td><\/tr>\n            <tr class=\"event-black\"><td class=\"data-cell\">30.03 \u2013 01.04.2026 r.<\/td><td>Rekolekcje Wielkopostne<\/td><\/tr>\n            <tr class=\"event-green\"><td class=\"data-cell\">02.04 \u2013 07.04.2026 r.<\/td><td>Wiosenna przerwa \u015bwi\u0105teczna<\/td><\/tr>\n            <tr class=\"event-black\"><td class=\"data-cell\">24.04.2026 r.<\/td><td>Zako\u0144czenie szko\u0142y klas maturalnych<\/td><\/tr>\n            <tr class=\"event-red\"><td class=\"data-cell\">01.05.2026 r.<\/td><td>Mi\u0119dzynarodowe \u015awi\u0119to Pracy<\/td><\/tr>\n            <tr class=\"event-red\"><td class=\"data-cell\">03.05.2026 r.<\/td><td>\u015awi\u0119to Narodowe Trzeciego Maja<\/td><\/tr>\n            <tr class=\"event-red\"><td class=\"data-cell\">04.05 \u2013 08.05.2026 r.<\/td><td>Dni wolne od zaj\u0119\u0107 (matury)<\/td><\/tr>\n            <tr class=\"event-red\"><td class=\"data-cell\">04.06.2026 r.<\/td><td>Bo\u017ce Cia\u0142o<\/td><\/tr>\n            <tr class=\"event-red\"><td class=\"data-cell\">05.06.2026 r.<\/td><td>Dzie\u0144 wolny od zaj\u0119\u0107 dydaktycznych<\/td><\/tr>\n            <tr class=\"event-black\"><td class=\"data-cell\">26.06.2026 r.<\/td><td>Zako\u0144czenie zaj\u0119\u0107 dydaktycznych<\/td><\/tr>\n        <\/tbody>\n    <\/table>\n<\/div>\n","protected":false},"excerpt":{"rendered":"<p>Termin Wydarzenie 01.09.2025 r. Rozpocz\u0119cie zaj\u0119\u0107 13.10.2025 r. Dzie\u0144 wolny od zaj\u0119\u0107 dydaktycznych 14.10.2025 r. Dzie\u0144 Edukacji Narodowej (wolny od zaj\u0119\u0107) 01.11.2025 r. \u015awi\u0119to Wszystkich \u015awi\u0119tych 10.11.2025 r. Dzie\u0144 wolny od zaj\u0119\u0107 dydaktycznych 11.11.2025 r. Narodowe \u015awi\u0119to Niepodleg\u0142o\u015bci 19.12.2025 r. Spotkania \u015bwi\u0105teczne (wolny od zaj\u0119\u0107) 22.12 \u2013 31.12.2025 r. Zimowa przerwa \u015bwi\u0105teczna 01.01.2026 r. Nowy&hellip; <br \/> <a class=\"read-more\" href=\"https:\/\/mickiewicz.net.pl\/am\/index.php\/harmonogram-roku-szkolnego\/\">Dowiedz si\u0119 wi\u0119cej<\/a><\/p>\n","protected":false},"author":6,"featured_media":0,"parent":0,"menu_order":0,"comment_status":"closed","ping_status":"closed","template":"","meta":{"footnotes":""},"class_list":["post-16766","page","type-page","status-publish","hentry"],"_links":{"self":[{"href":"https:\/\/mickiewicz.net.pl\/am\/index.php\/wp-json\/wp\/v2\/pages\/16766","targetHints":{"allow":["GET"]}}],"collection":[{"href":"https:\/\/mickiewicz.net.pl\/am\/index.php\/wp-json\/wp\/v2\/pages"}],"about":[{"href":"https:\/\/mickiewicz.net.pl\/am\/index.php\/wp-json\/wp\/v2\/types\/page"}],"author":[{"embeddable":true,"href":"https:\/\/mickiewicz.net.pl\/am\/index.php\/wp-json\/wp\/v2\/users\/6"}],"replies":[{"embeddable":true,"href":"https:\/\/mickiewicz.net.pl\/am\/index.php\/wp-json\/wp\/v2\/comments?post=16766"}],"version-history":[{"count":2,"href":"https:\/\/mickiewicz.net.pl\/am\/index.php\/wp-json\/wp\/v2\/pages\/16766\/revisions"}],"predecessor-version":[{"id":16770,"href":"https:\/\/mickiewicz.net.pl\/am\/index.php\/wp-json\/wp\/v2\/pages\/16766\/revisions\/16770"}],"wp:attachment":[{"href":"https:\/\/mickiewicz.net.pl\/am\/index.php\/wp-json\/wp\/v2\/media?parent=16766"}],"curies":[{"name":"wp","href":"https:\/\/api.w.org\/{rel}","templated":true}]}}