{"id":2025,"date":"2021-08-24T21:42:48","date_gmt":"2021-08-24T19:42:48","guid":{"rendered":"http:\/\/mickiewicz.net.pl\/am\/?page_id=2025"},"modified":"2024-09-03T16:19:05","modified_gmt":"2024-09-03T14:19:05","slug":"bezpieczna-szkola","status":"publish","type":"page","link":"https:\/\/mickiewicz.net.pl\/am\/index.php\/bezpieczna-szkola\/","title":{"rendered":"Bezpieczna Szko\u0142a"},"content":{"rendered":"\t\t<div data-elementor-type=\"wp-page\" data-elementor-id=\"2025\" class=\"elementor elementor-2025\">\n\t\t\t\t\t\t<section class=\"elementor-section elementor-top-section elementor-element elementor-element-8ad4ee9 elementor-section-boxed elementor-section-height-default elementor-section-height-default\" data-id=\"8ad4ee9\" data-element_type=\"section\" data-e-type=\"section\">\n\t\t\t\t\t\t<div class=\"elementor-container elementor-column-gap-default\">\n\t\t\t\t\t<div class=\"elementor-column elementor-col-100 elementor-top-column elementor-element elementor-element-f4edd0b\" data-id=\"f4edd0b\" data-element_type=\"column\" data-e-type=\"column\">\n\t\t\t<div class=\"elementor-widget-wrap elementor-element-populated\">\n\t\t\t\t\t\t<div class=\"elementor-element elementor-element-6bdd1e4 elementor-widget elementor-widget-heading\" data-id=\"6bdd1e4\" data-element_type=\"widget\" data-e-type=\"widget\" data-widget_type=\"heading.default\">\n\t\t\t\t<div class=\"elementor-widget-container\">\n\t\t\t\t\t<h2 class=\"elementor-heading-title elementor-size-default\">Procedury reagowania w przypadku wyst\u0105pienia wewn\u0119trznych i zewn\u0119trznych zagro\u017ce\u0144 fizycznych<\/h2>\t\t\t\t<\/div>\n\t\t\t\t<\/div>\n\t\t\t\t\t<\/div>\n\t\t<\/div>\n\t\t\t\t\t<\/div>\n\t\t<\/section>\n\t\t\t\t<section class=\"elementor-section elementor-top-section elementor-element elementor-element-112cd54 elementor-section-boxed elementor-section-height-default elementor-section-height-default\" data-id=\"112cd54\" data-element_type=\"section\" data-e-type=\"section\">\n\t\t\t\t\t\t<div class=\"elementor-container elementor-column-gap-default\">\n\t\t\t\t\t<div class=\"elementor-column elementor-col-100 elementor-top-column elementor-element elementor-element-a38c35e\" data-id=\"a38c35e\" data-element_type=\"column\" data-e-type=\"column\">\n\t\t\t<div class=\"elementor-widget-wrap elementor-element-populated\">\n\t\t\t\t\t\t<div class=\"elementor-element elementor-element-1da19d5 elementor-widget elementor-widget-heading\" data-id=\"1da19d5\" data-element_type=\"widget\" data-e-type=\"widget\" data-widget_type=\"heading.default\">\n\t\t\t\t<div class=\"elementor-widget-container\">\n\t\t\t\t\t<h3 class=\"elementor-heading-title elementor-size-default\">Zagro\u017cenia zewn\u0119trzne<\/h3>\t\t\t\t<\/div>\n\t\t\t\t<\/div>\n\t\t\t\t\t<\/div>\n\t\t<\/div>\n\t\t\t\t\t<\/div>\n\t\t<\/section>\n\t\t\t\t<section class=\"elementor-section elementor-top-section elementor-element elementor-element-80d5207 elementor-section-boxed elementor-section-height-default elementor-section-height-default\" data-id=\"80d5207\" data-element_type=\"section\" data-e-type=\"section\">\n\t\t\t\t\t\t<div class=\"elementor-container elementor-column-gap-default\">\n\t\t\t\t\t<div class=\"elementor-column elementor-col-100 elementor-top-column elementor-element elementor-element-da0d8a8\" data-id=\"da0d8a8\" data-element_type=\"column\" data-e-type=\"column\">\n\t\t\t<div class=\"elementor-widget-wrap elementor-element-populated\">\n\t\t\t\t\t\t<div class=\"elementor-element elementor-element-6aa5326 elementor-widget elementor-widget-text-editor\" data-id=\"6aa5326\" data-element_type=\"widget\" data-e-type=\"widget\" data-widget_type=\"text-editor.default\">\n\t\t\t\t<div class=\"elementor-widget-container\">\n\t\t\t\t\t\t\t\t\t<ul><li style=\"font-weight: 400;\"><a href=\"https:\/\/www.mickiewicz.net.pl\/procedury_bezpieczenstwa\/1\/1.1.Ewakuacja.pdf\">Ewakuacja w trakcie lekcji i przerwy \u2013 zasady post\u0119powania po og\u0142oszeniu alarmu<\/a><\/li><li style=\"font-weight: 400;\"><a href=\"https:\/\/www.mickiewicz.net.pl\/procedury_bezpieczenstwa\/1\/1.2.Wtargniecie.pdf\">Wtargni\u0119cie napastnika (terrorysty) do szko\u0142y<\/a><\/li><li style=\"font-weight: 400;\"><a href=\"https:\/\/www.mickiewicz.net.pl\/procedury_bezpieczenstwa\/1\/1.3.Podlozenie_ladunku.pdf\">Pod\u0142o\u017cenie \u0142adunku wybuchowego<\/a><\/li><li style=\"font-weight: 400;\"><a href=\"https:\/\/www.mickiewicz.net.pl\/procedury_bezpieczenstwa\/1\/1.4.Podlozenie_pakunku.pdf\">Pod\u0142o\u017cenie podejrzanego pakunku<\/a><\/li><li style=\"font-weight: 400;\"><a href=\"https:\/\/www.mickiewicz.net.pl\/procedury_bezpieczenstwa\/1\/1.5.Wypadek_skazenia.pdf\">Wypadek ska\u017cenia chemicznego lub biologicznego szko\u0142y<\/a><\/li><li style=\"font-weight: 400;\"><a href=\"https:\/\/www.mickiewicz.net.pl\/procedury_bezpieczenstwa\/1\/SKAZENIE.pdf\">&#8211; Ska\u017cenie szko\u0142y<\/a><\/li><li style=\"font-weight: 400;\"><a href=\"https:\/\/www.mickiewicz.net.pl\/procedury_bezpieczenstwa\/1\/SYTUACJA_1.pdf\">&#8211; Ska\u017cenie szko\u0142y substancj\u0105 chemiczn\u0105\/biologiczn\u0105 &#8211; po szybkim wykryciu zagro\u017cenia<\/a><\/li><li style=\"font-weight: 400;\"><a href=\"https:\/\/www.mickiewicz.net.pl\/procedury_bezpieczenstwa\/1\/SYTUACJA_2.pdf\">&#8211; Ska\u017cenie szko\u0142y substancj\u0105 chemiczn\u0105\/biologiczn\u0105 &#8211; po p\u00f3\u017anym wykryciu zagro\u017cenia<\/a><\/li><\/ul>\t\t\t\t\t\t\t\t<\/div>\n\t\t\t\t<\/div>\n\t\t\t\t\t<\/div>\n\t\t<\/div>\n\t\t\t\t\t<\/div>\n\t\t<\/section>\n\t\t\t\t<section class=\"elementor-section elementor-top-section elementor-element elementor-element-a3e5222 elementor-section-boxed elementor-section-height-default elementor-section-height-default\" data-id=\"a3e5222\" data-element_type=\"section\" data-e-type=\"section\">\n\t\t\t\t\t\t<div class=\"elementor-container elementor-column-gap-default\">\n\t\t\t\t\t<div class=\"elementor-column elementor-col-100 elementor-top-column elementor-element elementor-element-ffb9d46\" data-id=\"ffb9d46\" data-element_type=\"column\" data-e-type=\"column\">\n\t\t\t<div class=\"elementor-widget-wrap elementor-element-populated\">\n\t\t\t\t\t\t<div class=\"elementor-element elementor-element-7828d64 elementor-widget elementor-widget-heading\" data-id=\"7828d64\" data-element_type=\"widget\" data-e-type=\"widget\" data-widget_type=\"heading.default\">\n\t\t\t\t<div class=\"elementor-widget-container\">\n\t\t\t\t\t<h3 class=\"elementor-heading-title elementor-size-default\">Zagro\u017cenia wewn\u0119trzne<\/h3>\t\t\t\t<\/div>\n\t\t\t\t<\/div>\n\t\t\t\t\t<\/div>\n\t\t<\/div>\n\t\t\t\t\t<\/div>\n\t\t<\/section>\n\t\t\t\t<section class=\"elementor-section elementor-top-section elementor-element elementor-element-345c096 elementor-section-boxed elementor-section-height-default elementor-section-height-default\" data-id=\"345c096\" data-element_type=\"section\" data-e-type=\"section\">\n\t\t\t\t\t\t<div class=\"elementor-container elementor-column-gap-default\">\n\t\t\t\t\t<div class=\"elementor-column elementor-col-100 elementor-top-column elementor-element elementor-element-163578b\" data-id=\"163578b\" data-element_type=\"column\" data-e-type=\"column\">\n\t\t\t<div class=\"elementor-widget-wrap elementor-element-populated\">\n\t\t\t\t\t\t<div class=\"elementor-element elementor-element-00fc3e4 elementor-widget elementor-widget-text-editor\" data-id=\"00fc3e4\" data-element_type=\"widget\" data-e-type=\"widget\" data-widget_type=\"text-editor.default\">\n\t\t\t\t<div class=\"elementor-widget-container\">\n\t\t\t\t\t\t\t\t\t<ul><li style=\"font-weight: 400;\"><a href=\"https:\/\/www.mickiewicz.net.pl\/procedury_bezpieczenstwa\/2\/2.1.pdf\">Procedura post\u0119powania na wypadek wyst\u0105pienia agresywnych zachowa\u0144 w szkole lub tzw. fali<\/a><\/li><li style=\"font-weight: 400;\"><a href=\"https:\/\/www.mickiewicz.net.pl\/procedury_bezpieczenstwa\/2\/2.2.pdf\">Procedura post\u0119powania na wypadek znalezienia w szkole substancji psychoaktywnych<\/a><\/li><li style=\"font-weight: 400;\"><a href=\"https:\/\/www.mickiewicz.net.pl\/procedury_bezpieczenstwa\/2\/2.3.pdf\">Procedura post\u0119powania na wypadek wyst\u0105pienia kradzie\u017cy lub wymuszenia pieni\u0119dzy lub przedmiot\u00f3w warto\u015bciowych<\/a><\/li><li style=\"font-weight: 400;\"><a href=\"https:\/\/www.mickiewicz.net.pl\/procedury_bezpieczenstwa\/2\/2.4.pdf\">Procedura<strong>\u00a0<\/strong>post\u0119powania na wypadek wyst\u0105pienia przypadk\u00f3w pedofilii szkole<\/a><\/li><li style=\"font-weight: 400;\"><a href=\"https:\/\/www.mickiewicz.net.pl\/procedury_bezpieczenstwa\/2\/2.5.pdf\">Procedura post\u0119powania na wypadek przypadk\u00f3w rozpowszechniania pornografii szkole przez ucznia<\/a><\/li><li style=\"font-weight: 400;\"><a href=\"https:\/\/www.mickiewicz.net.pl\/procedury_bezpieczenstwa\/2\/2.6.pdf\">Procedura post\u0119powania na wypadek wyst\u0105pienia przypadk\u00f3w prostytucji w szkole lub w\u015br\u00f3d uczni\u00f3w<\/a><\/li><li style=\"font-weight: 400;\"><a href=\"https:\/\/www.mickiewicz.net.pl\/procedury_bezpieczenstwa\/2\/2.7.pdf\">Procedura post\u0119powania w sytuacji wyst\u0105pienia przypadk\u00f3w niepokoj\u0105cych zachowa\u0144 seksualnych uczni\u00f3w w szkole<\/a><\/li><li style=\"font-weight: 400;\"><a href=\"https:\/\/www.mickiewicz.net.pl\/procedury_bezpieczenstwa\/2\/2.8.pdf\">Procedura post\u0119powania w sytuacji wypadku ucznia w szkole<\/a><\/li><li style=\"font-weight: 400;\"><a href=\"https:\/\/www.mickiewicz.net.pl\/procedury_bezpieczenstwa\/2\/2.9.pdf\">Procedura post\u0119powania na wypadek pope\u0142nienia przez ucznia czynu karalnego<\/a><\/li><li style=\"font-weight: 400;\"><a href=\"https:\/\/www.mickiewicz.net.pl\/procedury_bezpieczenstwa\/2\/2.10.pdf\">Procedura post\u0119powania na wypadek ucznia b\u0119d\u0105cego ofiar\u0105 czynu karalnego<\/a><\/li><li style=\"font-weight: 400;\"><a href=\"https:\/\/www.mickiewicz.net.pl\/procedury_bezpieczenstwa\/2\/2.11.pdf\">Procedura post\u0119powania w przypadku zamachu samob\u00f3jczego ucznia<\/a><\/li><li><a href=\"https:\/\/www.mickiewicz.net.pl\/procedury_bezpieczenstwa\/2\/2.12.pdf\">Procedura post\u0119powania w przypadku \u017ca\u0142oby po \u015bmierci ucznia (za wyj\u0105tkiem \u015bmierci samob\u00f3jczej)<\/a><\/li><li><a href=\"https:\/\/www.mickiewicz.net.pl\/procedury_bezpieczenstwa\/2\/2.13.pdf\">Procedura post\u0119powania nauczycieli w przypadku konieczno\u015bci zawiadamiania o \u015bmierci ucznia<\/a><\/li><li><a href=\"https:\/\/www.mickiewicz.net.pl\/procedury_bezpieczenstwa\/2\/2.14.pdf\">Procedura powiadamiania o zak\u0142\u00f3ceniu toku lekcji<\/a><\/li><\/ul>\t\t\t\t\t\t\t\t<\/div>\n\t\t\t\t<\/div>\n\t\t\t\t\t<\/div>\n\t\t<\/div>\n\t\t\t\t\t<\/div>\n\t\t<\/section>\n\t\t\t\t<section class=\"elementor-section elementor-top-section elementor-element elementor-element-1bc6b01 elementor-section-boxed elementor-section-height-default elementor-section-height-default\" data-id=\"1bc6b01\" data-element_type=\"section\" data-e-type=\"section\">\n\t\t\t\t\t\t<div class=\"elementor-container elementor-column-gap-default\">\n\t\t\t\t\t<div class=\"elementor-column elementor-col-100 elementor-top-column elementor-element elementor-element-fc6807c\" data-id=\"fc6807c\" data-element_type=\"column\" data-e-type=\"column\">\n\t\t\t<div class=\"elementor-widget-wrap elementor-element-populated\">\n\t\t\t\t\t\t<div class=\"elementor-element elementor-element-dfffb27 elementor-widget elementor-widget-heading\" data-id=\"dfffb27\" data-element_type=\"widget\" data-e-type=\"widget\" data-widget_type=\"heading.default\">\n\t\t\t\t<div class=\"elementor-widget-container\">\n\t\t\t\t\t<h3 class=\"elementor-heading-title elementor-size-default\">Procedury reagowania w przypadku wyst\u0105pienia w szkole zagro\u017ce\u0144 bezpiecze\u0144stwa cyfrowego<\/h3>\t\t\t\t<\/div>\n\t\t\t\t<\/div>\n\t\t\t\t\t<\/div>\n\t\t<\/div>\n\t\t\t\t\t<\/div>\n\t\t<\/section>\n\t\t\t\t<section class=\"elementor-section elementor-top-section elementor-element elementor-element-43edb0c elementor-section-boxed elementor-section-height-default elementor-section-height-default\" data-id=\"43edb0c\" data-element_type=\"section\" data-e-type=\"section\">\n\t\t\t\t\t\t<div class=\"elementor-container elementor-column-gap-default\">\n\t\t\t\t\t<div class=\"elementor-column elementor-col-100 elementor-top-column elementor-element elementor-element-92f8721\" data-id=\"92f8721\" data-element_type=\"column\" data-e-type=\"column\">\n\t\t\t<div class=\"elementor-widget-wrap elementor-element-populated\">\n\t\t\t\t\t\t<div class=\"elementor-element elementor-element-bb4392d elementor-widget elementor-widget-text-editor\" data-id=\"bb4392d\" data-element_type=\"widget\" data-e-type=\"widget\" data-widget_type=\"text-editor.default\">\n\t\t\t\t<div class=\"elementor-widget-container\">\n\t\t\t\t\t\t\t\t\t<ul><li style=\"font-weight: 400;\"><a href=\"https:\/\/www.mickiewicz.net.pl\/procedury_bezpieczenstwa\/3\/3.1.pdf\">Dost\u0119p do tre\u015bci szkodliwych, niepo\u017c\u0105danych, nielegalnych<\/a><\/li><li style=\"font-weight: 400;\"><a href=\"https:\/\/www.mickiewicz.net.pl\/procedury_bezpieczenstwa\/3\/3.2.pdf\">Cyberprzemoc<\/a><\/li><li style=\"font-weight: 400;\"><a href=\"https:\/\/www.mickiewicz.net.pl\/procedury_bezpieczenstwa\/3\/3.3.pdf\">Naruszenia prywatno\u015bci dotycz\u0105ce nieodpowiedniego lub niezgodnego z prawem wykorzystania danych osobowych\u00a0\u00a0lub wizerunku dziecka i pracownika szko\u0142y<\/a><\/li><li style=\"font-weight: 400;\"><a href=\"https:\/\/www.mickiewicz.net.pl\/procedury_bezpieczenstwa\/3\/3.4.pdf\">Zagro\u017cenia dla zdrowia dzieci w zwi\u0105zku z nadmiernym korzystaniem z Internetu<\/a><\/li><li style=\"font-weight: 400;\"><a href=\"https:\/\/www.mickiewicz.net.pl\/procedury_bezpieczenstwa\/3\/3.5.pdf\">Nawi\u0105zywanie niebezpiecznych kontakt\u00f3w w Internecie &#8211; uwodzenie, zagro\u017cenie pedofili\u0105<\/a><\/li><li style=\"font-weight: 400;\"><a href=\"https:\/\/www.mickiewicz.net.pl\/procedury_bezpieczenstwa\/3\/3.6.pdf\">Seksting, prowokacyjne zachowania i aktywno\u015b\u0107 seksualna jako \u017ar\u00f3d\u0142o dochodu os\u00f3b nieletnich<\/a><\/li><li style=\"font-weight: 400;\"><a href=\"https:\/\/www.mickiewicz.net.pl\/procedury_bezpieczenstwa\/3\/3.7.pdf\">Bezkrytyczna wiara w tre\u015bci zamieszczone w Internecie, nieumiej\u0119tno\u015b\u0107 odr\u00f3\u017cnienia tre\u015bci prawdziwych od nieprawdziwych, szkodliwo\u015b\u0107 reklam<\/a><\/li><li style=\"font-weight: 400;\"><a href=\"https:\/\/www.mickiewicz.net.pl\/procedury_bezpieczenstwa\/3\/3.8.pdf\">\u0141amanie prawa autorskiego<\/a><\/li><li style=\"font-weight: 400;\"><a href=\"https:\/\/www.mickiewicz.net.pl\/procedury_bezpieczenstwa\/3\/3.9.pdf\">Zagro\u017cenia bezpiecze\u0144stwa technicznego sieci, komputer\u00f3w i zasob\u00f3w<\/a><\/li><\/ul>\t\t\t\t\t\t\t\t<\/div>\n\t\t\t\t<\/div>\n\t\t\t\t\t<\/div>\n\t\t<\/div>\n\t\t\t\t\t<\/div>\n\t\t<\/section>\n\t\t\t\t<section class=\"elementor-section elementor-top-section elementor-element elementor-element-5a5a8ee elementor-section-boxed elementor-section-height-default elementor-section-height-default\" data-id=\"5a5a8ee\" data-element_type=\"section\" data-e-type=\"section\">\n\t\t\t\t\t\t<div class=\"elementor-container elementor-column-gap-default\">\n\t\t\t\t\t<div class=\"elementor-column elementor-col-100 elementor-top-column elementor-element elementor-element-4f37955\" data-id=\"4f37955\" data-element_type=\"column\" data-e-type=\"column\">\n\t\t\t<div class=\"elementor-widget-wrap elementor-element-populated\">\n\t\t\t\t\t\t<div class=\"elementor-element elementor-element-80c9a72 elementor-widget elementor-widget-heading\" data-id=\"80c9a72\" data-element_type=\"widget\" data-e-type=\"widget\" data-widget_type=\"heading.default\">\n\t\t\t\t<div class=\"elementor-widget-container\">\n\t\t\t\t\t<h3 class=\"elementor-heading-title elementor-size-default\"><a href=\"https:\/\/www.mickiewicz.net.pl\/procedury_bezpieczenstwa\/1\/PROCEDURA_POSTEPOWANIA_Z_UCZNIEM_PRZEWLEKLE_CHORYM.pdf\">Procedura post\u0119powania z uczniem przewlekle chorym<\/a><\/h3>\t\t\t\t<\/div>\n\t\t\t\t<\/div>\n\t\t\t\t\t<\/div>\n\t\t<\/div>\n\t\t\t\t\t<\/div>\n\t\t<\/section>\n\t\t\t\t<\/div>\n\t\t","protected":false},"excerpt":{"rendered":"<p>Procedury reagowania w przypadku wyst\u0105pienia wewn\u0119trznych i zewn\u0119trznych zagro\u017ce\u0144 fizycznych Zagro\u017cenia zewn\u0119trzne Ewakuacja w trakcie lekcji i przerwy \u2013 zasady post\u0119powania po og\u0142oszeniu alarmu Wtargni\u0119cie napastnika (terrorysty) do szko\u0142y Pod\u0142o\u017cenie \u0142adunku wybuchowego Pod\u0142o\u017cenie podejrzanego pakunku Wypadek ska\u017cenia chemicznego lub biologicznego szko\u0142y &#8211; Ska\u017cenie szko\u0142y &#8211; Ska\u017cenie szko\u0142y substancj\u0105 chemiczn\u0105\/biologiczn\u0105 &#8211; po szybkim wykryciu zagro\u017cenia &#8211;&hellip; <br \/> <a class=\"read-more\" href=\"https:\/\/mickiewicz.net.pl\/am\/index.php\/bezpieczna-szkola\/\">Dowiedz si\u0119 wi\u0119cej<\/a><\/p>\n","protected":false},"author":14,"featured_media":0,"parent":0,"menu_order":0,"comment_status":"closed","ping_status":"closed","template":"","meta":{"footnotes":""},"class_list":["post-2025","page","type-page","status-publish","hentry"],"_links":{"self":[{"href":"https:\/\/mickiewicz.net.pl\/am\/index.php\/wp-json\/wp\/v2\/pages\/2025","targetHints":{"allow":["GET"]}}],"collection":[{"href":"https:\/\/mickiewicz.net.pl\/am\/index.php\/wp-json\/wp\/v2\/pages"}],"about":[{"href":"https:\/\/mickiewicz.net.pl\/am\/index.php\/wp-json\/wp\/v2\/types\/page"}],"author":[{"embeddable":true,"href":"https:\/\/mickiewicz.net.pl\/am\/index.php\/wp-json\/wp\/v2\/users\/14"}],"replies":[{"embeddable":true,"href":"https:\/\/mickiewicz.net.pl\/am\/index.php\/wp-json\/wp\/v2\/comments?post=2025"}],"version-history":[{"count":28,"href":"https:\/\/mickiewicz.net.pl\/am\/index.php\/wp-json\/wp\/v2\/pages\/2025\/revisions"}],"predecessor-version":[{"id":11902,"href":"https:\/\/mickiewicz.net.pl\/am\/index.php\/wp-json\/wp\/v2\/pages\/2025\/revisions\/11902"}],"wp:attachment":[{"href":"https:\/\/mickiewicz.net.pl\/am\/index.php\/wp-json\/wp\/v2\/media?parent=2025"}],"curies":[{"name":"wp","href":"https:\/\/api.w.org\/{rel}","templated":true}]}}