{"id":2325,"date":"2021-10-02T09:38:07","date_gmt":"2021-10-02T07:38:07","guid":{"rendered":"http:\/\/mickiewicz.net.pl\/am\/?page_id=2325"},"modified":"2025-09-04T15:46:35","modified_gmt":"2025-09-04T13:46:35","slug":"adresy-mailowe-nauczycieli","status":"publish","type":"page","link":"https:\/\/mickiewicz.net.pl\/am\/index.php\/adresy-mailowe-nauczycieli\/","title":{"rendered":"Adresy mailowe nauczycieli"},"content":{"rendered":"\t\t<div data-elementor-type=\"wp-page\" data-elementor-id=\"2325\" class=\"elementor elementor-2325\">\n\t\t\t\t\t\t<section class=\"elementor-section elementor-top-section elementor-element elementor-element-60a6389 elementor-section-boxed elementor-section-height-default elementor-section-height-default\" data-id=\"60a6389\" data-element_type=\"section\" data-e-type=\"section\">\n\t\t\t\t\t\t<div class=\"elementor-container elementor-column-gap-default\">\n\t\t\t\t\t<div class=\"elementor-column elementor-col-100 elementor-top-column elementor-element elementor-element-6afc701\" data-id=\"6afc701\" data-element_type=\"column\" data-e-type=\"column\">\n\t\t\t<div class=\"elementor-widget-wrap elementor-element-populated\">\n\t\t\t\t\t\t<div class=\"elementor-element elementor-element-698b9b5 elementor-widget elementor-widget-text-editor\" data-id=\"698b9b5\" data-element_type=\"widget\" data-e-type=\"widget\" data-widget_type=\"text-editor.default\">\n\t\t\t\t<div class=\"elementor-widget-container\">\n\t\t\t\t\t\t\t\t\t<table border=\"0\" width=\"499\" cellspacing=\"0\" cellpadding=\"0\">\n<tbody>\n<tr>\n<td valign=\"bottom\" nowrap=\"nowrap\" width=\"177\"><b>Nazwa wy\u015bwietlana<\/b><b><\/b><\/td>\n<td valign=\"bottom\" nowrap=\"nowrap\" width=\"321\"><b>G\u0142\u00f3wna nazwa u\u017cytkownika<\/b><\/td>\n<\/tr>\n\n<tr style=\"height: 14.25pt;\">\n<td valign=\u201ebottom\u201d nowrap=\u201enowrap\u201d>Bartosik Katarzyna [KB]<\/td>\n<td valign=\u201ebottom\u201d nowrap=\u201enowrap\u201d>kbartosik@lomickiewicz.onmicrosoft.com<\/td>\n<\/tr>\n<tr style=\"height: 14.25pt;\">\n<td valign=\u201ebottom\u201d nowrap=\u201enowrap\u201d>Bartoszek Katarzyna [Bt]<\/td>\n<td valign=\u201ebottom\u201d nowrap=\u201enowrap\u201d>kbartoszek@lomickiewicz.onmicrosoft.com<\/td>\n<\/tr>\n<tr style=\"height: 14.25pt;\">\n<td valign=\u201ebottom\u201d nowrap=\u201enowrap\u201d>Biecek Anna [AI]<\/td>\n<td valign=\u201ebottom\u201d nowrap=\u201enowrap\u201d>abiecek@lomickiewicz.onmicrosoft.com<\/td>\n<\/tr>\n<tr>\n<td valign=\u201ebottom\u201d nowrap=\u201enowrap\u201d>Bogacki Micha\u0142 [Bo]<\/td>\n<td valign=\u201ebottom\u201d nowrap=\u201enowrap\u201d>mbogacki1@lomickiewicz.onmicrosoft.com<\/td>\n<\/tr>\n<tr>\n<td valign=\u201ebottom\u201d nowrap=\u201enowrap\u201d>B\u00f6hm Aleksandra [HM]<\/td>\n<td valign=\u201ebottom\u201d nowrap=\u201enowrap\u201d>abohm@lomickiewicz.onmicrosoft.com<\/td>\n<\/tr>\n<tr>\n<td valign=\u201ebottom\u201d nowrap=\u201enowrap\u201d>Brol Les\u0142aw [LB]<\/td>\n<td valign=\u201ebottom\u201d nowrap=\u201enowrap\u201d>lbrol@lomickiewicz.onmicrosoft.com<\/td>\n<\/tr>\n<tr>\n<td valign=\u201ebottom\u201d nowrap=\u201enowrap\u201d>Bugno Katarzyna [Bu]<\/td>\n<td valign=\u201ebottom\u201d nowrap=\u201enowrap\u201d>kbugno@lomickiewicz.onmicrosoft.com<\/td>\n<\/tr>\n<tr>\n<td valign=\u201ebottom\u201d nowrap=\u201enowrap\u201d>By\u0142ak Wojciech [WB]<\/td>\n<td valign=\u201ebottom\u201d nowrap=\u201enowrap\u201d>wbylak@lomickiewicz.onmicrosoft.com<\/td>\n<\/tr>\n<tr>\n<td valign=\u201ebottom\u201d nowrap=\u201enowrap\u201d>Czaja Damian [DC]<\/td>\n<td valign=\u201ebottom\u201d nowrap=\u201enowrap\u201d>dczaja1@lomickiewicz.onmicrosoft.com<\/td>\n<\/tr>\n<tr>\n<td valign=\u201ebottom\u201d nowrap=\u201enowrap\u201d>Czornik Krystyna [KC]<\/td>\n<td valign=\u201ebottom\u201d nowrap=\u201enowrap\u201d>kczornik@lomickiewicz.onmicrosoft.com<\/td>\n<\/tr>\n<tr>\n<td valign=\u201ebottom\u201d nowrap=\u201enowrap\u201d>Dombek Beata [BD]<\/td>\n<td valign=\u201ebottom\u201d nowrap=\u201enowrap\u201d>bdombek@lomickiewicz.onmicrosoft.com<\/td>\n<\/tr>\n<tr>\n<td valign=\u201ebottom\u201d nowrap=\u201enowrap\u201d>Drzewiczak Maciej [MZ]<\/td>\n<td valign=\u201ebottom\u201d nowrap=\u201enowrap\u201d>mdrzewiczak@lomickiewicz.onmicrosoft.com<\/td>\n<\/tr>\n<tr>\n<td valign=\u201ebottom\u201d nowrap=\u201enowrap\u201d>Duda Sandra [DS]<\/td>\n<td valign=\u201ebottom\u201d nowrap=\u201enowrap\u201d>sduda@lomickiewicz.onmicrosoft.com<\/td>\n<\/tr>\n<tr>\n<td valign=\u201ebottom\u201d nowrap=\u201enowrap\u201d>Franciszok Katarzyna [KF]<\/td>\n<td valign=\u201ebottom\u201d nowrap=\u201enowrap\u201d>kfranciszok@lomickiewicz.onmicrosoft.com<\/td>\n<\/tr>\n<tr>\n<td valign=\u201ebottom\u201d nowrap=\u201enowrap\u201d>Ga\u0142ka Iwona [GI]<\/td>\n<td valign=\u201ebottom\u201d nowrap=\u201enowrap\u201d>igalka@lomickiewicz.onmicrosoft.com<\/td>\n<\/tr>\n<tr>\n<td valign=\u201ebottom\u201d nowrap=\u201enowrap\u201d>Gepchard Ewa [EE]<\/td>\n<td valign=\u201ebottom\u201d nowrap=\u201enowrap\u201d>egepchard@lomickiewicz.onmicrosoft.com<\/td>\n<\/tr>\n<tr>\n<td valign=\u201ebottom\u201d nowrap=\u201enowrap\u201d>Grabas Agnieszka [AR]<\/td>\n<td valign=\u201ebottom\u201d nowrap=\u201enowrap\u201d>agrabas1@lomickiewicz.onmicrosoft.com<\/td>\n<\/tr>\n<tr>\n<td valign=\u201ebottom\u201d nowrap=\u201enowrap\u201d>Gromczyk El\u017cbieta [EG]<\/td>\n<td valign=\u201ebottom\u201d nowrap=\u201enowrap\u201d>egromczyk@lomickiewicz.onmicrosoft.com<\/td>\n<\/tr>\n<tr>\n<td valign=\u201ebottom\u201d nowrap=\u201enowrap\u201d>Grze\u015bkowiak Rafa\u0142 [RG]<\/td>\n<td valign=\u201ebottom\u201d nowrap=\u201enowrap\u201d>rgrzeskowiak@lomickiewicz.onmicrosoft.com<\/td>\n<\/tr>\n<tr>\n<td valign=\u201ebottom\u201d nowrap=\u201enowrap\u201d>Hanke Sebastian [SH]<\/td>\n<td valign=\u201ebottom\u201d nowrap=\u201enowrap\u201d>shanke1@lomickiewicz.onmicrosoft.com<\/td>\n<\/tr>\n<tr>\n<td valign=\u201ebottom\u201d nowrap=\u201enowrap\u201d>Jagodzi\u0144ska Roksana [RJ]<\/td>\n<td valign=\u201ebottom\u201d nowrap=\u201enowrap\u201d>rjagodzinska@lomickiewicz.onmicrosoft.com<\/td>\n<\/tr>\n<tr>\n<td valign=\u201ebottom\u201d nowrap=\u201enowrap\u201d>Kaczmarczyk Agata [Gb]<\/td>\n<td valign=\u201ebottom\u201d nowrap=\u201enowrap\u201d>agrabowska1@lomickiewicz.onmicrosoft.com<\/td>\n<\/tr>\n<tr>\n<td valign=\u201ebottom\u201d nowrap=\u201enowrap\u201d>Kania Ma\u0142gorzata [MK]<\/td>\n<td valign=\u201ebottom\u201d nowrap=\u201enowrap\u201d>mkania@lomickiewicz.onmicrosoft.com<\/td>\n<\/tr>\n<tr>\n<td valign=\u201ebottom\u201d nowrap=\u201enowrap\u201d>Kansy Sylwia [Kv]<\/td>\n<td valign=\u201ebottom\u201d nowrap=\u201enowrap\u201d>skansy@lomickiewicz.onmicrosoft.com<\/td>\n<\/tr>\n<tr>\n<td valign=\u201ebottom\u201d nowrap=\u201enowrap\u201d>Klimek Marzanna [Kl]<\/td>\n<td valign=\u201ebottom\u201d nowrap=\u201enowrap\u201d>mklimek@lomickiewicz.onmicrosoft.com<\/td>\n<\/tr>\n<tr>\n<td valign=\u201ebottom\u201d nowrap=\u201enowrap\u201d>Klimowicz Anna [Ko]<\/td>\n<td valign=\u201ebottom\u201d nowrap=\u201enowrap\u201d>aklimowicz@lomickiewicz.onmicrosoft.com<\/td>\n<\/tr>\n<tr>\n<td valign=\u201ebottom\u201d nowrap=\u201enowrap\u201d>Kulik Janina [Jv]<\/td>\n<td valign=\u201ebottom\u201d nowrap=\u201enowrap\u201d>jkulik2@lomickiewicz.onmicrosoft.com<\/td>\n<\/tr>\n<tr>\n<td valign=\u201ebottom\u201d nowrap=\u201enowrap\u201d>Kusztykiewicz Patrycja [PK]<\/td>\n<td valign=\u201ebottom\u201d nowrap=\u201enowrap\u201d>pkusztykiewicz@lomickiewicz.onmicrosoft.com<\/td>\n<\/tr>\n<tr>\n<td valign=\u201ebottom\u201d nowrap=\u201enowrap\u201d>Le\u015bniak Dorota [DL]<\/td>\n<td valign=\u201ebottom\u201d nowrap=\u201enowrap\u201d>dlesniak@lomickiewicz.onmicrosoft.com<\/td>\n<\/tr>\n<tr>\n<td valign=\u201ebottom\u201d nowrap=\u201enowrap\u201d>Maniura Jan [JM]<\/td>\n<td valign=\u201ebottom\u201d nowrap=\u201enowrap\u201d>jmaniura@lomickiewicz.onmicrosoft.com<\/td>\n<\/tr>\n<tr>\n<td valign=\u201ebottom\u201d nowrap=\u201enowrap\u201d>Mateja Anna [AM]<\/td>\n<td valign=\u201ebottom\u201d nowrap=\u201enowrap\u201d>amateja@lomickiewicz.onmicrosoft.com<\/td>\n<\/tr>\n<tr>\n<td valign=\u201ebottom\u201d nowrap=\u201enowrap\u201d>Mro\u017cek Sylwia [SM]<\/td>\n<td valign=\u201ebottom\u201d nowrap=\u201enowrap\u201d>smrozek@lomickiewicz.onmicrosoft.com<\/td>\n<\/tr>\n<tr style=\"height: 15pt;\">\n<td valign=\u201ebottom\u201d nowrap=\u201enowrap\u201d>Musia\u0142 Patrycja<\/td>\n<td valign=\u201ebottom\u201d nowrap=\u201enowrap\u201d>pmusial@lomickiewicz.onmicrosoft.com<\/a><\/td>\n<\/tr>\n<tr>\n<td valign=\u201ebottom\u201d nowrap=\u201enowrap\u201d>Niwergol Dorota [DN]<\/td>\n<td valign=\u201ebottom\u201d nowrap=\u201enowrap\u201d>dniwergol@lomickiewicz.onmicrosoft.com<\/td>\n<\/tr>\n<tr>\n<td valign=\u201ebottom\u201d nowrap=\u201enowrap\u201d>Ochman Cecylia [CO]<\/td>\n<td valign=\u201ebottom\u201d nowrap=\u201enowrap\u201d>cochman@lomickiewicz.onmicrosoft.com<\/td>\n<\/tr>\n<tr>\n<td valign=\u201ebottom\u201d nowrap=\u201enowrap\u201d>Odoj Roman [RO]<\/td>\n<td valign=\u201ebottom\u201d nowrap=\u201enowrap\u201d>rodoj@lomickiewicz.onmicrosoft.com<\/td>\n<\/tr>\n<tr>\n<td valign=\u201ebottom\u201d nowrap=\u201enowrap\u201d>Ostrowska Dorota [Os]<\/td>\n<td valign=\u201ebottom\u201d nowrap=\u201enowrap\u201d>dostrowska@lomickiewicz.onmicrosoft.com<\/td>\n<\/tr>\n<tr>\n<td valign=\u201ebottom\u201d nowrap=\u201enowrap\u201d>O\u017carowski Adam [AO]<\/td>\n<td valign=\u201ebottom\u201d nowrap=\u201enowrap\u201d>aozarowski@lomickiewicz.onmicrosoft.com<\/td>\n<\/tr>\n<tr>\n<td valign=\u201ebottom\u201d nowrap=\u201enowrap\u201d>Panek Dominik [DE]<\/td>\n<td valign=\u201ebottom\u201d nowrap=\u201enowrap\u201d>dpanek@lomickiewicz.onmicrosoft.com<\/td>\n<\/tr>\n<tr>\n<td valign=\u201ebottom\u201d nowrap=\u201enowrap\u201d>Pielok Joanna [PJ]<\/td>\n<td valign=\u201ebottom\u201d nowrap=\u201enowrap\u201d>jpielok1@lomickiewicz.onmicrosoft.com<\/td>\n<\/tr>\n<tr>\n<td valign=\u201ebottom\u201d nowrap=\u201enowrap\u201d>Popko Miros\u0142awa [PM]<\/td>\n<td valign=\u201ebottom\u201d nowrap=\u201enowrap\u201d>mpopko@lomickiewicz.onmicrosoft.com<\/td>\n<\/tr>\n<tr>\n<td valign=\u201ebottom\u201d nowrap=\u201enowrap\u201d>Radzioch Ma\u0142gorzata [MR]<\/td>\n<td valign=\u201ebottom\u201d nowrap=\u201enowrap\u201d>mradzioch@lomickiewicz.onmicrosoft.com<\/td>\n<\/tr>\n<tr>\n<td valign=\u201ebottom\u201d nowrap=\u201enowrap\u201d>Rak Kinga [Da]<\/td>\n<td valign=\u201ebottom\u201d nowrap=\u201enowrap\u201d>kdrapacz1@lomickiewicz.onmicrosoft.com<\/td>\n<\/tr>\n<tr>\n<td valign=\u201ebottom\u201d nowrap=\u201enowrap\u201d>Skoczylas Anna [Sc]<\/td>\n<td valign=\u201ebottom\u201d nowrap=\u201enowrap\u201d>askoczylas@lomickiewicz.onmicrosoft.com<\/td>\n<\/tr>\n<tr>\n<td valign=\u201ebottom\u201d nowrap=\u201enowrap\u201d>S\u0142awik Marek [SL]<\/td>\n<td valign=\u201ebottom\u201d nowrap=\u201enowrap\u201d>mslawik@lomickiewicz.onmicrosoft.com<\/td>\n<\/tr>\n<tr>\n<td valign=\u201ebottom\u201d nowrap=\u201enowrap\u201d>Smela Sylwia [Sy]<\/td>\n<td valign=\u201ebottom\u201d nowrap=\u201enowrap\u201d>ssmela@lomickiewicz.onmicrosoft.com<\/td>\n<\/tr>\n<tr>\n<td valign=\u201ebottom\u201d nowrap=\u201enowrap\u201d>Stellmach Agnieszka [St]<\/td>\n<td valign=\u201ebottom\u201d nowrap=\u201enowrap\u201d>astellmach@lomickiewicz.onmicrosoft.com<\/td>\n<\/tr>\n<tr>\n<td valign=\u201ebottom\u201d nowrap=\u201enowrap\u201d>Strzelczyk Adam [AS]<\/td>\n<td valign=\u201ebottom\u201d nowrap=\u201enowrap\u201d>astrzelczyk@lomickiewicz.onmicrosoft.com<\/td>\n<\/tr>\n<tr>\n<td valign=\u201ebottom\u201d nowrap=\u201enowrap\u201d>Sukiennik Emilia [Su]<\/td>\n<td valign=\u201ebottom\u201d nowrap=\u201enowrap\u201d>esukiennik@lomickiewicz.onmicrosoft.com<\/td>\n<\/tr>\n<tr>\n<td valign=\u201ebottom\u201d nowrap=\u201enowrap\u201d>Swoboda Monika [MS]<\/td>\n<td valign=\u201ebottom\u201d nowrap=\u201enowrap\u201d>mswoboda1@lomickiewicz.onmicrosoft.com<\/td>\n<\/tr>\n<tr>\n<td valign=\u201ebottom\u201d nowrap=\u201enowrap\u201d>Szafirowicz-Polok Katarzyna [KS]<\/td>\n<td valign=\u201ebottom\u201d nowrap=\u201enowrap\u201d>kszafirowicz-polok@lomickiewicz.onmicrosoft.com<\/td>\n<\/tr>\n<tr>\n<td valign=\u201ebottom\u201d nowrap=\u201enowrap\u201d>Szafraniec-Bok Alicja [PD]<\/td>\n<td valign=\u201ebottom\u201d nowrap=\u201enowrap\u201d>aszafraniec-bok@lomickiewicz.onmicrosoft.com<\/td>\n<\/tr>\n<tr>\n<td valign=\u201ebottom\u201d nowrap=\u201enowrap\u201d>Sza\u0142kowska Ewa [ES]<\/td>\n<td valign=\u201ebottom\u201d nowrap=\u201enowrap\u201d>esza\u0142kowska@lomickiewicz.onmicrosoft.com<\/td>\n<\/tr>\n<tr>\n<td valign=\u201ebottom\u201d nowrap=\u201enowrap\u201d>Szczepa\u0144ski Bogdan [BS]<\/td>\n<td valign=\u201ebottom\u201d nowrap=\u201enowrap\u201d>bszczepanski@lomickiewicz.onmicrosoft.com<\/td>\n<\/tr>\n<tr>\n<td valign=\u201ebottom\u201d nowrap=\u201enowrap\u201d>Szokalska Aleksandra [Sz]<\/td>\n<td valign=\u201ebottom\u201d nowrap=\u201enowrap\u201d>aszokalska@lomickiewicz.onmicrosoft.com<\/td>\n<\/tr>\n<tr>\n<td valign=\u201ebottom\u201d nowrap=\u201enowrap\u201d>\u015awiderski Ernest [E\u015a]<\/td>\n<td valign=\u201ebottom\u201d nowrap=\u201enowrap\u201d>eswiderski@lomickiewicz.onmicrosoft.com<\/td>\n<\/tr>\n<tr>\n<td valign=\u201ebottom\u201d nowrap=\u201enowrap\u201d>Thomas-Wato\u0142a Sabina [SW]<\/td>\n<td valign=\u201ebottom\u201d nowrap=\u201enowrap\u201d>sthomas-watola@lomickiewicz.onmicrosoft.com<\/td>\n<\/tr>\n<tr>\n<td valign=\u201ebottom\u201d nowrap=\u201enowrap\u201d>Wachowski Tomasz [WT]<\/td>\n<td valign=\u201ebottom\u201d nowrap=\u201enowrap\u201d>twachowski@lomickiewicz.onmicrosoft.com<\/td>\n<\/tr>\n<tr>\n<td valign=\u201ebottom\u201d nowrap=\u201enowrap\u201d>Wawro\u015b Aleksandra [Wa]<\/td>\n<td valign=\u201ebottom\u201d nowrap=\u201enowrap\u201d>awawros1@lomickiewicz.onmicrosoft.com<\/td>\n<\/tr>\n<tr>\n<td valign=\u201ebottom\u201d nowrap=\u201enowrap\u201d>Wieczorek Joanna [JW]<\/td>\n<td valign=\u201ebottom\u201d nowrap=\u201enowrap\u201d>jwieczorek1@lomickiewicz.onmicrosoft.com<\/td>\n<\/tr>\n<tr>\n<td valign=\u201ebottom\u201d nowrap=\u201enowrap\u201d>W\u0142odarczyk Damian [DW]<\/td>\n<td valign=\u201ebottom\u201d nowrap=\u201enowrap\u201d>dwlodarczyk@lomickiewicz.onmicrosoft.com<\/td>\n<\/tr>\n<tr>\n<td valign=\u201ebottom\u201d nowrap=\u201enowrap\u201d>Wolska Sylwia [WK]<\/td>\n<td valign=\u201ebottom\u201d nowrap=\u201enowrap\u201d>swolska@lomickiewicz.onmicrosoft.com<\/td>\n<\/tr>\n<tr>\n<td valign=\u201ebottom\u201d nowrap=\u201enowrap\u201d>W\u00f3jcik Andrzej [AW]<\/td>\n<td valign=\u201ebottom\u201d nowrap=\u201enowrap\u201d>awojcik@lomickiewicz.onmicrosoft.com<\/td>\n<\/tr>\n<tr>\n<td valign=\u201ebottom\u201d nowrap=\u201enowrap\u201d>Wr\u00f3bel Przemys\u0142aw [PW]<\/td>\n<td valign=\u201ebottom\u201d nowrap=\u201enowrap\u201d>pwrobel@lomickiewicz.onmicrosoft.com<\/td>\n<\/tr>\n<tr>\n<td valign=\u201ebottom\u201d nowrap=\u201enowrap\u201d>Zi\u00f3\u0142ek Sebastian [ZS]<\/td>\n<td valign=\u201ebottom\u201d nowrap=\u201enowrap\u201d>sziolek@lomickiewicz.onmicrosoft.com<\/td>\n<\/tr>\n<tr>\n<td valign=\u201ebottom\u201d nowrap=\u201enowrap\u201d>Zuzel Gabriela [GZ]<\/td>\n<td valign=\u201ebottom\u201d nowrap=\u201enowrap\u201d>gzuzel@lomickiewicz.onmicrosoft.com<\/td>\n<\/tr>\n<\/tbody>\n<\/table>\n\t\t\t\t\t\t\t\t<\/div>\n\t\t\t\t<\/div>\n\t\t\t\t\t<\/div>\n\t\t<\/div>\n\t\t\t\t\t<\/div>\n\t\t<\/section>\n\t\t\t\t<\/div>\n\t\t","protected":false},"excerpt":{"rendered":"<p>Nazwa wy\u015bwietlana G\u0142\u00f3wna nazwa u\u017cytkownika Bartosik Katarzyna [KB] kbartosik@lomickiewicz.onmicrosoft.com Bartoszek Katarzyna [Bt] kbartoszek@lomickiewicz.onmicrosoft.com Biecek Anna [AI] abiecek@lomickiewicz.onmicrosoft.com Bogacki Micha\u0142 [Bo] mbogacki1@lomickiewicz.onmicrosoft.com B\u00f6hm Aleksandra [HM] abohm@lomickiewicz.onmicrosoft.com Brol Les\u0142aw [LB] lbrol@lomickiewicz.onmicrosoft.com Bugno Katarzyna [Bu] kbugno@lomickiewicz.onmicrosoft.com By\u0142ak Wojciech [WB] wbylak@lomickiewicz.onmicrosoft.com Czaja Damian [DC] dczaja1@lomickiewicz.onmicrosoft.com Czornik Krystyna [KC] kczornik@lomickiewicz.onmicrosoft.com Dombek Beata [BD] bdombek@lomickiewicz.onmicrosoft.com Drzewiczak Maciej [MZ] mdrzewiczak@lomickiewicz.onmicrosoft.com Duda Sandra&hellip; <br \/> <a class=\"read-more\" href=\"https:\/\/mickiewicz.net.pl\/am\/index.php\/adresy-mailowe-nauczycieli\/\">Dowiedz si\u0119 wi\u0119cej<\/a><\/p>\n","protected":false},"author":14,"featured_media":0,"parent":0,"menu_order":0,"comment_status":"closed","ping_status":"closed","template":"","meta":{"footnotes":""},"class_list":["post-2325","page","type-page","status-publish","hentry"],"_links":{"self":[{"href":"https:\/\/mickiewicz.net.pl\/am\/index.php\/wp-json\/wp\/v2\/pages\/2325","targetHints":{"allow":["GET"]}}],"collection":[{"href":"https:\/\/mickiewicz.net.pl\/am\/index.php\/wp-json\/wp\/v2\/pages"}],"about":[{"href":"https:\/\/mickiewicz.net.pl\/am\/index.php\/wp-json\/wp\/v2\/types\/page"}],"author":[{"embeddable":true,"href":"https:\/\/mickiewicz.net.pl\/am\/index.php\/wp-json\/wp\/v2\/users\/14"}],"replies":[{"embeddable":true,"href":"https:\/\/mickiewicz.net.pl\/am\/index.php\/wp-json\/wp\/v2\/comments?post=2325"}],"version-history":[{"count":25,"href":"https:\/\/mickiewicz.net.pl\/am\/index.php\/wp-json\/wp\/v2\/pages\/2325\/revisions"}],"predecessor-version":[{"id":14717,"href":"https:\/\/mickiewicz.net.pl\/am\/index.php\/wp-json\/wp\/v2\/pages\/2325\/revisions\/14717"}],"wp:attachment":[{"href":"https:\/\/mickiewicz.net.pl\/am\/index.php\/wp-json\/wp\/v2\/media?parent=2325"}],"curies":[{"name":"wp","href":"https:\/\/api.w.org\/{rel}","templated":true}]}}