{"id":238,"date":"2020-06-29T13:43:15","date_gmt":"2020-06-29T11:43:15","guid":{"rendered":"http:\/\/mickiewicz.net.pl\/am\/?page_id=238"},"modified":"2026-01-22T11:28:18","modified_gmt":"2026-01-22T10:28:18","slug":"grono-pedagogiczne","status":"publish","type":"page","link":"https:\/\/mickiewicz.net.pl\/am\/index.php\/grono-pedagogiczne\/","title":{"rendered":"Grono Pedagogiczne"},"content":{"rendered":"<h2>Dyrekcja<\/h2>\n<h2>Dyrektor Szko\u0142y:<br \/>\nAdam O\u017carowski<\/h2>\n<h2>Wicedyrektor Szko\u0142y:<br \/>\nKatarzyna Franciszok<\/h2>\n<h2>Wicedyrektor Szko\u0142y:<br \/>\nDorota Niwergol<\/h2>\n<h2>Kierownik szkolenia praktycznego<\/h2>\n<h2>Les\u0142aw Brol<\/h2>\n<h2>J\u0119zyk polski<\/h2>\n<h2>Katarzyna Bartosik<\/h2>\n<h2>Anna Biecek<\/h2>\n<h2>Sylwia Kansy<\/h2>\n<h2>Anna Klimowicz<\/h2>\n<h2>Mariola Kucharczyk<\/h2>\n<h2>Celina Ochman<\/h2>\n<h2>Aleksandra Szokalska<\/h2>\n<h2>J\u0119zyk angielski<\/h2>\n<h2>Katarzyna Bugno<\/h2>\n<h2>\u017baneta Cierpio\u0142<\/h2>\n<h2>Sebastian Hanke<\/h2>\n<h2>Anna Mateja<\/h2>\n<h2>Kinga Rak<\/h2>\n<h2>Marek S\u0142awik<\/h2>\n<h2>Emilia Sukiennik<\/h2>\n<h2>Sylwia Wolska<\/h2>\n<h2>J\u0119zyk niemiecki<\/h2>\n<h2>Ma\u0142gorzata Kania<\/h2>\n<h2>Katarzyna Tarara<\/h2>\n<h2>J\u0119zyk francuski<\/h2>\n<h2>Krystyna Czornik<\/h2>\n<h2>J\u0119zyk rosyjski<\/h2>\n<h2>Marzanna Klimek<\/h2>\n<h2>Matematyka<\/h2>\n<h2>Beata Dombek<\/h2>\n<h2>Agnieszka Grabas<\/h2>\n<h2>Janina Kulik<\/h2>\n<h2>Roman Odoj<\/h2>\n<h2>Sonia Olszok<\/h2>\n<h2>Adam O\u017carowski<\/h2>\n<h2>Adam Strzelczyk<\/h2>\n<h2>Katarzyna Szafirowicz-Polok<\/h2>\n<h2>Joanna Wieczorek<\/h2>\n<h2>Historia<\/h2>\n<h2>Katarzyna Bartoszek<\/h2>\n<h2>Rafa\u0142 Grze\u015bkowiak<\/h2>\n<h2>Joanna Pielok<\/h2>\n<h2>Beata Pietrek<\/h2>\n<h2>Miros\u0142awa Popko<\/h2>\n<h2>Sebastian Zi\u00f3\u0142ek<\/h2>\n<h2>Edukacja obywatelska<\/h2>\n<h2>Katarzyna Bartoszek<\/h2>\n<h2>Sebastian Zi\u00f3\u0142ek<\/h2>\n<h2>Wiedza o spo\u0142ecze\u0144stwie<\/h2>\n<h2>Miros\u0142awa Popko<\/h2>\n<h2>Sebastian Zi\u00f3\u0142ek<\/h2>\n<h2>Biologia<\/h2>\n<h2>Iwona Ga\u0142ka<\/h2>\n<h2>El\u017cbieta Gromczyk<\/h2>\n<h2>Roksana Jagodzi\u0144ska<\/h2>\n<h2>Chemia<\/h2>\n<h2>Agata Kaczmarczyk<\/h2>\n<h2>Dorota Niwergol<\/h2>\n<h2>Dorota Ostrowska<\/h2>\n<h2>Geografia<\/h2>\n<h2>Anna Telma<\/h2>\n<h2>Aleksandra Wawro\u015b<\/h2>\n<h2>Damian W\u0142odarczyk<\/h2>\n<h2>Patrycja Musia\u0142<\/h2>\n<h2>Fizyka<\/h2>\n<h2>Sylwia Mro\u017cek<\/h2>\n<h2>Katarzyna Szafirowicz-Polok<\/h2>\n<h2>Aleksandra Wawro\u015b<\/h2>\n<h2>Gabriela Zuzel<\/h2>\n<h2>Informatyka<\/h2>\n<h2>Micha\u0142 Bogacki<\/h2>\n<h2>Les\u0142aw Brol<\/h2>\n<h2>Bogdan Szczepa\u0144ski<\/h2>\n<h2>Adam Strzelczyk<\/h2>\n<h2>Sabina Thomas-Wato\u0142a<\/h2>\n<h2>Przemys\u0142aw Wr\u00f3bel<\/h2>\n<h2>Edukacja dla bezpiecze\u0144stwa<\/h2>\n<h2>Katarzyna Bartoszek<\/h2>\n<h2>Wychowanie fizyczne<\/h2>\n<h2>Katarzyna Franciszok<\/h2>\n<h2>Agnieszka Stellmach<\/h2>\n<h2>Monika Swoboda<\/h2>\n<h2>Tomasz Wachowski<\/h2>\n<h2>Andrzej W\u00f3jcik<\/h2>\n<h2>Dominik Panek<\/h2>\n<h2>Religia<\/h2>\n<h2>Maciej Drzewiczak OMI<\/h2>\n<h2>Jan Maniura<\/h2>\n<h2>Ernest \u015awiderski OMI<\/h2>\n<h2>Etyka<\/h2>\n<h2>Biznes i zarz\u0105dzanie<\/h2>\n<h2>Aneta Klama-Dziuk<\/h2>\n<h2>Ma\u0142gorzata Radzioch<\/h2>\n<h2>Muzyka<\/h2>\n<h2>Tomasz Wachowski<\/h2>\n<h2>Bezpiecze\u0144stwo i higiena pracy<\/h2>\n<h2>Ewa Sza\u0142kowska<\/h2>\n<h2>Przedmioty zawodowe<br \/>\n(technik informatyk)<\/h2>\n<h2>Les\u0142aw Brol<\/h2>\n<h2>Damian Czaja<\/h2>\n<h2>Bogdan Szczepa\u0144ski<\/h2>\n<h2>Adam Strzelczyk<\/h2>\n<h2>Sabina Thomas-Wato\u0142a<\/h2>\n<h2>Przemys\u0142aw Wr\u00f3bel<\/h2>\n<h2>Przedmioty zawodowe<br \/>\n(technik logistyk)<\/h2>\n<h2>Urszula Borszcz<\/h2>\n<h2>Sandra Duda<\/h2>\n<h2>Aleksandra Bohm<\/h2>\n<h2>Edukacja zdrowotna<\/h2>\n<h2>El\u017cbieta Gromczyk<\/h2>\n<h2>Sylwia Smela<\/h2>\n<h2>Ko\u0142o strzeleckie<\/h2>\n<h2>Wojciech By\u0142ak<\/h2>\n<h2>Specjali\u015bci<\/h2>\n<h2>Krystyna Czornik<\/h2>\n<h2>Sylwia Kansy<\/h2>\n<h2>Dorota Le\u015bniak<\/h2>\n<h2>Agnieszka Stellmach<\/h2>\n<h2>Alicja Szafraniec-Bok<\/h2>\n<h2>Bibliotekarze<\/h2>\n<h2>Rafa\u0142 Grze\u015bkowiak<\/h2>\n<h2>Marzanna Klimek<\/h2>\n<h2>Joanna Pielok<\/h2>\n<h2>Pedagog specjalny<\/h2>\n<h2>Krystyna Czornik<\/h2>\n<h2>Alicja Szafraniec-Bok<\/h2>\n<h2>Pedagodzy<\/h2>\n<h2>Patrycja Kusztykiewicz<\/h2>\n<h2>Alicja Szafraniec-Bok<\/h2>\n<h2>Psycholog<\/h2>\n<h2>Sylwia Smela<\/h2>\n<h2><\/h2>\n<h2><\/h2>\n","protected":false},"excerpt":{"rendered":"<p>Dyrekcja Dyrektor Szko\u0142y: Adam O\u017carowski Wicedyrektor Szko\u0142y: Katarzyna Franciszok Wicedyrektor Szko\u0142y: Dorota Niwergol Kierownik szkolenia praktycznego Les\u0142aw Brol J\u0119zyk polski Katarzyna Bartosik Anna Biecek Sylwia Kansy Anna Klimowicz Mariola Kucharczyk Celina Ochman Aleksandra Szokalska J\u0119zyk angielski Katarzyna Bugno \u017baneta Cierpio\u0142 Sebastian Hanke Anna Mateja Kinga Rak Marek S\u0142awik Emilia Sukiennik Sylwia Wolska J\u0119zyk niemiecki Ma\u0142gorzata&hellip; <br \/> <a class=\"read-more\" href=\"https:\/\/mickiewicz.net.pl\/am\/index.php\/grono-pedagogiczne\/\">Dowiedz si\u0119 wi\u0119cej<\/a><\/p>\n","protected":false},"author":6,"featured_media":0,"parent":0,"menu_order":0,"comment_status":"closed","ping_status":"closed","template":"","meta":{"footnotes":""},"class_list":["post-238","page","type-page","status-publish","hentry"],"_links":{"self":[{"href":"https:\/\/mickiewicz.net.pl\/am\/index.php\/wp-json\/wp\/v2\/pages\/238","targetHints":{"allow":["GET"]}}],"collection":[{"href":"https:\/\/mickiewicz.net.pl\/am\/index.php\/wp-json\/wp\/v2\/pages"}],"about":[{"href":"https:\/\/mickiewicz.net.pl\/am\/index.php\/wp-json\/wp\/v2\/types\/page"}],"author":[{"embeddable":true,"href":"https:\/\/mickiewicz.net.pl\/am\/index.php\/wp-json\/wp\/v2\/users\/6"}],"replies":[{"embeddable":true,"href":"https:\/\/mickiewicz.net.pl\/am\/index.php\/wp-json\/wp\/v2\/comments?post=238"}],"version-history":[{"count":69,"href":"https:\/\/mickiewicz.net.pl\/am\/index.php\/wp-json\/wp\/v2\/pages\/238\/revisions"}],"predecessor-version":[{"id":16070,"href":"https:\/\/mickiewicz.net.pl\/am\/index.php\/wp-json\/wp\/v2\/pages\/238\/revisions\/16070"}],"wp:attachment":[{"href":"https:\/\/mickiewicz.net.pl\/am\/index.php\/wp-json\/wp\/v2\/media?parent=238"}],"curies":[{"name":"wp","href":"https:\/\/api.w.org\/{rel}","templated":true}]}}