{"id":3565,"date":"2022-03-28T11:36:52","date_gmt":"2022-03-28T09:36:52","guid":{"rendered":"https:\/\/mickiewicz.net.pl\/am\/?page_id=3565"},"modified":"2025-03-31T15:16:33","modified_gmt":"2025-03-31T13:16:33","slug":"deklaracja-dostepnosci","status":"publish","type":"page","link":"https:\/\/mickiewicz.net.pl\/am\/index.php\/deklaracja-dostepnosci\/","title":{"rendered":"Deklaracja dost\u0119pno\u015bci"},"content":{"rendered":"\t\t<div data-elementor-type=\"wp-page\" data-elementor-id=\"3565\" class=\"elementor elementor-3565\">\n\t\t\t\t\t\t<section class=\"elementor-section elementor-top-section elementor-element elementor-element-c3846ec elementor-section-boxed elementor-section-height-default elementor-section-height-default\" data-id=\"c3846ec\" data-element_type=\"section\" data-e-type=\"section\">\n\t\t\t\t\t\t<div class=\"elementor-container elementor-column-gap-default\">\n\t\t\t\t\t<div class=\"elementor-column elementor-col-100 elementor-top-column elementor-element elementor-element-3395eff\" data-id=\"3395eff\" data-element_type=\"column\" data-e-type=\"column\">\n\t\t\t<div class=\"elementor-widget-wrap elementor-element-populated\">\n\t\t\t\t\t\t<div class=\"elementor-element elementor-element-46de781 elementor-widget elementor-widget-text-editor\" data-id=\"46de781\" data-element_type=\"widget\" data-e-type=\"widget\" data-widget_type=\"text-editor.default\">\n\t\t\t\t<div class=\"elementor-widget-container\">\n\t\t\t\t\t\t\t\t\t<p><strong>Zesp\u00f3\u0142 Szk\u00f3\u0142 nr 1 im. Adama Mickiewicza w Lubli\u0144cu<br \/><\/strong><\/p><p>zobowi\u0105zuje si\u0119 zapewni\u0107 dost\u0119pno\u015b\u0107 swojej strony internetowej zgodnie z przepisami ustawy z dnia 4 kwietnia 2019 r. o dost\u0119pno\u015bci cyfrowej stron internetowych i aplikacji mobilnych podmiot\u00f3w publicznych. <br \/>O\u015bwiadczenie w sprawie dost\u0119pno\u015bci ma zastosowanie do strony internetowej szko\u0142y: <a href=\"https:\/\/www.mickiewicz.net.pl\">www.mickiewicz.net.pl<\/a><\/p><p><strong>Dane teleadresowe jednostki<\/strong>:<br \/><strong>Telefon<\/strong>: +48 782992645<br \/><strong>Faks<\/strong>: +48 34 3511433<br \/><strong>E-mail<\/strong>: sekretariat@mickiewicz.net.pl<br \/><strong>Adres korespondencyjny<\/strong>: ul. Sobieskiego 22, 42-700 Lubliniec<\/p><p><strong>Data publikacji strony internetowej:<\/strong> 2015-09-01<br \/><strong>Data ostatniej istotnej aktualizacji:<\/strong> 2025-01-03<\/p><p>Strona internetowa jest cz\u0119\u015bciowo zgodna z ustaw\u0105 z dnia 4 kwietnia 2019 r. o dost\u0119pno\u015bci cyfrowej stron internetowych i aplikacji mobilnych podmiot\u00f3w publicznych:<\/p><ul><li>dokumenty cyfrowe zamieszczone na stronie typu PDF, DOC, DOCX nie s\u0105 w pe\u0142ni dost\u0119pne ze wzgl\u0119du na ich ilo\u015b\u0107, co skutkuje, i\u017c na dzie\u0144 wystawienia deklaracji nie jest mo\u017cliwe uzyskanie wszystkich plik\u00f3w w pe\u0142ni dost\u0119pnych cyfrowo;<\/li><li>nie wszystkie zdj\u0119cia i grafiki maj\u0105 zdefiniowany alternatywny opis.<\/li><\/ul><p><strong>O\u015bwiadczenie sporz\u0105dzono dnia<\/strong>: 03. 01. 2025 na podstawie analizy wewn\u0119trznej.<\/p><p style=\"text-align: center;\">\u00a0<\/p>\t\t\t\t\t\t\t\t<\/div>\n\t\t\t\t<\/div>\n\t\t\t\t\t<\/div>\n\t\t<\/div>\n\t\t\t\t\t<\/div>\n\t\t<\/section>\n\t\t\t\t<section class=\"elementor-section elementor-top-section elementor-element elementor-element-96a2aee elementor-section-boxed elementor-section-height-default elementor-section-height-default\" data-id=\"96a2aee\" data-element_type=\"section\" data-e-type=\"section\">\n\t\t\t\t\t\t<div class=\"elementor-container elementor-column-gap-default\">\n\t\t\t\t\t<div class=\"elementor-column elementor-col-100 elementor-top-column elementor-element elementor-element-8f90ca8\" data-id=\"8f90ca8\" data-element_type=\"column\" data-e-type=\"column\">\n\t\t\t<div class=\"elementor-widget-wrap elementor-element-populated\">\n\t\t\t\t\t\t<div class=\"elementor-element elementor-element-19f7c72 elementor-widget elementor-widget-heading\" data-id=\"19f7c72\" data-element_type=\"widget\" data-e-type=\"widget\" data-widget_type=\"heading.default\">\n\t\t\t\t<div class=\"elementor-widget-container\">\n\t\t\t\t\t<h3 class=\"elementor-heading-title elementor-size-default\">Informacje zwrotne i dane kontaktowe<\/h3>\t\t\t\t<\/div>\n\t\t\t\t<\/div>\n\t\t\t\t\t<\/div>\n\t\t<\/div>\n\t\t\t\t\t<\/div>\n\t\t<\/section>\n\t\t\t\t<section class=\"elementor-section elementor-top-section elementor-element elementor-element-51b64e9 elementor-section-boxed elementor-section-height-default elementor-section-height-default\" data-id=\"51b64e9\" data-element_type=\"section\" data-e-type=\"section\">\n\t\t\t\t\t\t<div class=\"elementor-container elementor-column-gap-default\">\n\t\t\t\t\t<div class=\"elementor-column elementor-col-100 elementor-top-column elementor-element elementor-element-e219367\" data-id=\"e219367\" data-element_type=\"column\" data-e-type=\"column\">\n\t\t\t<div class=\"elementor-widget-wrap elementor-element-populated\">\n\t\t\t\t\t\t<div class=\"elementor-element elementor-element-4fe61c9 elementor-widget elementor-widget-text-editor\" data-id=\"4fe61c9\" data-element_type=\"widget\" data-e-type=\"widget\" data-widget_type=\"text-editor.default\">\n\t\t\t\t<div class=\"elementor-widget-container\">\n\t\t\t\t\t\t\t\t\t<p>W przypadku problem\u00f3w z dost\u0119pno\u015bci\u0105 strony internetowej prosimy o kontakt. Osob\u0105 kontaktow\u0105 jest Les\u0142aw Brol: <a href=\"mailto:lbrol@mickiewicz.net.pl\">albrol@lomickiewicz.onmicrosoft.com<\/a><\/p>\t\t\t\t\t\t\t\t<\/div>\n\t\t\t\t<\/div>\n\t\t\t\t<div class=\"elementor-element elementor-element-9312ca5 elementor-widget elementor-widget-heading\" data-id=\"9312ca5\" data-element_type=\"widget\" data-e-type=\"widget\" data-widget_type=\"heading.default\">\n\t\t\t\t<div class=\"elementor-widget-container\">\n\t\t\t\t\t<h3 class=\"elementor-heading-title elementor-size-default\">Procedura wnioskowo-skargowa<\/h3>\t\t\t\t<\/div>\n\t\t\t\t<\/div>\n\t\t\t\t\t<\/div>\n\t\t<\/div>\n\t\t\t\t\t<\/div>\n\t\t<\/section>\n\t\t\t\t<section class=\"elementor-section elementor-top-section elementor-element elementor-element-34e5511 elementor-section-boxed elementor-section-height-default elementor-section-height-default\" data-id=\"34e5511\" data-element_type=\"section\" data-e-type=\"section\">\n\t\t\t\t\t\t<div class=\"elementor-container elementor-column-gap-default\">\n\t\t\t\t\t<div class=\"elementor-column elementor-col-100 elementor-top-column elementor-element elementor-element-e32e348\" data-id=\"e32e348\" data-element_type=\"column\" data-e-type=\"column\">\n\t\t\t<div class=\"elementor-widget-wrap elementor-element-populated\">\n\t\t\t\t\t\t<div class=\"elementor-element elementor-element-615d28a elementor-widget elementor-widget-text-editor\" data-id=\"615d28a\" data-element_type=\"widget\" data-e-type=\"widget\" data-widget_type=\"text-editor.default\">\n\t\t\t\t<div class=\"elementor-widget-container\">\n\t\t\t\t\t\t\t\t\t<p>Ka\u017cdy ma prawo do wyst\u0105pienia z \u017c\u0105daniem zapewnienia dost\u0119pno\u015bci cyfrowej strony internetowej, aplikacji mobilnej lub jakiego\u015b ich elementu. Mo\u017cna tak\u017ce za\u017c\u0105da\u0107 udost\u0119pnienia informacji za pomoc\u0105 alternatywnego sposobu dost\u0119pu, na przyk\u0142ad przez odczytanie niedost\u0119pnego cyfrowo dokumentu, opisanie zawarto\u015bci filmu bez audio deskrypcji itp.<\/p><p>\u017b\u0105danie powinno zawiera\u0107 dane osoby zg\u0142aszaj\u0105cej \u017c\u0105danie, wskazanie, o kt\u00f3r\u0105 stron\u0119 internetow\u0105 lub aplikacj\u0119 mobiln\u0105 chodzi oraz spos\u00f3b kontaktu. Je\u017celi osoba \u017c\u0105daj\u0105ca zg\u0142asza potrzeb\u0119 otrzymania informacji za pomoc\u0105 alternatywnego sposobu dost\u0119pu, powinna tak\u017ce okre\u015bli\u0107 dogodny dla niej spos\u00f3b przedstawienia tej informacji. Podmiot publiczny powinien zrealizowa\u0107 \u017c\u0105danie niezw\u0142ocznie, nie p\u00f3\u017aniej ni\u017c w ci\u0105gu 7 dni od dnia wyst\u0105pienia z \u017c\u0105daniem. Je\u017celi dotrzymanie tego terminu nie jest mo\u017cliwe, podmiot publiczny niezw\u0142ocznie informuje o tym wnosz\u0105cego \u017c\u0105danie, kiedy realizacja \u017c\u0105dania b\u0119dzie mo\u017cliwa, przy czym termin ten nie mo\u017ce by\u0107 d\u0142u\u017cszy ni\u017c 2 miesi\u0105ce od dnia wyst\u0105pienia z \u017c\u0105daniem. Je\u017celi zapewnienie dost\u0119pno\u015bci cyfrowej nie jest mo\u017cliwe, podmiot publiczny mo\u017ce zaproponowa\u0107 alternatywny spos\u00f3b dost\u0119pu do informacji.<\/p><p>W przypadku, gdy podmiot publiczny odm\u00f3wi realizacji \u017c\u0105dania zapewnienia dost\u0119pno\u015bci lub alternatywnego sposobu dost\u0119pu do informacji, wnosz\u0105cy \u017c\u0105danie mo\u017cne z\u0142o\u017cy\u0107 skarg\u0119 w sprawie zapewniana dost\u0119pno\u015bci cyfrowej strony internetowej, aplikacji mobilnej lub elementu strony internetowej, lub aplikacji mobilnej. Po wyczerpaniu wskazanej wy\u017cej procedury mo\u017cna tak\u017ce z\u0142o\u017cy\u0107 wniosek do <a href=\"https:\/\/bip.brpo.gov.pl\/\">Rzecznika Praw Obywatelskich<\/a>.<\/p>\t\t\t\t\t\t\t\t<\/div>\n\t\t\t\t<\/div>\n\t\t\t\t\t<\/div>\n\t\t<\/div>\n\t\t\t\t\t<\/div>\n\t\t<\/section>\n\t\t\t\t<section class=\"elementor-section elementor-top-section elementor-element elementor-element-b13542c elementor-section-boxed elementor-section-height-default elementor-section-height-default\" data-id=\"b13542c\" data-element_type=\"section\" data-e-type=\"section\">\n\t\t\t\t\t\t<div class=\"elementor-container elementor-column-gap-default\">\n\t\t\t\t\t<div class=\"elementor-column elementor-col-100 elementor-top-column elementor-element elementor-element-231c1ee\" data-id=\"231c1ee\" data-element_type=\"column\" data-e-type=\"column\">\n\t\t\t<div class=\"elementor-widget-wrap elementor-element-populated\">\n\t\t\t\t\t\t<div class=\"elementor-element elementor-element-d0a2901 elementor-widget elementor-widget-heading\" data-id=\"d0a2901\" data-element_type=\"widget\" data-e-type=\"widget\" data-widget_type=\"heading.default\">\n\t\t\t\t<div class=\"elementor-widget-container\">\n\t\t\t\t\t<h3 class=\"elementor-heading-title elementor-size-default\">Dost\u0119pno\u015b\u0107 architektoniczna<\/h3>\t\t\t\t<\/div>\n\t\t\t\t<\/div>\n\t\t\t\t\t<\/div>\n\t\t<\/div>\n\t\t\t\t\t<\/div>\n\t\t<\/section>\n\t\t\t\t<section class=\"elementor-section elementor-top-section elementor-element elementor-element-bf2c1f9 elementor-section-boxed elementor-section-height-default elementor-section-height-default\" data-id=\"bf2c1f9\" data-element_type=\"section\" data-e-type=\"section\">\n\t\t\t\t\t\t<div class=\"elementor-container elementor-column-gap-default\">\n\t\t\t\t\t<div class=\"elementor-column elementor-col-100 elementor-top-column elementor-element elementor-element-f7d9f05\" data-id=\"f7d9f05\" data-element_type=\"column\" data-e-type=\"column\">\n\t\t\t<div class=\"elementor-widget-wrap elementor-element-populated\">\n\t\t\t\t\t\t<div class=\"elementor-element elementor-element-bb37d75 elementor-widget elementor-widget-text-editor\" data-id=\"bb37d75\" data-element_type=\"widget\" data-e-type=\"widget\" data-widget_type=\"text-editor.default\">\n\t\t\t\t<div class=\"elementor-widget-container\">\n\t\t\t\t\t\t\t\t\t<p><strong>Zesp\u00f3\u0142 Szk\u00f3\u0142 nr 1 im. Adama Mickiewicza w Lubli\u0144cu znajduje si\u0119 przy ul. Sobieskiego 22 w Lubli\u0144cu.<\/strong><\/p><p><strong>1. Opis dost\u0119pno\u015bci wej\u015bcia do budynku i przechodzenia przez obszary kontroli.<br \/><\/strong><br \/>Do budynku szko\u0142y prowadz\u0105 wej\u015bcia:<\/p><ul><li>g\u0142\u00f3wne\u00a0 od strony ul. Sobieskiego ze schodami i podjazdem dla os\u00f3b niepe\u0142nosprawnych,<\/li><li>boczne od ul. Cyrana ze schodami, zabezpieczonymi betonowymi barierkami, kt\u00f3re mog\u0105 u\u0142atwi\u0107 dost\u0119p osobom z problemami w poruszaniu si\u0119,<\/li><li>dwa wej\u015bcia od strony parkingu szkolnego:<br \/>1) od strony sekretariatu szko\u0142y, wyposa\u017cone w dzwonek dla os\u00f3b niepe\u0142nosprawnych, kt\u00f3ry powiadamia odpowiedniego pracownika celem udzielenia pomocy,<br \/>2) \u015brodkowe ze schodami, kt\u00f3re prowadzi na p\u00f3\u0142pi\u0119tro pomi\u0119dzy suterenami a parterem.<br \/>Wewn\u0105trz budynku, przy wej\u015bciu g\u0142\u00f3wnym znajduje si\u0119 platforma dla os\u00f3b niepe\u0142nosprawnych a przy wej\u015bciach od strony parkingu, przy schodach wewn\u0105trz budynku zamontowane s\u0105 por\u0119cze.<\/li><\/ul><p>Hala sportowa szko\u0142y posiada odr\u0119bne wej\u015bcie od strony ul. Sobieskiego i jest przystosowane dla os\u00f3b niepe\u0142nosprawnych. <br \/>Do hali sportowej mo\u017cna przej\u015b\u0107 r\u00f3wnie\u017c z budynku szko\u0142y, gdy\u017c s\u0105 one ze sob\u0105 po\u0142\u0105czone.<\/p><p>Nad wej\u015bciami nie ma g\u0142o\u015bnik\u00f3w systemu naprowadzaj\u0105cego d\u017awi\u0119kowo osoby niewidome i s\u0142abowidz\u0105ce.\u00a0<\/p><p><strong>2. Opis dost\u0119pno\u015bci korytarzy, schod\u00f3w, wind<\/strong>.<\/p><ul><li>Wej\u015bcie na parter umo\u017cliwia podjazd przy wej\u015bciu g\u0142\u00f3wnym oraz platforma przy schodach znajduj\u0105cych si\u0119 w holu. Wej\u015bcie na wy\u017csze lub ni\u017csze kondygnacje budynku dla os\u00f3b niepe\u0142nosprawnych umo\u017cliwia schodo\u0142az. Budynek szko\u0142y posiada szerokie korytarze, co nie stanowi utrudnie\u0144 dla os\u00f3b poruszaj\u0105cych si\u0119 na w\u00f3zkach inwalidzkich lub przewodnikiem,<\/li><li>Brak windy w budynku.<\/li><\/ul><p><strong>3. Informacje o miejscu i sposobie korzystania z miejsc parkingowych wyznaczonych dla os\u00f3b niepe\u0142nosprawnych.<\/strong><\/p><p>Szko\u0142a posiada jedno wyznaczone miejsce parkingowe dla os\u00f3b niepe\u0142nosprawnych na parkingu szkolnym \u2013 wjazd od ul. Cyrana (przy wej\u015bciu od strony sekretariatu).<\/p><p><strong>4. Informacja o prawie wst\u0119pu z psem asystuj\u0105cym i ewentualnych uzasadnionych <\/strong><strong>ograniczeniach<\/strong>.<\/p><p>Do budynku i wszystkich jego pomieszcze\u0144 mo\u017cna wej\u015b\u0107 z psem asystuj\u0105cym i psem przewodnikiem po uprzednim powiadomieniu (co najmniej 3 dni) i uzgodnieniu wizyty petenta, w godzinach pracy urz\u0119du: 7:30-16:00.<\/p><p><strong>5. Informacje o mo\u017cliwo\u015bci skorzystania z t\u0142umacza j\u0119zyka migowego na miejscu lub online.<br \/><\/strong><\/p><p>Brak mo\u017cliwo\u015b\u0107 skorzystania z bezp\u0142atnej obs\u0142ugi t\u0142umacza migowego.<\/p><p style=\"text-align: center;\">Wszelkie zg\u0142oszenia w sprawach u\u0142atwienia dost\u0119pu mo\u017cliwe jest w\u00a0 nast\u0119puj\u0105cej formie:<\/p><p style=\"text-align: center;\">&#8211; e-mail: <a href=\"mailto:lolubliniec@list.pl\">sekretariat@mickiewicz.net.pl<\/a>,<br \/>&#8211; tel. 782 992 645<br \/>&#8211; wniosek z\u0142o\u017cony w Sekretariacia<\/p><p style=\"text-align: center;\">\u00a0<\/p>\t\t\t\t\t\t\t\t<\/div>\n\t\t\t\t<\/div>\n\t\t\t\t\t<\/div>\n\t\t<\/div>\n\t\t\t\t\t<\/div>\n\t\t<\/section>\n\t\t\t\t<section class=\"elementor-section elementor-top-section elementor-element elementor-element-e6d3275 elementor-section-boxed elementor-section-height-default elementor-section-height-default\" data-id=\"e6d3275\" data-element_type=\"section\" data-e-type=\"section\">\n\t\t\t\t\t\t<div class=\"elementor-container elementor-column-gap-default\">\n\t\t\t\t\t<div class=\"elementor-column elementor-col-100 elementor-top-column elementor-element elementor-element-9794530\" data-id=\"9794530\" data-element_type=\"column\" data-e-type=\"column\">\n\t\t\t<div class=\"elementor-widget-wrap\">\n\t\t\t\t\t\t\t<\/div>\n\t\t<\/div>\n\t\t\t\t\t<\/div>\n\t\t<\/section>\n\t\t\t\t<section class=\"elementor-section elementor-top-section elementor-element elementor-element-ff66531 elementor-section-boxed elementor-section-height-default elementor-section-height-default\" data-id=\"ff66531\" data-element_type=\"section\" data-e-type=\"section\">\n\t\t\t\t\t\t<div class=\"elementor-container elementor-column-gap-default\">\n\t\t\t\t\t<div class=\"elementor-column elementor-col-100 elementor-top-column elementor-element elementor-element-3fbef8a\" data-id=\"3fbef8a\" data-element_type=\"column\" data-e-type=\"column\">\n\t\t\t<div class=\"elementor-widget-wrap\">\n\t\t\t\t\t\t\t<\/div>\n\t\t<\/div>\n\t\t\t\t\t<\/div>\n\t\t<\/section>\n\t\t\t\t<\/div>\n\t\t","protected":false},"excerpt":{"rendered":"<p>Zesp\u00f3\u0142 Szk\u00f3\u0142 nr 1 im. Adama Mickiewicza w Lubli\u0144cu zobowi\u0105zuje si\u0119 zapewni\u0107 dost\u0119pno\u015b\u0107 swojej strony internetowej zgodnie z przepisami ustawy z dnia 4 kwietnia 2019 r. o dost\u0119pno\u015bci cyfrowej stron internetowych i aplikacji mobilnych podmiot\u00f3w publicznych. O\u015bwiadczenie w sprawie dost\u0119pno\u015bci ma zastosowanie do strony internetowej szko\u0142y: www.mickiewicz.net.pl Dane teleadresowe jednostki:Telefon: +48 782992645Faks: +48 34 3511433E-mail:&hellip; <br \/> <a class=\"read-more\" href=\"https:\/\/mickiewicz.net.pl\/am\/index.php\/deklaracja-dostepnosci\/\">Dowiedz si\u0119 wi\u0119cej<\/a><\/p>\n","protected":false},"author":6,"featured_media":0,"parent":0,"menu_order":0,"comment_status":"closed","ping_status":"closed","template":"","meta":{"footnotes":""},"class_list":["post-3565","page","type-page","status-publish","hentry"],"_links":{"self":[{"href":"https:\/\/mickiewicz.net.pl\/am\/index.php\/wp-json\/wp\/v2\/pages\/3565","targetHints":{"allow":["GET"]}}],"collection":[{"href":"https:\/\/mickiewicz.net.pl\/am\/index.php\/wp-json\/wp\/v2\/pages"}],"about":[{"href":"https:\/\/mickiewicz.net.pl\/am\/index.php\/wp-json\/wp\/v2\/types\/page"}],"author":[{"embeddable":true,"href":"https:\/\/mickiewicz.net.pl\/am\/index.php\/wp-json\/wp\/v2\/users\/6"}],"replies":[{"embeddable":true,"href":"https:\/\/mickiewicz.net.pl\/am\/index.php\/wp-json\/wp\/v2\/comments?post=3565"}],"version-history":[{"count":24,"href":"https:\/\/mickiewicz.net.pl\/am\/index.php\/wp-json\/wp\/v2\/pages\/3565\/revisions"}],"predecessor-version":[{"id":13844,"href":"https:\/\/mickiewicz.net.pl\/am\/index.php\/wp-json\/wp\/v2\/pages\/3565\/revisions\/13844"}],"wp:attachment":[{"href":"https:\/\/mickiewicz.net.pl\/am\/index.php\/wp-json\/wp\/v2\/media?parent=3565"}],"curies":[{"name":"wp","href":"https:\/\/api.w.org\/{rel}","templated":true}]}}