{"id":5,"date":"2020-06-27T20:44:48","date_gmt":"2020-06-27T18:44:48","guid":{"rendered":"http:\/\/mickiewicz.net.pl\/am\/index.php\/mesmerize\/"},"modified":"2026-03-19T12:27:07","modified_gmt":"2026-03-19T11:27:07","slug":"mesmerize","status":"publish","type":"page","link":"https:\/\/mickiewicz.net.pl\/am\/","title":{"rendered":"Zesp\u00f3\u0142 Szk\u00f3\u0142 nr 1 im. Adama Mickiewicza w Lubli\u0144cu"},"content":{"rendered":"<div  class=\"overlappable-4 content-section content-section-spacing\" id=\"overlappable-4\" style=\"background-color: rgb(255, 255, 255);\" data-id=\"overlappable-4\" data-overlap=\"true\" data-category=\"overlappable\" data-export-id=\"overlappable-4\" data-label=\"Overlappable\">\n<div  class=\"gridContainer\">\n<div  class=\"row spaced-cols text-center center-sm content-center-sm\" data-type=\"row\">\n<div  class=\"col-xs-12 col-sm-4 col-padding col-md-3 \"> <a  href=\"https:\/\/www.facebook.com\/mickiewicz.net.lubliniec?ref=page_internal\" target=\"_self\" rel=\"noopener noreferrer\" data-cp-link=\"1\" class=\"\" role=\"link\"><i  class=\"fa icon shadow-large-black aligncenter color1 fa-facebook reverse round large\"><\/i><\/a>\n<div  data-type=\"column\" class=\"\">\n<h5  class=\"\">Facebook<\/h5>\n<\/div>\n<\/div>\n<div  class=\"col-xs-12 col-sm-4 col-padding col-md-3 \"> <a  data-cp-link=\"1\" href=\"#\"><i  class=\"fa icon shadow-large-black aligncenter color5 fa-instagram reverse round large\"><\/i><\/a>\n<div  data-type=\"column\" class=\"\">\n<h5  class=\"\">Instagram<\/h5>\n<\/div>\n<\/div>\n\n<div  class=\"col-xs-12 col-sm-4 col-padding col-md-3\"> <a  href=\"https:\/\/www.designschool.com.pl?fbclid=PAZXh0bgNhZW0CMTEAAadfIWzYrj9uj-u-3o9IymcOgufOIC81t-sE3vfeTtOQ1oCBFlDBBvXd3W1rXg_aem_XE3EB7kD_SMDIHmGgPP3mQ\" target=\"_self\" rel=\"noopener noreferrer\" data-cp-link=\"1\" class=\"\" role=\"link\"><i  class=\"fa icon shadow-large-black aligncenter color1 fa-mortar-board reverse round large\"><\/i><\/a>\n<div  data-type=\"column\" class=\"\">\n<h5  class=\"\">Samorz\u0105d uczniowski<\/h5>\n<\/div>\n<\/div><\/div>\n<\/div>\n<\/div><div  data-label=\"Oferta edukacyjna\" data-id=\"team--1\" data-export-id=\"team-2\" data-category=\"team\" class=\"team-2 content-section content-section-spacing\" id=\"oferta-edukacyjna\" style=\"background-color: rgb(245, 250, 253);\"><div  class=\"gridContainer\"> <div  class=\"row text-center\"><div  class=\"section-title-col\" data-type=\"column\"> <h2  class=\"\">Zapraszamy \u00f3smoklasist\u00f3w!<\/h2> <p  class=\"lead\">Zach\u0119camy do zapoznania si\u0119 z ofert\u0105 edukacyjn\u0105 naszej szko\u0142y.<\/p><\/div> <\/div> <div  class=\"row spaced-cols content-center-sm\" data-type=\"row\"> <div  class=\"col-sm-6 col-md-6 \"> <div  class=\"card y-move no-padding bordered\"> <img  decoding=\"async\" class=\"face\" src=\"https:\/\/mickiewicz.net.pl\/am\/wp-content\/uploads\/2026\/03\/plakat-oferta-edukacyjna.jpg\" title=\"plakat-oferta-edukacyjna\" alt=\"\"> <div  data-type=\"column\" class=\"col-padding-small col-padding-small-xs description-container\">   <div  class=\"social-icons-group\" data-type=\"group\"> <a  href=\"#\" target=\"_self\" data-reiki-hidden=\"true\"><i  class=\"gray fa icon fa-facebook-square\"><\/i><\/a> <a  href=\"#\" target=\"_self\" data-reiki-hidden=\"true\"><i  class=\"gray fa icon fa-twitter-square\"><\/i><\/a> <a  href=\"#\" target=\"_self\" data-reiki-hidden=\"true\"><i  class=\"gray fa icon fa-linkedin-square\"><\/i><\/a> <a  href=\"#\" target=\"_self\" data-reiki-hidden=\"true\"><i  class=\"gray fa icon fa-google-plus-square\"><\/i><\/a><\/div> <\/div><\/div> <\/div> <div  class=\"col-sm-6 col-md-6 \"> <div  class=\"card y-move no-padding bordered\"> <img  decoding=\"async\" class=\"face\" src=\"https:\/\/mickiewicz.net.pl\/am\/wp-content\/uploads\/2026\/03\/plakat-dzien-otwarty.jpg\" title=\"plakat-dzien-otwarty\" alt=\"\"> <div  data-type=\"column\" class=\"col-padding-small col-padding-small-xs description-container\">   <div  class=\"social-icons-group\" data-type=\"group\"> <a  href=\"#\" target=\"_self\" data-reiki-hidden=\"true\"><i  class=\"gray fa icon fa-facebook-square\"><\/i><\/a> <a  href=\"#\" target=\"_self\" data-reiki-hidden=\"true\"><i  class=\"gray fa icon fa-twitter-square\"><\/i><\/a> <a  href=\"#\" target=\"_self\" data-reiki-hidden=\"true\"><i  class=\"gray fa icon fa-linkedin-square\"><\/i><\/a> <a  href=\"#\" target=\"_self\" data-reiki-hidden=\"true\"><i  class=\"gray fa icon fa-google-plus-square\"><\/i><\/a><\/div> <\/div><\/div> <\/div>      <\/div> <\/div><\/div><div  class=\"blog-section blog-section-standard content-section content-section-spacing\" id=\"wiadomosci\" style=\"background-image: none; background-color: rgb(255, 255, 255);\" data-id=\"blog-section\" data-category=\"latest_news\" data-export-id=\"blog-section\" data-label=\"Wiadomosci\">\n<div  class=\"\">\n<div  class=\"row\">\n<div  class=\"section-title-col\" data-type=\"column\">\n<h2  class=\"\">Wiadomo\u015bci<\/h2>\n<\/div>\n<\/div>\n<div  class=\"row\">\n<div  data-type=\"row\" data-content-shortcode=\"mesmerize_latest_news columns=&quot;3&quot; \" data-dynamic-columns=\"handled\">\t\t<div class=\"row center-sm content-left-sm\">\n\t\t\t\t\t<div id=\"post-17379\" class=\"col-sm-6 col-md-3 space-bottom space-bottom-xs\">\n\t\t\t\t<div class=\"post-content card y-move bordered\">\n\t\t\t\t\t<div class=\"post-thumbnail\">\n   <a href=\"https:\/\/mickiewicz.net.pl\/am\/index.php\/2026\/04\/28\/mistrzostwa-dolnego-slaska-w-sudoku-w-naszej-szkole\/\" class=\"post-list-item-thumb \">\n      <img fetchpriority=\"high\" decoding=\"async\" width=\"1024\" height=\"1365\" src=\"https:\/\/mickiewicz.net.pl\/am\/wp-content\/uploads\/2026\/04\/IMG-20260428-WA0009-1024x1365.jpg\" class=\"attachment-post-thumbnail size-post-thumbnail wp-post-image\" alt=\"\" srcset=\"https:\/\/mickiewicz.net.pl\/am\/wp-content\/uploads\/2026\/04\/IMG-20260428-WA0009-1024x1365.jpg 1024w, https:\/\/mickiewicz.net.pl\/am\/wp-content\/uploads\/2026\/04\/IMG-20260428-WA0009-225x300.jpg 225w, https:\/\/mickiewicz.net.pl\/am\/wp-content\/uploads\/2026\/04\/IMG-20260428-WA0009-768x1024.jpg 768w, https:\/\/mickiewicz.net.pl\/am\/wp-content\/uploads\/2026\/04\/IMG-20260428-WA0009-1152x1536.jpg 1152w, https:\/\/mickiewicz.net.pl\/am\/wp-content\/uploads\/2026\/04\/IMG-20260428-WA0009-810x1080.jpg 810w, https:\/\/mickiewicz.net.pl\/am\/wp-content\/uploads\/2026\/04\/IMG-20260428-WA0009.jpg 1200w\" sizes=\"(max-width: 1024px) 100vw, 1024px\" \/>   <\/a>\n<\/div>\n\t\t\t\t\t<div class=\"col-padding col-padding-xs\">\n\t\t\t\t\t\t<h3 class=\"post-title space-bottom-small\">\n\t\t\t\t\t\t\t<a href=\"https:\/\/mickiewicz.net.pl\/am\/index.php\/2026\/04\/28\/mistrzostwa-dolnego-slaska-w-sudoku-w-naszej-szkole\/\" rel=\"bookmark\">\n\t\t\t\t\t\t\t\tMistrzostwa Dolnego \u015al\u0105ska w sudoku w naszej szkole\t\t\t\t\t\t\t<\/a>\n\t\t\t\t\t\t<\/h3>\n\t\t\t\t\t\t<p>Uczniowie Mickiewicza wzi\u0119li udzia\u0142 w wyj\u0105tkowym wyzwaniu, kt\u00f3re rozpocz\u0119\u0142o si\u0119 14 kwietnia i trwa\u0142o 45 minut\u2013 w tym czasie regularnie rozwi\u0105zywali \u0142amig\u0142\u00f3wki sudoku, rozwijaj\u0105c swoje umiej\u0119tno\u015bci logicznego my\u015blenia i koncentracji.[&hellip;]<\/p>\n\t\t\t\t\t\t<a class=\"read-more link\" href=\"https:\/\/mickiewicz.net.pl\/am\/index.php\/2026\/04\/28\/mistrzostwa-dolnego-slaska-w-sudoku-w-naszej-szkole\/\">\n\t\t\t\t\t\t\tRead more\t\t\t\t\t\t<\/a>\n\t\t\t\t\t<\/div>\n\t\t\t\t<\/div>\n\t\t\t<\/div>\n\t\t\t\t\t\t<div id=\"post-17336\" class=\"col-sm-6 col-md-3 space-bottom space-bottom-xs\">\n\t\t\t\t<div class=\"post-content card y-move bordered\">\n\t\t\t\t\t<div class=\"post-thumbnail\">\n   <a href=\"https:\/\/mickiewicz.net.pl\/am\/index.php\/2026\/04\/27\/ahoj-morska-przygodo\/\" class=\"post-list-item-thumb \">\n      <img decoding=\"async\" width=\"1024\" height=\"768\" src=\"https:\/\/mickiewicz.net.pl\/am\/wp-content\/uploads\/2026\/04\/IMG-20260425-WA0035-1024x768.jpg\" class=\"attachment-post-thumbnail size-post-thumbnail wp-post-image\" alt=\"\" srcset=\"https:\/\/mickiewicz.net.pl\/am\/wp-content\/uploads\/2026\/04\/IMG-20260425-WA0035-1024x768.jpg 1024w, https:\/\/mickiewicz.net.pl\/am\/wp-content\/uploads\/2026\/04\/IMG-20260425-WA0035-300x225.jpg 300w, https:\/\/mickiewicz.net.pl\/am\/wp-content\/uploads\/2026\/04\/IMG-20260425-WA0035-768x576.jpg 768w, https:\/\/mickiewicz.net.pl\/am\/wp-content\/uploads\/2026\/04\/IMG-20260425-WA0035-1536x1152.jpg 1536w, https:\/\/mickiewicz.net.pl\/am\/wp-content\/uploads\/2026\/04\/IMG-20260425-WA0035-1440x1080.jpg 1440w, https:\/\/mickiewicz.net.pl\/am\/wp-content\/uploads\/2026\/04\/IMG-20260425-WA0035.jpg 1600w\" sizes=\"(max-width: 1024px) 100vw, 1024px\" \/>   <\/a>\n<\/div>\n\t\t\t\t\t<div class=\"col-padding col-padding-xs\">\n\t\t\t\t\t\t<h3 class=\"post-title space-bottom-small\">\n\t\t\t\t\t\t\t<a href=\"https:\/\/mickiewicz.net.pl\/am\/index.php\/2026\/04\/27\/ahoj-morska-przygodo\/\" rel=\"bookmark\">\n\t\t\t\t\t\t\t\tAhoj, Morska Przygodo\t\t\t\t\t\t\t<\/a>\n\t\t\t\t\t\t<\/h3>\n\t\t\t\t\t\t<p>W dniach 22-24 kwietnia 2026r. klasa 3af wraz z kolegami i kole\u017cankami z klas 3Tb, 3c, 3d, 3d, 2d wyruszyli na wycieczk\u0119 w kierunku naszego p\u00f3\u0142nocnego s\u0105siada\u2026 Szwecji.Pierwszym punktem na[&hellip;]<\/p>\n\t\t\t\t\t\t<a class=\"read-more link\" href=\"https:\/\/mickiewicz.net.pl\/am\/index.php\/2026\/04\/27\/ahoj-morska-przygodo\/\">\n\t\t\t\t\t\t\tRead more\t\t\t\t\t\t<\/a>\n\t\t\t\t\t<\/div>\n\t\t\t\t<\/div>\n\t\t\t<\/div>\n\t\t\t\t\t\t<div id=\"post-17318\" class=\"col-sm-6 col-md-3 space-bottom space-bottom-xs\">\n\t\t\t\t<div class=\"post-content card y-move bordered\">\n\t\t\t\t\t<div class=\"post-thumbnail\">\n   <a href=\"https:\/\/mickiewicz.net.pl\/am\/index.php\/2026\/04\/23\/zakonczenie-roku-dla-klas-maturalnych\/\" class=\"post-list-item-thumb \">\n      <img decoding=\"async\" width=\"1024\" height=\"724\" src=\"https:\/\/mickiewicz.net.pl\/am\/wp-content\/uploads\/2026\/04\/Mickiewicz-zaprasza-A2-w-poziomie-1-1024x724.jpg\" class=\"attachment-post-thumbnail size-post-thumbnail wp-post-image\" alt=\"\" srcset=\"https:\/\/mickiewicz.net.pl\/am\/wp-content\/uploads\/2026\/04\/Mickiewicz-zaprasza-A2-w-poziomie-1-1024x724.jpg 1024w, https:\/\/mickiewicz.net.pl\/am\/wp-content\/uploads\/2026\/04\/Mickiewicz-zaprasza-A2-w-poziomie-1-300x212.jpg 300w, https:\/\/mickiewicz.net.pl\/am\/wp-content\/uploads\/2026\/04\/Mickiewicz-zaprasza-A2-w-poziomie-1-768x543.jpg 768w, https:\/\/mickiewicz.net.pl\/am\/wp-content\/uploads\/2026\/04\/Mickiewicz-zaprasza-A2-w-poziomie-1-1536x1086.jpg 1536w, https:\/\/mickiewicz.net.pl\/am\/wp-content\/uploads\/2026\/04\/Mickiewicz-zaprasza-A2-w-poziomie-1-2048x1448.jpg 2048w, https:\/\/mickiewicz.net.pl\/am\/wp-content\/uploads\/2026\/04\/Mickiewicz-zaprasza-A2-w-poziomie-1-1528x1080.jpg 1528w\" sizes=\"(max-width: 1024px) 100vw, 1024px\" \/>   <\/a>\n<\/div>\n\t\t\t\t\t<div class=\"col-padding col-padding-xs\">\n\t\t\t\t\t\t<h3 class=\"post-title space-bottom-small\">\n\t\t\t\t\t\t\t<a href=\"https:\/\/mickiewicz.net.pl\/am\/index.php\/2026\/04\/23\/zakonczenie-roku-dla-klas-maturalnych\/\" rel=\"bookmark\">\n\t\t\t\t\t\t\t\tZako\u0144czenie roku dla klas maturalnych\t\t\t\t\t\t\t<\/a>\n\t\t\t\t\t\t<\/h3>\n\t\t\t\t\t\t\t\t\t\t\t\t<a class=\"read-more link\" href=\"https:\/\/mickiewicz.net.pl\/am\/index.php\/2026\/04\/23\/zakonczenie-roku-dla-klas-maturalnych\/\">\n\t\t\t\t\t\t\tRead more\t\t\t\t\t\t<\/a>\n\t\t\t\t\t<\/div>\n\t\t\t\t<\/div>\n\t\t\t<\/div>\n\t\t\t\t\t\t<div id=\"post-17220\" class=\"col-sm-6 col-md-3 space-bottom space-bottom-xs\">\n\t\t\t\t<div class=\"post-content card y-move bordered\">\n\t\t\t\t\t<div class=\"post-thumbnail\">\n   <a href=\"https:\/\/mickiewicz.net.pl\/am\/index.php\/2026\/04\/22\/dzien-otwarty-w-mickiewiczu-frekwencja-i-atmosfera-przerosly-oczekiwania\/\" class=\"post-list-item-thumb \">\n      <img loading=\"lazy\" decoding=\"async\" width=\"1024\" height=\"683\" src=\"https:\/\/mickiewicz.net.pl\/am\/wp-content\/uploads\/2026\/04\/IMG_2743-1024x683.jpg\" class=\"attachment-post-thumbnail size-post-thumbnail wp-post-image\" alt=\"\" srcset=\"https:\/\/mickiewicz.net.pl\/am\/wp-content\/uploads\/2026\/04\/IMG_2743-1024x683.jpg 1024w, https:\/\/mickiewicz.net.pl\/am\/wp-content\/uploads\/2026\/04\/IMG_2743-300x200.jpg 300w, https:\/\/mickiewicz.net.pl\/am\/wp-content\/uploads\/2026\/04\/IMG_2743-768x512.jpg 768w, https:\/\/mickiewicz.net.pl\/am\/wp-content\/uploads\/2026\/04\/IMG_2743-1536x1024.jpg 1536w, https:\/\/mickiewicz.net.pl\/am\/wp-content\/uploads\/2026\/04\/IMG_2743-2048x1365.jpg 2048w, https:\/\/mickiewicz.net.pl\/am\/wp-content\/uploads\/2026\/04\/IMG_2743-1620x1080.jpg 1620w\" sizes=\"(max-width: 1024px) 100vw, 1024px\" \/>   <\/a>\n<\/div>\n\t\t\t\t\t<div class=\"col-padding col-padding-xs\">\n\t\t\t\t\t\t<h3 class=\"post-title space-bottom-small\">\n\t\t\t\t\t\t\t<a href=\"https:\/\/mickiewicz.net.pl\/am\/index.php\/2026\/04\/22\/dzien-otwarty-w-mickiewiczu-frekwencja-i-atmosfera-przerosly-oczekiwania\/\" rel=\"bookmark\">\n\t\t\t\t\t\t\t\tDzie\u0144 Otwarty w Mickiewiczu \u2013 frekwencja i atmosfera przeros\u0142y oczekiwania\t\t\t\t\t\t\t<\/a>\n\t\t\t\t\t\t<\/h3>\n\t\t\t\t\t\t<p>Dzie\u0144 Otwarty w Mickiewiczu ju\u017c za nami \u2013 i bez w\u0105tpienia mo\u017cemy zaliczy\u0107 go do wyj\u0105tkowo udanych wydarze\u0144 w \u017cyciu naszej szko\u0142y. Budynek dos\u0142ownie p\u0119ka\u0142 w szwach, a w jego[&hellip;]<\/p>\n\t\t\t\t\t\t<a class=\"read-more link\" href=\"https:\/\/mickiewicz.net.pl\/am\/index.php\/2026\/04\/22\/dzien-otwarty-w-mickiewiczu-frekwencja-i-atmosfera-przerosly-oczekiwania\/\">\n\t\t\t\t\t\t\tRead more\t\t\t\t\t\t<\/a>\n\t\t\t\t\t<\/div>\n\t\t\t\t<\/div>\n\t\t\t<\/div>\n\t\t\t\t<\/div>\n\t<\/div>\n<\/div>\n<div  class=\"row\">\n<div  class=\"text-center\"> <a  class=\"button color1\" href=\"https:\/\/mickiewicz.net.pl\/am\/index.php\/blog\/\" data-attr-shortcode=\"href:mesmerize_blog_link\" role=\"link\">Zobacz Wi\u0119cej<\/a><\/div>\n<\/div>\n<\/div>\n<\/div><div  class=\"portfolio-5 content-section content-section-spacing\" id=\"portfolio-1\" style=\"background-image: none; background-color: rgb(255, 255, 255);\" data-id=\"portfolio--1\" data-category=\"portfolio\" data-export-id=\"portfolio-5\" data-label=\"Portfolio\">\n<div  class=\"gridContainer\">\n<div  class=\"row text-center\">\n<div  class=\"section-title-col\" data-type=\"column\">\n<h2  class=\"\">Profile w naszej szkole<\/h2>\n<\/div>\n<\/div>\n<div  class=\"row space-bottom spaced-cols\" data-type=\"row\">\n<div  class=\"col-xs-12 col-sm-4 text-center\">\n<div  class=\"card no-padding bordered\">\n<div  class=\"contentswap-effect\" data-hover-fx=\"portfolio-6\">\n<div  class=\"initial-image\"> <img  decoding=\"async\" src=\"https:\/\/mickiewicz.net.pl\/am\/wp-content\/uploads\/2020\/06\/cropped-fizyka-70039.jpg\" data-size=\"500x333\"><\/div>\n<div  class=\"overlay bg-color6\"><\/div>\n<div  class=\"swap-inner col-xs-12\">\n<div  class=\"row full-height-row middle-xs middle-sm\">\n<div  class=\"col-xs-12 text-center content-holder\"> <a  class=\"button small color1\" href=\"https:\/\/mickiewicz.net.pl\/rekrut\/klasa-1a\" target=\"_self\" rel=\"noopener noreferrer\" data-cp-link=\"1\" role=\"link\">Czytaj Wi\u0119cej<\/a><\/div>\n<\/div>\n<\/div>\n<\/div>\n<div  class=\"col-xs-12\">\n<div  class=\"space-bottom space-top\" data-type=\"column\">\n<h5  class=\"\">Matematyczno-Fizyczny<\/h5>\n<\/div>\n<\/div>\n<\/div>\n<\/div>\n<div  class=\"col-xs-12 col-sm-4 text-center\">\n<div  class=\"card no-padding bordered\">\n<div  class=\"contentswap-effect\" data-hover-fx=\"portfolio-6\">\n<div  class=\"initial-image\"> <img  decoding=\"async\" src=\"https:\/\/mickiewicz.net.pl\/am\/wp-content\/uploads\/2020\/06\/cropped-Bez-tytu%C5%82u-1.jpg\" data-size=\"500x333\"><\/div>\n<div  class=\"overlay bg-color6\"><\/div>\n<div  class=\"swap-inner col-xs-12\">\n<div  class=\"row full-height-row middle-xs middle-sm\">\n<div  class=\"col-xs-12 text-center content-holder\"> <a  class=\"button small color1\" href=\"https:\/\/mickiewicz.net.pl\/rekrut\/klasa-1b\" target=\"_self\" rel=\"noopener noreferrer\" data-cp-link=\"1\" role=\"link\">Czytaj Wi\u0119cej<\/a><\/div>\n<\/div>\n<\/div>\n<\/div>\n<div  class=\"col-xs-12\">\n<div  class=\"space-bottom space-top\" data-type=\"column\">\n<h5  class=\"\">Biologiczno-Chemiczny<\/h5>\n<\/div>\n<\/div>\n<\/div>\n<\/div>\n<div  class=\"col-xs-12 col-sm-4 text-center\">\n<div  class=\"card no-padding bordered\">\n<div  class=\"contentswap-effect\" data-hover-fx=\"portfolio-6\">\n<div  class=\"initial-image\"> <img  decoding=\"async\" src=\"https:\/\/mickiewicz.net.pl\/am\/wp-content\/uploads\/2020\/06\/cropped-3154529-ksiazka-900-600.jpg\" data-size=\"500x333\"><\/div>\n<div  class=\"overlay bg-color6\"><\/div>\n<div  class=\"swap-inner col-xs-12\">\n<div  class=\"row full-height-row middle-xs middle-sm\">\n<div  class=\"col-xs-12 text-center content-holder\"> <a  class=\"button small color1\" href=\"https:\/\/mickiewicz.net.pl\/rekrut\/klasa-1c\" target=\"_self\" rel=\"noopener noreferrer\" data-cp-link=\"1\" role=\"link\">Czytaj Wi\u0119cej<\/a><\/div>\n<\/div>\n<\/div>\n<\/div>\n<div  class=\"col-xs-12\">\n<div  class=\"space-bottom space-top\" data-type=\"column\">\n<h5  class=\"\">Humanistyczny<\/h5>\n<\/div>\n<\/div>\n<\/div>\n<\/div>\n<div  class=\"col-xs-12 col-sm-4 text-center\">\n<div  class=\"card no-padding bordered\">\n<div  class=\"contentswap-effect\" data-hover-fx=\"portfolio-6\">\n<div  class=\"initial-image\"> <img  decoding=\"async\" src=\"https:\/\/mickiewicz.net.pl\/am\/wp-content\/uploads\/2020\/06\/cropped-2959349-biznes-firma-657-323.jpg\" data-size=\"500x333\"><\/div>\n<div  class=\"overlay bg-color6\"><\/div>\n<div  class=\"swap-inner col-xs-12\">\n<div  class=\"row full-height-row middle-xs middle-sm\">\n<div  class=\"col-xs-12 text-center content-holder\"> <a  class=\"button small color1\" href=\"https:\/\/mickiewicz.net.pl\/rekrut\/klasa-1d\" target=\"_self\" rel=\"noopener noreferrer\" data-cp-link=\"1\" role=\"link\">Czytaj Wi\u0119cej<\/a><\/div>\n<\/div>\n<\/div>\n<\/div>\n<div  class=\"col-xs-12\">\n<div  class=\"space-bottom space-top\" data-type=\"column\">\n<h5  class=\"\">Biznesowy<\/h5>\n<\/div>\n<\/div>\n<\/div>\n<\/div>\n<div  class=\"col-xs-12 col-sm-4 text-center\">\n<div  class=\"card no-padding bordered\">\n<div  class=\"contentswap-effect\" data-hover-fx=\"portfolio-6\">\n<div  class=\"initial-image\"> <img  decoding=\"async\" src=\"https:\/\/mickiewicz.net.pl\/am\/wp-content\/uploads\/2022\/04\/cropped-cropped-cropped-mat-geogr.jpg\" data-size=\"500x333\"><\/div>\n<div  class=\"overlay bg-color6\"><\/div>\n<div  class=\"swap-inner col-xs-12\">\n<div  class=\"row full-height-row middle-xs middle-sm\">\n<div  class=\"col-xs-12 text-center content-holder\"> <a  class=\"button small color1\" href=\"https:\/\/mickiewicz.net.pl\/rekrut\/klasa-1f\" target=\"_self\" rel=\"noopener noreferrer\" data-cp-link=\"1\" role=\"link\">Czytaj Wi\u0119cej<\/a><\/div>\n<\/div>\n<\/div>\n<\/div>\n<div  class=\"col-xs-12\">\n<div  class=\"space-bottom space-top\" data-type=\"column\">\n<h5  class=\"\">Matematyczno-Geograficzny<\/h5>\n<\/div>\n<\/div>\n<\/div>\n<\/div><div  class=\"col-xs-12 col-sm-4 text-center\">\n<div  class=\"card no-padding bordered\">\n<div  class=\"contentswap-effect\" data-hover-fx=\"portfolio-6\">\n<div  class=\"initial-image\"> <img  decoding=\"async\" src=\"https:\/\/mickiewicz.net.pl\/am\/wp-content\/uploads\/2020\/06\/cropped-Logistics-hero.jpg\" data-size=\"500x333\"><\/div>\n<div  class=\"overlay bg-color6\"><\/div>\n<div  class=\"swap-inner col-xs-12\">\n<div  class=\"row full-height-row middle-xs middle-sm\">\n<div  class=\"col-xs-12 text-center content-holder\"> <a  class=\"button small color1\" href=\"https:\/\/mickiewicz.net.pl\/rekrut\/klasa-1tb\" target=\"_self\" rel=\"noopener noreferrer\" data-cp-link=\"1\" role=\"link\">Czytaj Wi\u0119cej<\/a><\/div>\n<\/div>\n<\/div>\n<\/div>\n<div  class=\"col-xs-12\">\n<div  class=\"space-bottom space-top\" data-type=\"column\">\n<h5  class=\"\">Technik Logistyk<\/h5>\n<\/div>\n<\/div>\n<\/div>\n<\/div>\n<div  class=\"col-xs-12 col-sm-4 text-center\">\n<div  class=\"card no-padding bordered\">\n<div  class=\"contentswap-effect\" data-hover-fx=\"portfolio-6\">\n<div  class=\"initial-image\"> <img  decoding=\"async\" src=\"https:\/\/mickiewicz.net.pl\/am\/wp-content\/uploads\/2020\/06\/cropped-Y3c9MTE3MCZjaD01MTM_src_11472-informatyka_studia.jpg\" data-size=\"500x333\"><\/div>\n<div  class=\"overlay bg-color6\"><\/div>\n<div  class=\"swap-inner col-xs-12\">\n<div  class=\"row full-height-row middle-xs middle-sm\">\n<div  class=\"col-xs-12 text-center content-holder\"> <a  class=\"button small color1\" href=\"https:\/\/mickiewicz.net.pl\/rekrut\/klasa-1ta\" target=\"_self\" rel=\"noopener noreferrer\" data-cp-link=\"1\" role=\"link\">Czytaj Wi\u0119cej<\/a><\/div>\n<\/div>\n<\/div>\n<\/div>\n<div  class=\"col-xs-12\">\n<div  class=\"space-bottom space-top\" data-type=\"column\">\n<h5  class=\"\">Technik Informatyk<\/h5>\n<\/div>\n<\/div>\n<\/div>\n<\/div>\n<div  class=\"col-xs-12 col-sm-4 text-center\">\n<div  class=\"card no-padding bordered\">\n<div  class=\"contentswap-effect\" data-hover-fx=\"portfolio-6\">\n<div  class=\"initial-image\"> <img  decoding=\"async\" src=\"https:\/\/mickiewicz.net.pl\/am\/wp-content\/uploads\/2025\/04\/cropped-programista.jpg\" data-size=\"500x333\"><\/div>\n<div  class=\"overlay bg-color6\"><\/div>\n<div  class=\"swap-inner col-xs-12\">\n<div  class=\"row full-height-row middle-xs middle-sm\">\n<div  class=\"col-xs-12 text-center content-holder\"> <a  class=\"button small color1\" href=\"https:\/\/mickiewicz.net.pl\/rekrut\/klasa-1ta\" target=\"_self\" rel=\"noopener noreferrer\" data-cp-link=\"1\" role=\"link\">Czytaj Wi\u0119cej<\/a><\/div>\n<\/div>\n<\/div>\n<\/div>\n<div  class=\"col-xs-12\">\n<div  class=\"space-bottom space-top\" data-type=\"column\">\n<h5  class=\"\">Technik Programista<\/h5>\n<\/div>\n<\/div>\n<\/div>\n<\/div><\/div>\n<div  class=\"row\"><\/div>\n<\/div>\n<\/div><div  class=\"contact-1 content-section content-section-spacing white-text\" id=\"kontakt\" data-id=\"contact-1\" data-parallax-depth=\"20\" data-category=\"contact\" data-export-id=\"contact-1\" data-label=\"Kontakt\">\n<div  class=\"gridContainer\">\n<div  class=\"row text-center\">\n<div  class=\"section-title-col\" data-type=\"column\">\n<h3  class=\"\">ZESP\u00d3\u0141 SZK\u00d3\u0141 NR 1 IM. ADAMA MICKIEWICZA<\/h3>\n<h4  class=\"\">\n<div >I Liceum Og\u00f3lnokszta\u0142c\u0105ce im. Adama Mickiewicza<\/div>\n<div >Technikum nr 1<\/div>\n<div >ul. Sobieskiego 22,&nbsp; &nbsp;42-700 Lubliniec<\/div>\n<div >tel.: 782 992 645;&nbsp; &nbsp;34 351 14 33&nbsp; &nbsp;<\/div>\n<div >e-mail: sekretariat@mickiewicz.net.pl&nbsp;<\/div>\n<div >NIP 575-10-25-078\n<br ><br >Adres elektronicznej skrzynki podawczej (ePUAP):&nbsp;<\/div>\/ZS1Lubliniec\/SkrytkaESP&nbsp;<\/h4>\n<\/div>\n<\/div>\n<div  class=\"row text-center\">\n<div  class=\"col-xs-12 col-sm-8 col-sm-offset-2 contact-form-wrapper inline-info\"><\/div>\n<\/div>\n<\/div>\n<\/div><!-- Created with Elementor --><!-- Created with Elementor --><!-- Created with Elementor --><div  data-label=\"Clients\" data-id=\"clients--1\" data-export-id=\"clients-1\" data-category=\"clients\" class=\"clients-1 content-section content-section-spacing\" id=\"clients-1\" style=\"background-color: rgb(255, 255, 255); background-image: none;\"><div  class=\"gridContainer\"> <div  class=\"row middle-sm\"><div  data-type=\"column\" class=\"col-sm-6 space-bottom-xs\"> <h2  class=\"font-700\">Wsp\u00f3\u0142pracujemy z:<\/h2> <\/div> <div  class=\"col-sm-6\"><div  data-type=\"row\" class=\"row spaced-cols center-xs padding-lr\"> <div  class=\"col-xs-3 col-md-3\"> <a  data-cp-link=\"1\" href=\"https:\/\/pcz.pl\" class=\"\" target=\"_self\" rel=\"noopener\" role=\"link\"><img  decoding=\"async\" src=\"https:\/\/mickiewicz.net.pl\/am\/wp-content\/uploads\/2022\/06\/PCz.png\" class=\"desaturate\" title=\"PCz\" alt=\"\"><\/a><\/div><div  class=\"col-xs-3 col-md-3\"> <a  data-cp-link=\"1\" href=\"https:\/\/www.polsl.pl\/rmt\" class=\"\" target=\"_self\" rel=\"noopener\" role=\"link\"><img  decoding=\"async\" src=\"https:\/\/mickiewicz.net.pl\/am\/wp-content\/uploads\/2022\/06\/MT-PSl.png\" class=\"desaturate\" title=\"MT P\u015al\" alt=\"\"><\/a><\/div>  <div  class=\"col-xs-3 col-md-3\"> <a  data-cp-link=\"1\" href=\"https:\/\/www.wsb.net.pl\" class=\"\" target=\"_self\" rel=\"noopener\" role=\"link\"><img  decoding=\"async\" src=\"https:\/\/mickiewicz.net.pl\/am\/wp-content\/uploads\/2022\/06\/cropped-WSB.png\" class=\"desaturate\" title=\"cropped-WSB.png\" alt=\"\"><\/a><\/div>  <div  class=\"col-xs-3 col-md-3\"> <a  data-cp-link=\"1\" href=\"https:\/\/www.sgh.waw.pl\" class=\"\" target=\"_self\" rel=\"noopener\" role=\"link\"><img  decoding=\"async\" src=\"https:\/\/mickiewicz.net.pl\/am\/wp-content\/uploads\/2024\/11\/logo.svg\" class=\"desaturate\" title=\"PCz\" alt=\"\"><\/a><a  data-cp-link=\"1\" href=\"https:\/\/www.sgh.waw.pl\" class=\"\" target=\"_self\"><img  decoding=\"async\" class=\"custom-image\" src=\"https:\/\/mickiewicz.net.pl\/am\/wp-content\/uploads\/2024\/11\/logo.png\" title=\"logo\" alt=\"\"><\/a><\/div><\/div><\/div> <\/div><\/div> <\/div>","protected":false},"excerpt":{"rendered":"<p>Facebook Instagram Samorz\u0105d uczniowski Zapraszamy \u00f3smoklasist\u00f3w! Zach\u0119camy do zapoznania si\u0119 z ofert\u0105 edukacyjn\u0105 naszej szko\u0142y. Wiadomo\u015bci Zobacz Wi\u0119cej Profile w naszej szkole Czytaj Wi\u0119cej Matematyczno-Fizyczny Czytaj Wi\u0119cej Biologiczno-Chemiczny Czytaj Wi\u0119cej Humanistyczny Czytaj Wi\u0119cej Biznesowy Czytaj Wi\u0119cej Matematyczno-Geograficzny Czytaj Wi\u0119cej Technik Logistyk Czytaj Wi\u0119cej Technik Informatyk Czytaj Wi\u0119cej Technik Programista ZESP\u00d3\u0141 SZK\u00d3\u0141 NR 1 IM. ADAMA&hellip; <br \/> <a class=\"read-more\" href=\"https:\/\/mickiewicz.net.pl\/am\/index.php\/2026\/04\/22\/dzien-otwarty-w-mickiewiczu-frekwencja-i-atmosfera-przerosly-oczekiwania\/\">Dowiedz si\u0119 wi\u0119cej<\/a><\/p>\n","protected":false},"author":6,"featured_media":0,"parent":0,"menu_order":0,"comment_status":"closed","ping_status":"closed","template":"","meta":{"footnotes":""},"class_list":["post-5","page","type-page","status-publish","hentry"],"_links":{"self":[{"href":"https:\/\/mickiewicz.net.pl\/am\/index.php\/wp-json\/wp\/v2\/pages\/5","targetHints":{"allow":["GET"]}}],"collection":[{"href":"https:\/\/mickiewicz.net.pl\/am\/index.php\/wp-json\/wp\/v2\/pages"}],"about":[{"href":"https:\/\/mickiewicz.net.pl\/am\/index.php\/wp-json\/wp\/v2\/types\/page"}],"author":[{"embeddable":true,"href":"https:\/\/mickiewicz.net.pl\/am\/index.php\/wp-json\/wp\/v2\/users\/6"}],"replies":[{"embeddable":true,"href":"https:\/\/mickiewicz.net.pl\/am\/index.php\/wp-json\/wp\/v2\/comments?post=5"}],"version-history":[{"count":230,"href":"https:\/\/mickiewicz.net.pl\/am\/index.php\/wp-json\/wp\/v2\/pages\/5\/revisions"}],"predecessor-version":[{"id":16787,"href":"https:\/\/mickiewicz.net.pl\/am\/index.php\/wp-json\/wp\/v2\/pages\/5\/revisions\/16787"}],"wp:attachment":[{"href":"https:\/\/mickiewicz.net.pl\/am\/index.php\/wp-json\/wp\/v2\/media?parent=5"}],"curies":[{"name":"wp","href":"https:\/\/api.w.org\/{rel}","templated":true}]}}