{"id":5014,"date":"2022-11-02T08:49:37","date_gmt":"2022-11-02T07:49:37","guid":{"rendered":"https:\/\/mickiewicz.net.pl\/am\/?page_id=5014"},"modified":"2026-03-09T09:30:15","modified_gmt":"2026-03-09T08:30:15","slug":"informacje-dla-maturzystow","status":"publish","type":"page","link":"https:\/\/mickiewicz.net.pl\/am\/index.php\/informacje-dla-maturzystow\/","title":{"rendered":"Informacje dla maturzyst\u00f3w"},"content":{"rendered":"\t\t<div data-elementor-type=\"wp-page\" data-elementor-id=\"5014\" class=\"elementor elementor-5014\">\n\t\t\t\t\t\t<section class=\"elementor-section elementor-top-section elementor-element elementor-element-5d14fce elementor-section-boxed elementor-section-height-default elementor-section-height-default\" data-id=\"5d14fce\" data-element_type=\"section\" data-e-type=\"section\">\n\t\t\t\t\t\t<div class=\"elementor-container elementor-column-gap-default\">\n\t\t\t\t\t<div class=\"elementor-column elementor-col-100 elementor-top-column elementor-element elementor-element-71c2e24\" data-id=\"71c2e24\" data-element_type=\"column\" data-e-type=\"column\">\n\t\t\t<div class=\"elementor-widget-wrap elementor-element-populated\">\n\t\t\t\t\t\t<div class=\"elementor-element elementor-element-671ef0a elementor-widget elementor-widget-heading\" data-id=\"671ef0a\" data-element_type=\"widget\" data-e-type=\"widget\" data-widget_type=\"heading.default\">\n\t\t\t\t<div class=\"elementor-widget-container\">\n\t\t\t\t\t<h2 class=\"elementor-heading-title elementor-size-default\">Szanowni Maturzy\u015bci!<\/h2>\t\t\t\t<\/div>\n\t\t\t\t<\/div>\n\t\t\t\t\t<\/div>\n\t\t<\/div>\n\t\t\t\t\t<\/div>\n\t\t<\/section>\n\t\t\t\t<section class=\"elementor-section elementor-top-section elementor-element elementor-element-0911e4f elementor-section-boxed elementor-section-height-default elementor-section-height-default\" data-id=\"0911e4f\" data-element_type=\"section\" data-e-type=\"section\">\n\t\t\t\t\t\t<div class=\"elementor-container elementor-column-gap-default\">\n\t\t\t\t\t<div class=\"elementor-column elementor-col-100 elementor-top-column elementor-element elementor-element-4facd0a\" data-id=\"4facd0a\" data-element_type=\"column\" data-e-type=\"column\">\n\t\t\t<div class=\"elementor-widget-wrap elementor-element-populated\">\n\t\t\t\t\t\t<div class=\"elementor-element elementor-element-3a07296 elementor-widget elementor-widget-text-editor\" data-id=\"3a07296\" data-element_type=\"widget\" data-e-type=\"widget\" data-widget_type=\"text-editor.default\">\n\t\t\t\t<div class=\"elementor-widget-container\">\n\t\t\t\t\t\t\t\t\t<p>W zwi\u0105zku ze zbli\u017caj\u0105cym si\u0119 egzaminem maturalnym przypominamy o kilku wa\u017cnych kwestiach.<\/p>\n<p>Prosz\u0119 pami\u0119ta\u0107, aby na egzamin (zar\u00f3wno pisemny, jak i ustny) <b> przyby\u0107 z odpowiednim wyprzedzeniem (przynajmniej 30-minutowym)<\/b>. W ten spos\u00f3b uda si\u0119 wyeliminowa\u0107 stres zwi\u0105zany z niebezpiecze\u0144stwem sp\u00f3\u017anienia si\u0119. Z wi\u0119kszym spokojem b\u0119dziecie mogli rozpocz\u0105\u0107 egzamin i zapewne przyczyni si\u0119 do wi\u0119kszego skupienia przy rozwi\u0105zywaniu zada\u0144 egzaminacyjnych.<\/p>\n<p>Prosz\u0119 tak\u017ce pami\u0119ta\u0107 o dowodzie to\u017csamo\u015bci: <strong>dow\u00f3d osobisty lub paszport<\/strong> (np. legitymacja szkolna nie b\u0119dzie wystarczaj\u0105ca do stwierdzenia to\u017csamo\u015bci).<\/p>\n<p>Na sal\u0119 egzaminacyjn\u0105 <strong>nie b\u0119dzie mo\u017cna wnosi\u0107 telefon\u00f3w, smartwatchy lub innych urz\u0105dze\u0144 telekomunikacyjnych<\/strong>. Przyniesiony sprz\u0119t b\u0119dzie mo\u017cna zdeponowa\u0107 w wyznaczonym miejscu w szkole (wskazana sala lekcyjna lub sekretariat).<\/p>\n<p>Mo\u017cna b\u0119dzie przynie\u015b\u0107 ma\u0142\u0105 butelk\u0119 wody niegazowanej.<\/p>\n<p>Prosimy tak\u017ce o przestrzeganie zasad zwi\u0105zanych ze strojem w szkole. Podczas egzamin\u00f3w, zgodnie ze statutem, powinien to by\u0107 str\u00f3j galowy.<\/p>\n<p>Poni\u017cej znajduj\u0105 si\u0119 przypomnienia dotycz\u0105ce przybor\u00f3w dozwolonych na poszczeg\u00f3lnych egzaminach oraz przebiegu egzaminu z informatyki.<\/p>\t\t\t\t\t\t\t\t<\/div>\n\t\t\t\t<\/div>\n\t\t\t\t\t<\/div>\n\t\t<\/div>\n\t\t\t\t\t<\/div>\n\t\t<\/section>\n\t\t\t\t<section class=\"elementor-section elementor-top-section elementor-element elementor-element-436ea59 elementor-section-boxed elementor-section-height-default elementor-section-height-default\" data-id=\"436ea59\" data-element_type=\"section\" data-e-type=\"section\">\n\t\t\t\t\t\t<div class=\"elementor-container elementor-column-gap-default\">\n\t\t\t\t\t<div class=\"elementor-column elementor-col-100 elementor-top-column elementor-element elementor-element-781111d\" data-id=\"781111d\" data-element_type=\"column\" data-e-type=\"column\">\n\t\t\t<div class=\"elementor-widget-wrap elementor-element-populated\">\n\t\t\t\t\t\t<div class=\"elementor-element elementor-element-99ae510 elementor-widget elementor-widget-text-editor\" data-id=\"99ae510\" data-element_type=\"widget\" data-e-type=\"widget\" data-widget_type=\"text-editor.default\">\n\t\t\t\t<div class=\"elementor-widget-container\">\n\t\t\t\t\t\t\t\t\t<p><a href=\"https:\/\/mickiewicz.net.pl\/szkola\/Matura\/PRZYBORY.pdf\">Informacja o przyborach<\/a> oraz <a href=\"http:\/\/cke.gov.pl\/images\/_EGZAMIN_MATURALNY_OD_2023\/komunikaty\/2026\/komunikaty\/20250820%20E8_EM%20Komunikat%20o%20przyborach%202026.pdf\">Komunikat Dyrektora CKE o przyborach<\/a><\/p>\t\t\t\t\t\t\t\t<\/div>\n\t\t\t\t<\/div>\n\t\t\t\t<div class=\"elementor-element elementor-element-7a104f3 elementor-widget elementor-widget-text-editor\" data-id=\"7a104f3\" data-element_type=\"widget\" data-e-type=\"widget\" data-widget_type=\"text-editor.default\">\n\t\t\t\t<div class=\"elementor-widget-container\">\n\t\t\t\t\t\t\t\t\t<p><a href=\"https:\/\/mickiewicz.net.pl\/szkola\/Matura\/EGZAMIN MATURALNY Z INFORMATYKI.pdf\" data-wplink-url-error=\"true\">Przebieg egzaminu maturalnego z informatyki<\/a><\/p>\t\t\t\t\t\t\t\t<\/div>\n\t\t\t\t<\/div>\n\t\t\t\t\t<\/div>\n\t\t<\/div>\n\t\t\t\t\t<\/div>\n\t\t<\/section>\n\t\t\t\t<section class=\"elementor-section elementor-top-section elementor-element elementor-element-38c0777 elementor-section-boxed elementor-section-height-default elementor-section-height-default\" data-id=\"38c0777\" data-element_type=\"section\" data-e-type=\"section\">\n\t\t\t\t\t\t<div class=\"elementor-container elementor-column-gap-default\">\n\t\t\t\t\t<div class=\"elementor-column elementor-col-100 elementor-top-column elementor-element elementor-element-5a71f42\" data-id=\"5a71f42\" data-element_type=\"column\" data-e-type=\"column\">\n\t\t\t<div class=\"elementor-widget-wrap\">\n\t\t\t\t\t\t\t<\/div>\n\t\t<\/div>\n\t\t\t\t\t<\/div>\n\t\t<\/section>\n\t\t\t\t<\/div>\n\t\t","protected":false},"excerpt":{"rendered":"<p>Szanowni Maturzy\u015bci! W zwi\u0105zku ze zbli\u017caj\u0105cym si\u0119 egzaminem maturalnym przypominamy o kilku wa\u017cnych kwestiach. Prosz\u0119 pami\u0119ta\u0107, aby na egzamin (zar\u00f3wno pisemny, jak i ustny) przyby\u0107 z odpowiednim wyprzedzeniem (przynajmniej 30-minutowym). W ten spos\u00f3b uda si\u0119 wyeliminowa\u0107 stres zwi\u0105zany z niebezpiecze\u0144stwem sp\u00f3\u017anienia si\u0119. Z wi\u0119kszym spokojem b\u0119dziecie mogli rozpocz\u0105\u0107 egzamin i zapewne przyczyni si\u0119 do wi\u0119kszego&hellip; <br \/> <a class=\"read-more\" href=\"https:\/\/mickiewicz.net.pl\/am\/index.php\/informacje-dla-maturzystow\/\">Dowiedz si\u0119 wi\u0119cej<\/a><\/p>\n","protected":false},"author":14,"featured_media":0,"parent":0,"menu_order":0,"comment_status":"closed","ping_status":"closed","template":"","meta":{"footnotes":""},"class_list":["post-5014","page","type-page","status-publish","hentry"],"_links":{"self":[{"href":"https:\/\/mickiewicz.net.pl\/am\/index.php\/wp-json\/wp\/v2\/pages\/5014","targetHints":{"allow":["GET"]}}],"collection":[{"href":"https:\/\/mickiewicz.net.pl\/am\/index.php\/wp-json\/wp\/v2\/pages"}],"about":[{"href":"https:\/\/mickiewicz.net.pl\/am\/index.php\/wp-json\/wp\/v2\/types\/page"}],"author":[{"embeddable":true,"href":"https:\/\/mickiewicz.net.pl\/am\/index.php\/wp-json\/wp\/v2\/users\/14"}],"replies":[{"embeddable":true,"href":"https:\/\/mickiewicz.net.pl\/am\/index.php\/wp-json\/wp\/v2\/comments?post=5014"}],"version-history":[{"count":37,"href":"https:\/\/mickiewicz.net.pl\/am\/index.php\/wp-json\/wp\/v2\/pages\/5014\/revisions"}],"predecessor-version":[{"id":16323,"href":"https:\/\/mickiewicz.net.pl\/am\/index.php\/wp-json\/wp\/v2\/pages\/5014\/revisions\/16323"}],"wp:attachment":[{"href":"https:\/\/mickiewicz.net.pl\/am\/index.php\/wp-json\/wp\/v2\/media?parent=5014"}],"curies":[{"name":"wp","href":"https:\/\/api.w.org\/{rel}","templated":true}]}}