{"id":513,"date":"2020-08-28T09:40:09","date_gmt":"2020-08-28T07:40:09","guid":{"rendered":"http:\/\/mickiewicz.net.pl\/am\/?page_id=513"},"modified":"2025-08-27T09:17:22","modified_gmt":"2025-08-27T07:17:22","slug":"kolo-strzeleckie","status":"publish","type":"page","link":"https:\/\/mickiewicz.net.pl\/am\/index.php\/kolo-strzeleckie\/","title":{"rendered":"Ko\u0142o strzeleckie"},"content":{"rendered":"\n<p>Wszystkich uczni\u00f3w Zespo\u0142u Szk\u00f3\u0142 Nr 1 im. Adama Mickiewicza zainteresowanych strzelectwem sportowym&nbsp; zapraszamy na zaj\u0119cia k\u00f3\u0142ka strzeleckiego, kt\u00f3re odbywaj\u0105 si\u0119&nbsp;w ka\u017cdy pierwszy i drugi poniedzia\u0142ek miesi\u0105ca. Najcz\u0119\u015bciej spotkania uczestnik\u00f3w ko\u0142a odbywaj\u0105 si\u0119 w godzinach od 14.00 do 16.00 na strzelnicy Zespo\u0142u Szk\u00f3\u0142 Nr 1 im A. ul. Sobieskiego 22, kt\u00f3ra mie\u015bci si\u0119 pod star\u0105 sal\u0105 gimnastyczn\u0105. <\/p>\n\n\n\n<p>Strzelnica posiada sze\u015b\u0107 stanowisk strzeleckich ma d\u0142ugo\u015b\u0107 25 m i wyposa\u017cona jest w trzy zespo\u0142y kulochwyt\u00f3w. Jest tak\u017ce ma\u0142a sala wyk\u0142adowa, kt\u00f3ra s\u0142u\u017cy te\u017c jako sala oczekiwania dla czekaj\u0105cych na odbycie strzelania. Na strzelnicy w czasie strzelania mog\u0105 przebywa\u0107 tylko prowadz\u0105cy strzelanie i zawodnicy kt\u00f3rzy s\u0105 na stanowiskach. Jest to podstawowy nakaz bezpiecze\u0144stwa gdy\u017c zaj\u0119cia ko\u0142a odbywaj\u0105 si\u0119 tylko z broni palnej sportowej ma\u0142okalibrowej a strzelamy z amunicji kalibru 5,6 mm. (koszt jednego naboju to na razie 50 groszy). Grupa wydzielona do strzelania na dany dzie\u0144 nie mo\u017ce liczy\u0107 wi\u0119cej ni\u017c 15 os\u00f3b. Ka\u017cde strzelanie poprzedzone jest szczeg\u00f3\u0142owym instrukta\u017cem, jaki prowadzi prowadz\u0105cy strzelanie. Ka\u017cdy uczestnik strzelania w tym prowadz\u0105cy&nbsp; je\u017celi zauwa\u017cy, \u017ce sytuacja na strzelnicy zagra\u017ca bezpiecze\u0144stwu strzelaj\u0105cych ma obowi\u0105zek powiadomi\u0107 wszystkich strzelc\u00f3w dono\u015bnym g\u0142osem podaj\u0105c komend\u0119 &#8222;STOP&#8221;, w\u00f3wczas wszyscy przerywaj\u0105 strzelanie i odk\u0142adaj\u0105 bro\u0144 na stanowisko. Prowadz\u0105cy strzelanie ma obowi\u0105zek usuni\u0119cia danego zagro\u017cenia i podaje kolejn\u0105 komend\u0119 do ponownego strzelania &#8222;START&#8221;. Bro\u0144 na strzelnicy jest zawsze skierowana w stron\u0119 tarcz i nigdy nikomu nie wolno celowa\u0107 w inne cele. Na strzelnicy nie rozmawiamy jak i nie korzystamy z kom\u00f3rek, \u017ceby nie rozprasza\u0107 uwagi uczestnik\u00f3w. Zawsze po zako\u0144czonym strzelaniu i przejrzeniu broni przez&nbsp; prowadz\u0105cego, odk\u0142adamy bro\u0144 na podp\u00f3rk\u0119, co jest sygna\u0142em dla prowadz\u0105cego, \u017ce strzelec zako\u0144czy\u0142 strzelanie. Zawsze przed rozpocz\u0119ciem strzelania prowadz\u0105cy wpisuje nazwisko i imi\u0119 strzelaj\u0105cego do ksi\u0105\u017cki strzela\u0144 a ten podpisuje w niej udzielony instrukta\u017c i wp\u0142acon\u0105 sk\u0142adk\u0119 na amunicj\u0119. Prowadz\u0105cy strzelanie przydziela stanowiska strzeleckie i bro\u0144 ka\u017cdemu strzelcowi.<\/p>\n\n\n\n<p>Dzia\u0142alno\u015b\u0107 ko\u0142a trwa nieprzerwanie od 2002 roku. Prowadz\u0105cym k\u00f3\u0142ko strzeleckie jest nauczyciel mgr Wojciech By\u0142ak . Corocznie szkoli si\u0119 od 25 do 30 uczni\u00f3w, kt\u00f3rzy doskonal\u0105 si\u0119 w strzelectwie sportowym. Zazwyczaj\u00a0w czerwcu odbywaj\u0105 si\u0119 mi\u0119dzyszkolne zawody strzeleckie o indywidualne mistrzostwo szk\u00f3\u0142 \u015brednich, pod patronatem Starosty Powiatu Lubliniec, w wi\u0119kszo\u015bci kt\u00f3rych reprezentanci naszego Zespo\u0142u Szk\u00f3\u0142 zajmowali czo\u0142owe miejsca. Nawi\u0105zali\u015bmy kontakt z Pani\u0105 Alicj\u0105 Ziaj\u0105 zdobywczyni\u0105 dru\u017cynowego zwyci\u0119stwa reprezentacji Polski w mistrzostwach \u015bwiata w Monachium w 2010 roku &#8211; z\u0142oty medal dla naszej reprezentacji, mistrzyni\u0105 Europy w 2013 roku i mistrzyni\u0105 Polski w 2017 roku. Pani Alicja bardzo cz\u0119sto jest w komisji s\u0119dziowskiej zawod\u00f3w strzeleckich o indywidualne mistrzostwo, kt\u00f3re odbywaj\u0105 si\u0119 w czerwcu ka\u017cdego roku na naszej strzelnicy sportowej.<\/p>\n\n\n\n<p>R\u00f3wnocze\u015bnie prosimy o sukcesywne przybywanie na zaj\u0119cia ko\u0142a od godziny 14.00 do godziny 16.00, tak aby nie by\u0142o wi\u0119kszych zgromadze\u0144 ze wzgl\u0119du na nasze bezpiecze\u0144stwo!\u00a0Ze wzgl\u0119du na to, \u017ce prawie wszyscy uczestnicy ko\u0142a strzeleckiego s\u0105 niepe\u0142noletni , zgodnie z Ustaw\u0105 z dnia 21 maja 1999 r. o broni i amunicji Art.15,pkt 2 przy strzelaniu sportowym osoby niepe\u0142noletnie\u00a0 musz\u0105 mie\u0107 na to pisemne zezwolenie rodzic\u00f3w lub opiekun\u00f3w. Zezwolenie takie trzeba przedstawi\u0107 prowadz\u0105cemu strzelanie. Natomiast uczniowie maj\u0105cy 18 lat mog\u0105 strzela\u0107 sportowo bez takiego zezwolenia. Dla u\u0142atwienia przedstawiam taki wz\u00f3r zezwolenia do pobrania i wype\u0142nienia:<\/p>\n\n\n\n<p><em>wz\u00f3r zezwolenia:<\/em><\/p>\n\n\n\n<p class=\"has-text-align-center\"><strong>ZEZWOLENIE<\/strong><\/p>\n\n\n\n<p class=\"has-text-align-center\">Zezwalam mojemu synowi &#8211; mojej c\u00f3rce* (nazwisko i imi\u0119)<\/p>\n\n\n\n<p class=\"has-text-align-center\">&#8230;&#8230;&#8230;&#8230;&#8230;&#8230;&#8230;&#8230;&#8230;&#8230;&#8230;&#8230;&#8230;&#8230;&#8230;&#8230;&#8230;\u2026&#8230;&#8230;&#8230;&#8230;&#8230;&#8230;&#8230;&#8230;&#8230;&#8230;&#8230;&#8230;&#8230;&#8230;&#8230;&#8230;&#8230;&#8230;&#8230;. <\/p>\n\n\n\n<p class=\"has-text-align-center\">na udzia\u0142 w zaj\u0119ciach ko\u0142a strzeleckiego i strzelaniach sportowych<\/p>\n\n\n\n<p class=\"has-text-align-center\">na strzelnicy Zespo\u0142u Szk\u00f3\u0142 Nr 1 im. Adama Mickiewicza w Lubli\u0144cu<\/p>\n\n\n\n<p class=\"has-text-align-center\">w roku szkolnym 2025\/2026.<\/p>\n\n\n\n<p class=\"has-text-align-right\">&#8230;&#8230;&#8230;&#8230;&#8230;&#8230;&#8230;&#8230;&#8230;&#8230;&#8230;&#8230;&#8230;&#8230;&#8230;&#8230;&#8230;&#8230;&#8230;&#8230;&#8230;.<br><sup>nazwisko i imi\u0119 rodzica lub opiekuna<\/sup><\/p>\n\n\n\n<p><em><sub>* <sup>niepotrzebne skre\u015bli\u0107<\/sup><\/sub><\/em><\/p>\n\n\n\n<p><\/p>\n","protected":false},"excerpt":{"rendered":"<p>Wszystkich uczni\u00f3w Zespo\u0142u Szk\u00f3\u0142 Nr 1 im. Adama Mickiewicza zainteresowanych strzelectwem sportowym&nbsp; zapraszamy na zaj\u0119cia k\u00f3\u0142ka strzeleckiego, kt\u00f3re odbywaj\u0105 si\u0119&nbsp;w ka\u017cdy pierwszy i drugi poniedzia\u0142ek miesi\u0105ca. Najcz\u0119\u015bciej spotkania uczestnik\u00f3w ko\u0142a odbywaj\u0105 si\u0119 w godzinach od 14.00 do 16.00 na strzelnicy Zespo\u0142u Szk\u00f3\u0142 Nr 1 im A. ul. Sobieskiego 22, kt\u00f3ra mie\u015bci si\u0119 pod star\u0105 sal\u0105&hellip; <br \/> <a class=\"read-more\" href=\"https:\/\/mickiewicz.net.pl\/am\/index.php\/kolo-strzeleckie\/\">Dowiedz si\u0119 wi\u0119cej<\/a><\/p>\n","protected":false},"author":4,"featured_media":0,"parent":0,"menu_order":0,"comment_status":"closed","ping_status":"closed","template":"","meta":{"footnotes":""},"class_list":["post-513","page","type-page","status-publish","hentry"],"_links":{"self":[{"href":"https:\/\/mickiewicz.net.pl\/am\/index.php\/wp-json\/wp\/v2\/pages\/513","targetHints":{"allow":["GET"]}}],"collection":[{"href":"https:\/\/mickiewicz.net.pl\/am\/index.php\/wp-json\/wp\/v2\/pages"}],"about":[{"href":"https:\/\/mickiewicz.net.pl\/am\/index.php\/wp-json\/wp\/v2\/types\/page"}],"author":[{"embeddable":true,"href":"https:\/\/mickiewicz.net.pl\/am\/index.php\/wp-json\/wp\/v2\/users\/4"}],"replies":[{"embeddable":true,"href":"https:\/\/mickiewicz.net.pl\/am\/index.php\/wp-json\/wp\/v2\/comments?post=513"}],"version-history":[{"count":9,"href":"https:\/\/mickiewicz.net.pl\/am\/index.php\/wp-json\/wp\/v2\/pages\/513\/revisions"}],"predecessor-version":[{"id":14645,"href":"https:\/\/mickiewicz.net.pl\/am\/index.php\/wp-json\/wp\/v2\/pages\/513\/revisions\/14645"}],"wp:attachment":[{"href":"https:\/\/mickiewicz.net.pl\/am\/index.php\/wp-json\/wp\/v2\/media?parent=513"}],"curies":[{"name":"wp","href":"https:\/\/api.w.org\/{rel}","templated":true}]}}