{"id":55,"date":"2020-06-28T00:01:31","date_gmt":"2020-06-27T22:01:31","guid":{"rendered":"http:\/\/mickiewicz.net.pl\/am\/?page_id=55"},"modified":"2025-10-10T11:06:21","modified_gmt":"2025-10-10T09:06:21","slug":"ubezpieczenie-uczniow","status":"publish","type":"page","link":"https:\/\/mickiewicz.net.pl\/am\/index.php\/ubezpieczenie-uczniow\/","title":{"rendered":"Ubezpieczenie uczni\u00f3w"},"content":{"rendered":"\t\t<div data-elementor-type=\"wp-page\" data-elementor-id=\"55\" class=\"elementor elementor-55\">\n\t\t\t\t\t\t<section class=\"elementor-section elementor-top-section elementor-element elementor-element-8162b64 elementor-section-boxed elementor-section-height-default elementor-section-height-default\" data-id=\"8162b64\" data-element_type=\"section\" data-e-type=\"section\">\n\t\t\t\t\t\t<div class=\"elementor-container elementor-column-gap-default\">\n\t\t\t\t\t<div class=\"elementor-column elementor-col-100 elementor-top-column elementor-element elementor-element-30052ba\" data-id=\"30052ba\" data-element_type=\"column\" data-e-type=\"column\">\n\t\t\t<div class=\"elementor-widget-wrap elementor-element-populated\">\n\t\t\t\t\t\t<div class=\"elementor-element elementor-element-38c0ab1 elementor-widget elementor-widget-heading\" data-id=\"38c0ab1\" data-element_type=\"widget\" data-e-type=\"widget\" data-widget_type=\"heading.default\">\n\t\t\t\t<div class=\"elementor-widget-container\">\n\t\t\t\t\t<h2 class=\"elementor-heading-title elementor-size-medium\">\nW przypadku zaistnienia wypadku (tak w szkole, jak i poza ni\u0105) fakt ten zg\u0142asza rodzic\/pe\u0142noletni ucze\u0144 do ubezpieczyciela po podpisaniu protoko\u0142u powypadkowego przez rodzica\/pe\u0142noletniego ucznia i zako\u0144czonym leczeniu.<\/h2>\t\t\t\t<\/div>\n\t\t\t\t<\/div>\n\t\t\t\t<div class=\"elementor-element elementor-element-5c8638e elementor-widget elementor-widget-heading\" data-id=\"5c8638e\" data-element_type=\"widget\" data-e-type=\"widget\" data-widget_type=\"heading.default\">\n\t\t\t\t<div class=\"elementor-widget-container\">\n\t\t\t\t\t<h2 class=\"elementor-heading-title elementor-size-medium\">Informacje na temat ubezpieczenia uczni\u00f3w w roku szkolnym 2025\/2026:<\/h2>\t\t\t\t<\/div>\n\t\t\t\t<\/div>\n\t\t\t\t<div class=\"elementor-element elementor-element-1b299a9 elementor-widget-divider--view-line elementor-invisible elementor-widget elementor-widget-divider\" data-id=\"1b299a9\" data-element_type=\"widget\" data-e-type=\"widget\" data-settings=\"{&quot;_animation&quot;:&quot;fadeInUp&quot;}\" data-widget_type=\"divider.default\">\n\t\t\t\t<div class=\"elementor-widget-container\">\n\t\t\t\t\t\t\t<div class=\"elementor-divider\">\n\t\t\t<span class=\"elementor-divider-separator\">\n\t\t\t\t\t\t<\/span>\n\t\t<\/div>\n\t\t\t\t\t\t<\/div>\n\t\t\t\t<\/div>\n\t\t\t\t<div class=\"elementor-element elementor-element-6151925 elementor-widget elementor-widget-heading\" data-id=\"6151925\" data-element_type=\"widget\" data-e-type=\"widget\" data-widget_type=\"heading.default\">\n\t\t\t\t<div class=\"elementor-widget-container\">\n\t\t\t\t\t<h2 class=\"elementor-heading-title elementor-size-default\">Wyja\u015bnienie<\/h2>\t\t\t\t<\/div>\n\t\t\t\t<\/div>\n\t\t\t\t<div class=\"elementor-element elementor-element-35ebf8a elementor-widget elementor-widget-text-editor\" data-id=\"35ebf8a\" data-element_type=\"widget\" data-e-type=\"widget\" data-widget_type=\"text-editor.default\">\n\t\t\t\t<div class=\"elementor-widget-container\">\n\t\t\t\t\t\t\t\t\t<p><span style=\"font-family: 'Aptos Display',sans-serif; mso-ligatures: none; mso-fareast-language: PL;\">Szanowni Pa\u0144stwo<\/span><span style=\"font-family: 'Aptos Display',sans-serif;\">,<\/span><\/p><p>\u00a0Z uwagi na polityk\u0119 konkurencji wewn\u0119trznej w firmie INTERRISK nie mo\u017cemy wystawi\u0107 Pa\u0144stwu polisy na przedstawionych warunkach, bo pierwsze\u0144stwoa ma agencja kt\u00f3ry zawiera\u0142a polis\u0119 w roku ubieg\u0142ym.<\/p><p>\u00a0Jednak w zwi\u0105zku z akceptacj\u0105 oferty i rozpocz\u0119cia procesu informowania rodzic\u00f3w oraz zbierania sk\u0142adek, w porozumieniu z Rad\u0105 Rodzic\u00f3w, przygotowali\u015bmy analogiczn\u0105 ofert\u0119 w firmie COMPENSA ze sk\u0142adk\u0105 32 z\u0142 (oferta w za\u0142\u0105czniku).<\/p><p>\u00a0Oferta COMPENSA posiada dodatkowe zalety w postaci:<\/p><p>&#8211; dodatkowa wyp\u0142ata dodatkowo 1% SU w przypadku uszczerbku na terenie plac\u00f3wki, podczas wycieczki lub wyj\u015bcia na zaj\u0119cia \u2013 s\u0105 to najcz\u0119stsze zdarzenia<\/p><p>&#8211; ochrona w szkole, na wycieczkach, w czasie wakacji i ferii, na obozach i w czasie wolnym<\/p><p>&#8211; ochrona na amatorskich zaj\u0119ciach sportowych np. pi\u0142ki no\u017cnej, p\u0142ywania, tenisa \u2013 tak\u017ce w klubach i organizacjach sportowych<\/p><p>&#8211; ochrona podczas trening\u00f3w sztuk walki, kurs\u00f3w samoobrony i rekonstrukcji historycznych<\/p><p>&#8211; organizujemy wsparcie psychologa i prawnika w przypadku przemocy w internecie wobec dziecka<\/p><div><p><span style=\"font-size: 10.0pt; mso-fareast-language: PL;\">Z powa\u017caniem,<\/span><\/p><p><span style=\"font-size: 10.0pt; mso-fareast-language: PL;\">Konrad Wi\u015bniewski<\/span><\/p><\/div>\t\t\t\t\t\t\t\t<\/div>\n\t\t\t\t<\/div>\n\t\t\t\t\t<\/div>\n\t\t<\/div>\n\t\t\t\t\t<\/div>\n\t\t<\/section>\n\t\t\t\t<section class=\"elementor-section elementor-top-section elementor-element elementor-element-3866777 elementor-section-boxed elementor-section-height-default elementor-section-height-default\" data-id=\"3866777\" data-element_type=\"section\" data-e-type=\"section\">\n\t\t\t\t\t\t<div class=\"elementor-container elementor-column-gap-default\">\n\t\t\t\t\t<div class=\"elementor-column elementor-col-100 elementor-top-column elementor-element elementor-element-5d1f2d2\" data-id=\"5d1f2d2\" data-element_type=\"column\" data-e-type=\"column\">\n\t\t\t<div class=\"elementor-widget-wrap elementor-element-populated\">\n\t\t\t\t\t\t<div class=\"elementor-element elementor-element-123ed0e elementor-align-center elementor-invisible elementor-widget elementor-widget-button\" data-id=\"123ed0e\" data-element_type=\"widget\" data-e-type=\"widget\" data-settings=\"{&quot;_animation&quot;:&quot;fadeIn&quot;,&quot;_animation_tablet&quot;:&quot;fadeIn&quot;,&quot;_animation_mobile&quot;:&quot;none&quot;}\" data-widget_type=\"button.default\">\n\t\t\t\t<div class=\"elementor-widget-container\">\n\t\t\t\t\t\t\t\t\t<div class=\"elementor-button-wrapper\">\n\t\t\t\t\t<a class=\"elementor-button elementor-button-link elementor-size-sm\" href=\"http:\/\/mickiewicz.net.pl\/szkola\/Ubezpieczenie\/UBEZPIECZENIE%20WARIANTY%20POLISY.pdf\">\n\t\t\t\t\t\t<span class=\"elementor-button-content-wrapper\">\n\t\t\t\t\t\t\t\t\t<span class=\"elementor-button-text\">Oferta ubezpieczenia<\/span>\n\t\t\t\t\t<\/span>\n\t\t\t\t\t<\/a>\n\t\t\t\t<\/div>\n\t\t\t\t\t\t\t\t<\/div>\n\t\t\t\t<\/div>\n\t\t\t\t<div class=\"elementor-element elementor-element-8ad8037 elementor-align-center elementor-invisible elementor-widget elementor-widget-button\" data-id=\"8ad8037\" data-element_type=\"widget\" data-e-type=\"widget\" data-settings=\"{&quot;_animation&quot;:&quot;fadeIn&quot;,&quot;_animation_tablet&quot;:&quot;fadeIn&quot;,&quot;_animation_mobile&quot;:&quot;none&quot;}\" data-widget_type=\"button.default\">\n\t\t\t\t<div class=\"elementor-widget-container\">\n\t\t\t\t\t\t\t\t\t<div class=\"elementor-button-wrapper\">\n\t\t\t\t\t<a class=\"elementor-button elementor-button-link elementor-size-sm\" href=\"http:\/\/mickiewicz.net.pl\/szkola\/Ubezpieczenie\/UBEZPIECZENIE%20COMPENSA%20OWU.pdf\">\n\t\t\t\t\t\t<span class=\"elementor-button-content-wrapper\">\n\t\t\t\t\t\t\t\t\t<span class=\"elementor-button-text\">Og\u00f3lne warunki ubezpieczenia<\/span>\n\t\t\t\t\t<\/span>\n\t\t\t\t\t<\/a>\n\t\t\t\t<\/div>\n\t\t\t\t\t\t\t\t<\/div>\n\t\t\t\t<\/div>\n\t\t\t\t<div class=\"elementor-element elementor-element-01748cf elementor-align-center elementor-invisible elementor-widget elementor-widget-button\" data-id=\"01748cf\" data-element_type=\"widget\" data-e-type=\"widget\" data-settings=\"{&quot;_animation&quot;:&quot;fadeIn&quot;,&quot;_animation_tablet&quot;:&quot;fadeIn&quot;,&quot;_animation_mobile&quot;:&quot;none&quot;}\" data-widget_type=\"button.default\">\n\t\t\t\t<div class=\"elementor-widget-container\">\n\t\t\t\t\t\t\t\t\t<div class=\"elementor-button-wrapper\">\n\t\t\t\t\t<a class=\"elementor-button elementor-button-link elementor-size-sm\" href=\"http:\/\/mickiewicz.net.pl\/szkola\/Ubezpieczenie\/Zg\u0142oszenie%20szkody%20COMPENSA.pdf\">\n\t\t\t\t\t\t<span class=\"elementor-button-content-wrapper\">\n\t\t\t\t\t\t\t\t\t<span class=\"elementor-button-text\">Zg\u0142aszanie szkody<\/span>\n\t\t\t\t\t<\/span>\n\t\t\t\t\t<\/a>\n\t\t\t\t<\/div>\n\t\t\t\t\t\t\t\t<\/div>\n\t\t\t\t<\/div>\n\t\t\t\t\t<\/div>\n\t\t<\/div>\n\t\t\t\t\t<\/div>\n\t\t<\/section>\n\t\t\t\t<\/div>\n\t\t","protected":false},"excerpt":{"rendered":"<p>W przypadku zaistnienia wypadku (tak w szkole, jak i poza ni\u0105) fakt ten zg\u0142asza rodzic\/pe\u0142noletni ucze\u0144 do ubezpieczyciela po podpisaniu protoko\u0142u powypadkowego przez rodzica\/pe\u0142noletniego ucznia i zako\u0144czonym leczeniu. Informacje na temat ubezpieczenia uczni\u00f3w w roku szkolnym 2025\/2026: Wyja\u015bnienie Szanowni Pa\u0144stwo, \u00a0Z uwagi na polityk\u0119 konkurencji wewn\u0119trznej w firmie INTERRISK nie mo\u017cemy wystawi\u0107 Pa\u0144stwu polisy na&hellip; <br \/> <a class=\"read-more\" href=\"https:\/\/mickiewicz.net.pl\/am\/index.php\/ubezpieczenie-uczniow\/\">Dowiedz si\u0119 wi\u0119cej<\/a><\/p>\n","protected":false},"author":6,"featured_media":0,"parent":0,"menu_order":0,"comment_status":"closed","ping_status":"closed","template":"","meta":{"footnotes":""},"class_list":["post-55","page","type-page","status-publish","hentry"],"_links":{"self":[{"href":"https:\/\/mickiewicz.net.pl\/am\/index.php\/wp-json\/wp\/v2\/pages\/55","targetHints":{"allow":["GET"]}}],"collection":[{"href":"https:\/\/mickiewicz.net.pl\/am\/index.php\/wp-json\/wp\/v2\/pages"}],"about":[{"href":"https:\/\/mickiewicz.net.pl\/am\/index.php\/wp-json\/wp\/v2\/types\/page"}],"author":[{"embeddable":true,"href":"https:\/\/mickiewicz.net.pl\/am\/index.php\/wp-json\/wp\/v2\/users\/6"}],"replies":[{"embeddable":true,"href":"https:\/\/mickiewicz.net.pl\/am\/index.php\/wp-json\/wp\/v2\/comments?post=55"}],"version-history":[{"count":63,"href":"https:\/\/mickiewicz.net.pl\/am\/index.php\/wp-json\/wp\/v2\/pages\/55\/revisions"}],"predecessor-version":[{"id":15135,"href":"https:\/\/mickiewicz.net.pl\/am\/index.php\/wp-json\/wp\/v2\/pages\/55\/revisions\/15135"}],"wp:attachment":[{"href":"https:\/\/mickiewicz.net.pl\/am\/index.php\/wp-json\/wp\/v2\/media?parent=55"}],"curies":[{"name":"wp","href":"https:\/\/api.w.org\/{rel}","templated":true}]}}