{"id":57,"date":"2020-06-28T00:01:31","date_gmt":"2020-06-27T22:01:31","guid":{"rendered":"http:\/\/mickiewicz.net.pl\/am\/?page_id=57"},"modified":"2021-10-19T18:57:39","modified_gmt":"2021-10-19T16:57:39","slug":"gabinet-profilaktyki","status":"publish","type":"page","link":"https:\/\/mickiewicz.net.pl\/am\/index.php\/gabinet-profilaktyki\/","title":{"rendered":"Gabinet Piel\u0119gniarki Szkolnej"},"content":{"rendered":"\t\t<div data-elementor-type=\"wp-page\" data-elementor-id=\"57\" class=\"elementor elementor-57\">\n\t\t\t\t\t\t<section class=\"elementor-section elementor-top-section elementor-element elementor-element-5112508d elementor-section-boxed elementor-section-height-default elementor-section-height-default\" data-id=\"5112508d\" data-element_type=\"section\" data-e-type=\"section\">\n\t\t\t\t\t\t<div class=\"elementor-container elementor-column-gap-default\">\n\t\t\t\t\t<div class=\"elementor-column elementor-col-100 elementor-top-column elementor-element elementor-element-514623e\" data-id=\"514623e\" data-element_type=\"column\" data-e-type=\"column\">\n\t\t\t<div class=\"elementor-widget-wrap elementor-element-populated\">\n\t\t\t\t\t\t<div class=\"elementor-element elementor-element-56b53eec elementor-widget elementor-widget-text-editor\" data-id=\"56b53eec\" data-element_type=\"widget\" data-e-type=\"widget\" data-widget_type=\"text-editor.default\">\n\t\t\t\t<div class=\"elementor-widget-container\">\n\t\t\t\t\t\t\t\t\t<p><\/p>\n<p class=\"has-text-align-center\"><strong>PROFILAKTYCZNA OPIEKA ZDROWOTNA<\/strong><\/p>\n<p class=\"has-text-align-center\">PIEL\u0118GNIARKA DYPLOMOWANA<br><strong>BERNADETA PE\u0141A<\/strong><\/p>\n<p style=\"text-align: center;\">Budynek hali sportowej (I pi\u0119tro, naprzeciw Bohemy)<\/p>\n<p><\/p>\n<figure class=\"wp-block-table\">\n<table>\n<tbody>\n<tr>\n<td class=\"has-text-align-center\" data-align=\"center\"><strong>Poniedzia\u0142ek<\/strong><\/td>\n<td class=\"has-text-align-center\" data-align=\"center\">&#8211;<\/td>\n<td class=\"has-text-align-center\" data-align=\"center\">&#8211;<\/td>\n<\/tr>\n<tr>\n<td class=\"has-text-align-center\" data-align=\"center\"><strong>Wtorek<\/strong><\/td>\n<td class=\"has-text-align-center\" data-align=\"center\">12:00<\/td>\n<td class=\"has-text-align-center\" data-align=\"center\">15:00<\/td>\n<\/tr>\n<tr>\n<td class=\"has-text-align-center\" data-align=\"center\"><strong>\u015aroda<\/strong><\/td>\n<td class=\"has-text-align-center\" data-align=\"center\">12:00<\/td>\n<td class=\"has-text-align-center\" data-align=\"center\">15:00<\/td>\n<\/tr>\n<tr>\n<td class=\"has-text-align-center\" data-align=\"center\"><strong>Czwartek<\/strong><\/td>\n<td class=\"has-text-align-center\" data-align=\"center\">08:00<\/td>\n<td class=\"has-text-align-center\" data-align=\"center\">10:30<\/td>\n<\/tr>\n<tr>\n<td class=\"has-text-align-center\" data-align=\"center\"><strong>Pi\u0105tek<\/strong><\/td>\n<td class=\"has-text-align-center\" data-align=\"center\">08:00<\/td>\n<td class=\"has-text-align-center\" data-align=\"center\">15:00<\/td>\n<\/tr>\n<\/tbody>\n<\/table>\n<\/figure>\n<p><\/p>\n<p class=\"has-text-align-center\">PODCZAS NIEOBECNO\u015aCI POMOCY&nbsp;<span style=\"color: var( --e-global-color-text ); font-family: var( --e-global-typography-text-font-family ), Sans-serif; font-weight: var( --e-global-typography-text-font-weight );\">UDZIELA<\/span><span style=\"color: var( --e-global-color-text ); font-family: var( --e-global-typography-text-font-family ), Sans-serif; font-weight: var( --e-global-typography-text-font-weight );\">:<\/span><\/p><p class=\"has-text-align-center\">POGOTOWIE RATUNKOWE TEL. <strong>999<\/strong><br><\/p>\n<p><\/p>\t\t\t\t\t\t\t\t<\/div>\n\t\t\t\t<\/div>\n\t\t\t\t\t<\/div>\n\t\t<\/div>\n\t\t\t\t\t<\/div>\n\t\t<\/section>\n\t\t\t\t<\/div>\n\t\t","protected":false},"excerpt":{"rendered":"<p>PROFILAKTYCZNA OPIEKA ZDROWOTNA PIEL\u0118GNIARKA DYPLOMOWANABERNADETA PE\u0141A Budynek hali sportowej (I pi\u0119tro, naprzeciw Bohemy) Poniedzia\u0142ek &#8211; &#8211; Wtorek 12:00 15:00 \u015aroda 12:00 15:00 Czwartek 08:00 10:30 Pi\u0105tek 08:00 15:00 PODCZAS NIEOBECNO\u015aCI POMOCY&nbsp;UDZIELA: POGOTOWIE RATUNKOWE TEL. 999<\/p>\n","protected":false},"author":6,"featured_media":0,"parent":0,"menu_order":0,"comment_status":"closed","ping_status":"closed","template":"","meta":{"footnotes":""},"class_list":["post-57","page","type-page","status-publish","hentry"],"_links":{"self":[{"href":"https:\/\/mickiewicz.net.pl\/am\/index.php\/wp-json\/wp\/v2\/pages\/57","targetHints":{"allow":["GET"]}}],"collection":[{"href":"https:\/\/mickiewicz.net.pl\/am\/index.php\/wp-json\/wp\/v2\/pages"}],"about":[{"href":"https:\/\/mickiewicz.net.pl\/am\/index.php\/wp-json\/wp\/v2\/types\/page"}],"author":[{"embeddable":true,"href":"https:\/\/mickiewicz.net.pl\/am\/index.php\/wp-json\/wp\/v2\/users\/6"}],"replies":[{"embeddable":true,"href":"https:\/\/mickiewicz.net.pl\/am\/index.php\/wp-json\/wp\/v2\/comments?post=57"}],"version-history":[{"count":18,"href":"https:\/\/mickiewicz.net.pl\/am\/index.php\/wp-json\/wp\/v2\/pages\/57\/revisions"}],"predecessor-version":[{"id":2433,"href":"https:\/\/mickiewicz.net.pl\/am\/index.php\/wp-json\/wp\/v2\/pages\/57\/revisions\/2433"}],"wp:attachment":[{"href":"https:\/\/mickiewicz.net.pl\/am\/index.php\/wp-json\/wp\/v2\/media?parent=57"}],"curies":[{"name":"wp","href":"https:\/\/api.w.org\/{rel}","templated":true}]}}