{"id":732,"date":"2020-09-10T10:20:39","date_gmt":"2020-09-10T08:20:39","guid":{"rendered":"http:\/\/mickiewicz.net.pl\/am\/?page_id=732"},"modified":"2023-09-24T14:48:30","modified_gmt":"2023-09-24T12:48:30","slug":"rada-rodzicow","status":"publish","type":"page","link":"https:\/\/mickiewicz.net.pl\/am\/index.php\/rada-rodzicow\/","title":{"rendered":"Numer rachunku Rady Rodzic\u00f3w"},"content":{"rendered":"\t\t<div data-elementor-type=\"wp-page\" data-elementor-id=\"732\" class=\"elementor elementor-732\">\n\t\t\t\t\t\t<section class=\"elementor-section elementor-top-section elementor-element elementor-element-82f76e4 elementor-section-boxed elementor-section-height-default elementor-section-height-default\" data-id=\"82f76e4\" data-element_type=\"section\" data-e-type=\"section\">\n\t\t\t\t\t\t<div class=\"elementor-container elementor-column-gap-default\">\n\t\t\t\t\t<div class=\"elementor-column elementor-col-100 elementor-top-column elementor-element elementor-element-f266cc6\" data-id=\"f266cc6\" data-element_type=\"column\" data-e-type=\"column\">\n\t\t\t<div class=\"elementor-widget-wrap elementor-element-populated\">\n\t\t\t\t\t\t<div class=\"elementor-element elementor-element-8e3cdef elementor-widget elementor-widget-heading\" data-id=\"8e3cdef\" data-element_type=\"widget\" data-e-type=\"widget\" data-widget_type=\"heading.default\">\n\t\t\t\t<div class=\"elementor-widget-container\">\n\t\t\t\t\t<h4 class=\"elementor-heading-title elementor-size-default\">RADA RODZIC\u00d3W ZESPO\u0141U SZK\u00d3\u0141 NR 1<br>\nIM. ADAMA MICKIEWICZA W LUBLI\u0143CU<br>\nUL. SOBIESKIEGO 22, 42-700 LUBLINIEC<br><br>\n31 1020 1664 0000 3802 0655 7773 PKO BP<br><br>\nTytu\u0142 wp\u0142aty: Rada Rodzic\u00f3w - imi\u0119, nazwisko i klasa ucznia<\/h4>\t\t\t\t<\/div>\n\t\t\t\t<\/div>\n\t\t\t\t\t<\/div>\n\t\t<\/div>\n\t\t\t\t\t<\/div>\n\t\t<\/section>\n\t\t\t\t<\/div>\n\t\t","protected":false},"excerpt":{"rendered":"<p>RADA RODZIC\u00d3W ZESPO\u0141U SZK\u00d3\u0141 NR 1 IM. ADAMA MICKIEWICZA W LUBLI\u0143CU UL. SOBIESKIEGO 22, 42-700 LUBLINIEC 31 1020 1664 0000 3802 0655 7773 PKO BP Tytu\u0142 wp\u0142aty: Rada Rodzic\u00f3w &#8211; imi\u0119, nazwisko i klasa ucznia<\/p>\n","protected":false},"author":6,"featured_media":0,"parent":0,"menu_order":0,"comment_status":"closed","ping_status":"closed","template":"","meta":{"footnotes":""},"class_list":["post-732","page","type-page","status-publish","hentry"],"_links":{"self":[{"href":"https:\/\/mickiewicz.net.pl\/am\/index.php\/wp-json\/wp\/v2\/pages\/732","targetHints":{"allow":["GET"]}}],"collection":[{"href":"https:\/\/mickiewicz.net.pl\/am\/index.php\/wp-json\/wp\/v2\/pages"}],"about":[{"href":"https:\/\/mickiewicz.net.pl\/am\/index.php\/wp-json\/wp\/v2\/types\/page"}],"author":[{"embeddable":true,"href":"https:\/\/mickiewicz.net.pl\/am\/index.php\/wp-json\/wp\/v2\/users\/6"}],"replies":[{"embeddable":true,"href":"https:\/\/mickiewicz.net.pl\/am\/index.php\/wp-json\/wp\/v2\/comments?post=732"}],"version-history":[{"count":18,"href":"https:\/\/mickiewicz.net.pl\/am\/index.php\/wp-json\/wp\/v2\/pages\/732\/revisions"}],"predecessor-version":[{"id":7883,"href":"https:\/\/mickiewicz.net.pl\/am\/index.php\/wp-json\/wp\/v2\/pages\/732\/revisions\/7883"}],"wp:attachment":[{"href":"https:\/\/mickiewicz.net.pl\/am\/index.php\/wp-json\/wp\/v2\/media?parent=732"}],"curies":[{"name":"wp","href":"https:\/\/api.w.org\/{rel}","templated":true}]}}