{"id":7600,"date":"2023-09-06T16:18:02","date_gmt":"2023-09-06T14:18:02","guid":{"rendered":"https:\/\/mickiewicz.net.pl\/am\/?page_id=7600"},"modified":"2025-09-14T14:29:38","modified_gmt":"2025-09-14T12:29:38","slug":"erasmus-strefa-ucznia","status":"publish","type":"page","link":"https:\/\/mickiewicz.net.pl\/am\/index.php\/erasmus-strefa-ucznia\/","title":{"rendered":"Erasmus+ strefa ucznia"},"content":{"rendered":"\n<p><strong>Dokumenty do pobrania:<\/strong><\/p>\n\n\n\n<p>1. <a href=\"http:\/\/mickiewicz.net.pl\/szkola\/erasmus\/uczen\/zal1-formularz.docx\">Formularz zg\u0142oszeniowy<\/a><\/p>\n\n\n\n<p>2.<a href=\"http:\/\/mickiewicz.net.pl\/szkola\/erasmus\/uczen\/regulamin-Erasmus+uczniowie-2025-2026.docx\"> Regulamin rekrutacji<\/a><\/p>\n\n\n\n<p>3. <a href=\"http:\/\/mickiewicz.net.pl\/szkola\/erasmus\/uczen\/zal3-rodo.docx\">Za\u0142\u0105cznik nr 2 &#8211; RODO<\/a><\/p>\n\n\n\n<p>4. <a href=\"http:\/\/mickiewicz.net.pl\/szkola\/erasmus\/szkola\/zal4-informacje.docx\">Informacja na temat zdrowia<\/a><\/p>\n\n\n\n<p>5. <a href=\"http:\/\/mickiewicz.net.pl\/szkola\/erasmus\/uczen\/zal5-zgoda-rodz.docx\">Zgoda rodzic\u00f3w\/opiekun\u00f3w<\/a><\/p>\n\n\n\n<p>6. <a href=\"http:\/\/mickiewicz.net.pl\/szkola\/erasmus\/uczen\/zal3.docx\" data-type=\"link\" data-id=\"http:\/\/mickiewicz.net.pl\/szkola\/erasmus\/\">Zgoda rodzic\u00f3w \/ opiekun\u00f3w prawnych uczestnika niepe\u0142noletniego<\/a> <\/p>\n\n\n\n<p>7. <a href=\"http:\/\/mickiewicz.net.pl\/szkola\/erasmus\/uczen\/zal7-karta-rekrut.docx\">Karta-rekrutacyjna<\/a><\/p>\n\n\n\n<p><\/p>\n\n\n\n<p><\/p>\n","protected":false},"excerpt":{"rendered":"<p>Dokumenty do pobrania: 1. Formularz zg\u0142oszeniowy 2. Regulamin rekrutacji 3. Za\u0142\u0105cznik nr 2 &#8211; RODO 4. Informacja na temat zdrowia 5. Zgoda rodzic\u00f3w\/opiekun\u00f3w 6. Zgoda rodzic\u00f3w \/ opiekun\u00f3w prawnych uczestnika niepe\u0142noletniego 7. Karta-rekrutacyjna<\/p>\n","protected":false},"author":6,"featured_media":0,"parent":0,"menu_order":0,"comment_status":"closed","ping_status":"closed","template":"","meta":{"footnotes":""},"class_list":["post-7600","page","type-page","status-publish","hentry"],"_links":{"self":[{"href":"https:\/\/mickiewicz.net.pl\/am\/index.php\/wp-json\/wp\/v2\/pages\/7600","targetHints":{"allow":["GET"]}}],"collection":[{"href":"https:\/\/mickiewicz.net.pl\/am\/index.php\/wp-json\/wp\/v2\/pages"}],"about":[{"href":"https:\/\/mickiewicz.net.pl\/am\/index.php\/wp-json\/wp\/v2\/types\/page"}],"author":[{"embeddable":true,"href":"https:\/\/mickiewicz.net.pl\/am\/index.php\/wp-json\/wp\/v2\/users\/6"}],"replies":[{"embeddable":true,"href":"https:\/\/mickiewicz.net.pl\/am\/index.php\/wp-json\/wp\/v2\/comments?post=7600"}],"version-history":[{"count":16,"href":"https:\/\/mickiewicz.net.pl\/am\/index.php\/wp-json\/wp\/v2\/pages\/7600\/revisions"}],"predecessor-version":[{"id":14789,"href":"https:\/\/mickiewicz.net.pl\/am\/index.php\/wp-json\/wp\/v2\/pages\/7600\/revisions\/14789"}],"wp:attachment":[{"href":"https:\/\/mickiewicz.net.pl\/am\/index.php\/wp-json\/wp\/v2\/media?parent=7600"}],"curies":[{"name":"wp","href":"https:\/\/api.w.org\/{rel}","templated":true}]}}