{"id":7859,"date":"2023-09-24T13:55:05","date_gmt":"2023-09-24T11:55:05","guid":{"rendered":"https:\/\/mickiewicz.net.pl\/am\/?page_id=7859"},"modified":"2025-11-28T11:06:42","modified_gmt":"2025-11-28T10:06:42","slug":"elementor-7859","status":"publish","type":"page","link":"https:\/\/mickiewicz.net.pl\/am\/index.php\/elementor-7859\/","title":{"rendered":"Sk\u0142ad Rady Rodzic\u00f3w"},"content":{"rendered":"\t\t<div data-elementor-type=\"wp-page\" data-elementor-id=\"7859\" class=\"elementor elementor-7859\">\n\t\t\t\t\t\t<section class=\"elementor-section elementor-top-section elementor-element elementor-element-aa3d952 elementor-section-boxed elementor-section-height-default elementor-section-height-default\" data-id=\"aa3d952\" data-element_type=\"section\" data-e-type=\"section\">\n\t\t\t\t\t\t<div class=\"elementor-container elementor-column-gap-default\">\n\t\t\t\t\t<div class=\"elementor-column elementor-col-100 elementor-top-column elementor-element elementor-element-4cc8fe4\" data-id=\"4cc8fe4\" data-element_type=\"column\" data-e-type=\"column\">\n\t\t\t<div class=\"elementor-widget-wrap elementor-element-populated\">\n\t\t\t\t\t\t<div class=\"elementor-element elementor-element-fdfa385 elementor-widget elementor-widget-heading\" data-id=\"fdfa385\" data-element_type=\"widget\" data-e-type=\"widget\" data-widget_type=\"heading.default\">\n\t\t\t\t<div class=\"elementor-widget-container\">\n\t\t\t\t\t<h3 class=\"elementor-heading-title elementor-size-default\">Rada Rodzic\u00f3w Zespo\u0142u Szk\u00f3\u0142 nr 1<br><br>\n\nim. Adama Mickiewicza w Lubli\u0144cu<br><br>\n\nrok szkolny 2025\/2026<\/h3>\t\t\t\t<\/div>\n\t\t\t\t<\/div>\n\t\t\t\t\t<\/div>\n\t\t<\/div>\n\t\t\t\t\t<\/div>\n\t\t<\/section>\n\t\t\t\t<section class=\"elementor-section elementor-top-section elementor-element elementor-element-3a34fd9 elementor-section-boxed elementor-section-height-default elementor-section-height-default\" data-id=\"3a34fd9\" data-element_type=\"section\" data-e-type=\"section\">\n\t\t\t\t\t\t<div class=\"elementor-container elementor-column-gap-default\">\n\t\t\t\t\t<div class=\"elementor-column elementor-col-100 elementor-top-column elementor-element elementor-element-1a92ab9\" data-id=\"1a92ab9\" data-element_type=\"column\" data-e-type=\"column\">\n\t\t\t<div class=\"elementor-widget-wrap elementor-element-populated\">\n\t\t\t\t\t\t<div class=\"elementor-element elementor-element-8f10a8a elementor-widget elementor-widget-text-editor\" data-id=\"8f10a8a\" data-element_type=\"widget\" data-e-type=\"widget\" data-widget_type=\"text-editor.default\">\n\t\t\t\t<div class=\"elementor-widget-container\">\n\t\t\t\t\t\t\t\t\t<table width=\"586\"><tbody><tr><td width=\"72\"><p>1ae<\/p><\/td><td width=\"514\"><p>Alina Langner \u2013 Zi\u0119cina<\/p><\/td><\/tr><tr><td width=\"72\"><p>1b<\/p><\/td><td width=\"514\"><p>Iwona Bronder<\/p><\/td><\/tr><tr><td width=\"72\"><p>1c<\/p><\/td><td width=\"514\"><p>Klaudia Mika<\/p><\/td><\/tr><tr><td width=\"72\"><p>1d1<\/p><\/td><td width=\"514\"><p>Sabina Mandla<\/p><\/td><\/tr><tr><td width=\"72\"><p>1d2g<\/p><\/td><td width=\"514\"><p>Beata Ko\u015bcielniak<\/p><\/td><\/tr><tr><td width=\"72\"><p>2b<\/p><\/td><td width=\"514\"><p>Joanna Pochopin<\/p><\/td><\/tr><tr><td width=\"72\"><p>2d<\/p><\/td><td width=\"514\"><p>Katarzyna Kaszlewicz \u2013 Kaszuba &#8211;<strong> sekretarz<\/strong><\/p><\/td><\/tr><tr><td width=\"72\"><p>3af<\/p><\/td><td width=\"514\"><p>Marzena Drab<\/p><\/td><\/tr><tr><td width=\"72\"><p>3b1<\/p><\/td><td width=\"514\"><p>Artur Wilczy\u0144ski<\/p><\/td><\/tr><tr><td width=\"72\"><p>3b2<\/p><\/td><td width=\"514\"><p>Beata Schabowska<\/p><\/td><\/tr><tr><td width=\"72\"><p>3b3<\/p><\/td><td width=\"514\"><p>Joanna Kobielska<\/p><\/td><\/tr><tr><td width=\"72\"><p>3c<\/p><\/td><td width=\"514\"><p>Tomasz Krupski &#8211;<strong> przewodnicz\u0105cy<\/strong><\/p><\/td><\/tr><tr><td width=\"72\"><p>3d<\/p><\/td><td width=\"514\"><p>Tomasz Postrach<\/p><\/td><\/tr><tr><td width=\"72\"><p>4a<\/p><\/td><td width=\"514\"><p>Sylwia Zaborowska-Puzon\u00a0\u00a0<\/p><\/td><\/tr><tr><td width=\"72\"><p>4b1<\/p><\/td><td width=\"514\"><p>Beata Habryka-Kalamala &#8211; <strong>wiceprzewodnicz\u0105ca<\/strong><\/p><\/td><\/tr><tr><td width=\"72\"><p>4b2<\/p><\/td><td width=\"514\"><p>Joanna K\u0142osek<\/p><\/td><\/tr><tr><td width=\"72\"><p>4c<\/p><\/td><td width=\"514\"><p>Klaudia Michlik<\/p><\/td><\/tr><tr><td width=\"72\"><p>4d1<\/p><\/td><td width=\"514\"><p>Gra\u017cyna Kozielska &#8211; Brzenska<\/p><\/td><\/tr><tr><td width=\"72\"><p>4d2f<\/p><\/td><td width=\"514\"><p>Monika Sz\u0142apa<\/p><\/td><\/tr><tr><td width=\"72\"><p>1Tab<\/p><\/td><td width=\"514\"><p>Patrycja Petlak<\/p><\/td><\/tr><tr><td width=\"72\"><p>2Tab<\/p><\/td><td width=\"514\"><p>Piotr Kubat<\/p><\/td><\/tr><tr><td width=\"72\"><p>3Ta1Ta2<\/p><\/td><td width=\"514\"><p>Joanna Bere\u015b<\/p><\/td><\/tr><tr><td width=\"72\"><p>3Tb<\/p><\/td><td width=\"514\"><p>Justyna Sukiennik &#8211; Szaforz<\/p><\/td><\/tr><tr><td width=\"72\"><p>4Ta<\/p><\/td><td width=\"514\"><p>Sylwia Rura<\/p><\/td><\/tr><tr><td width=\"72\"><p>4Tb<\/p><\/td><td width=\"514\"><p>Maciej Janas<\/p><\/td><\/tr><tr><td width=\"72\"><p>5Ta<\/p><\/td><td width=\"514\"><p>Marcin Matusek<\/p><\/td><\/tr><tr><td width=\"72\"><p>5Tb<\/p><\/td><td width=\"514\"><p>Janusz Wilk<\/p><\/td><\/tr><\/tbody><\/table>\t\t\t\t\t\t\t\t<\/div>\n\t\t\t\t<\/div>\n\t\t\t\t\t<\/div>\n\t\t<\/div>\n\t\t\t\t\t<\/div>\n\t\t<\/section>\n\t\t\t\t<\/div>\n\t\t","protected":false},"excerpt":{"rendered":"<p>Rada Rodzic\u00f3w Zespo\u0142u Szk\u00f3\u0142 nr 1 im. Adama Mickiewicza w Lubli\u0144cu rok szkolny 2025\/2026 1ae Alina Langner \u2013 Zi\u0119cina 1b Iwona Bronder 1c Klaudia Mika 1d1 Sabina Mandla 1d2g Beata Ko\u015bcielniak 2b Joanna Pochopin 2d Katarzyna Kaszlewicz \u2013 Kaszuba &#8211; sekretarz 3af Marzena Drab 3b1 Artur Wilczy\u0144ski 3b2 Beata Schabowska 3b3 Joanna Kobielska 3c Tomasz&hellip; <br \/> <a class=\"read-more\" href=\"https:\/\/mickiewicz.net.pl\/am\/index.php\/elementor-7859\/\">Dowiedz si\u0119 wi\u0119cej<\/a><\/p>\n","protected":false},"author":6,"featured_media":0,"parent":0,"menu_order":0,"comment_status":"closed","ping_status":"closed","template":"","meta":{"footnotes":""},"class_list":["post-7859","page","type-page","status-publish","hentry"],"_links":{"self":[{"href":"https:\/\/mickiewicz.net.pl\/am\/index.php\/wp-json\/wp\/v2\/pages\/7859","targetHints":{"allow":["GET"]}}],"collection":[{"href":"https:\/\/mickiewicz.net.pl\/am\/index.php\/wp-json\/wp\/v2\/pages"}],"about":[{"href":"https:\/\/mickiewicz.net.pl\/am\/index.php\/wp-json\/wp\/v2\/types\/page"}],"author":[{"embeddable":true,"href":"https:\/\/mickiewicz.net.pl\/am\/index.php\/wp-json\/wp\/v2\/users\/6"}],"replies":[{"embeddable":true,"href":"https:\/\/mickiewicz.net.pl\/am\/index.php\/wp-json\/wp\/v2\/comments?post=7859"}],"version-history":[{"count":28,"href":"https:\/\/mickiewicz.net.pl\/am\/index.php\/wp-json\/wp\/v2\/pages\/7859\/revisions"}],"predecessor-version":[{"id":15651,"href":"https:\/\/mickiewicz.net.pl\/am\/index.php\/wp-json\/wp\/v2\/pages\/7859\/revisions\/15651"}],"wp:attachment":[{"href":"https:\/\/mickiewicz.net.pl\/am\/index.php\/wp-json\/wp\/v2\/media?parent=7859"}],"curies":[{"name":"wp","href":"https:\/\/api.w.org\/{rel}","templated":true}]}}