{"id":8325,"date":"2023-10-16T11:25:11","date_gmt":"2023-10-16T09:25:11","guid":{"rendered":"https:\/\/mickiewicz.net.pl\/am\/?page_id=8325"},"modified":"2023-10-17T20:11:12","modified_gmt":"2023-10-17T18:11:12","slug":"rebus","status":"publish","type":"page","link":"https:\/\/mickiewicz.net.pl\/am\/index.php\/rebus\/","title":{"rendered":"Dzie\u0144 z rebusem"},"content":{"rendered":"\t\t<div data-elementor-type=\"wp-page\" data-elementor-id=\"8325\" class=\"elementor elementor-8325\">\n\t\t\t\t\t\t<section class=\"elementor-section elementor-top-section elementor-element elementor-element-03ffc5b elementor-section-boxed elementor-section-height-default elementor-section-height-default\" data-id=\"03ffc5b\" data-element_type=\"section\" data-e-type=\"section\">\n\t\t\t\t\t\t<div class=\"elementor-container elementor-column-gap-default\">\n\t\t\t\t\t<div class=\"elementor-column elementor-col-100 elementor-top-column elementor-element elementor-element-970d218\" data-id=\"970d218\" data-element_type=\"column\" data-e-type=\"column\">\n\t\t\t<div class=\"elementor-widget-wrap elementor-element-populated\">\n\t\t\t\t\t\t<div class=\"elementor-element elementor-element-1c12637 elementor-widget elementor-widget-heading\" data-id=\"1c12637\" data-element_type=\"widget\" data-e-type=\"widget\" data-widget_type=\"heading.default\">\n\t\t\t\t<div class=\"elementor-widget-container\">\n\t\t\t\t\t<h2 class=\"elementor-heading-title elementor-size-default\">Dzie\u0144 z rebusem<\/h2>\t\t\t\t<\/div>\n\t\t\t\t<\/div>\n\t\t\t\t\t<\/div>\n\t\t<\/div>\n\t\t\t\t\t<\/div>\n\t\t<\/section>\n\t\t\t\t<section class=\"elementor-section elementor-top-section elementor-element elementor-element-619197a elementor-section-boxed elementor-section-height-default elementor-section-height-default\" data-id=\"619197a\" data-element_type=\"section\" data-e-type=\"section\">\n\t\t\t\t\t\t<div class=\"elementor-container elementor-column-gap-default\">\n\t\t\t\t\t<div class=\"elementor-column elementor-col-33 elementor-top-column elementor-element elementor-element-66bf413\" data-id=\"66bf413\" data-element_type=\"column\" data-e-type=\"column\">\n\t\t\t<div class=\"elementor-widget-wrap elementor-element-populated\">\n\t\t\t\t\t\t<div class=\"elementor-element elementor-element-b853e79 elementor-widget__width-initial elementor-widget elementor-widget-image\" data-id=\"b853e79\" data-element_type=\"widget\" data-e-type=\"widget\" data-widget_type=\"image.default\">\n\t\t\t\t<div class=\"elementor-widget-container\">\n\t\t\t\t\t\t\t\t\t\t\t\t\t\t\t<img fetchpriority=\"high\" decoding=\"async\" width=\"1024\" height=\"1024\" src=\"https:\/\/mickiewicz.net.pl\/am\/wp-content\/uploads\/2023\/10\/viking5362_a_modern_picture_showing_a_musical_rebus_question_ma_877403d1-6ddf-4992-b472-d788d6296a73.png\" class=\"attachment-large size-large wp-image-8321\" alt=\"Rebusy Muzyczne\" srcset=\"https:\/\/mickiewicz.net.pl\/am\/wp-content\/uploads\/2023\/10\/viking5362_a_modern_picture_showing_a_musical_rebus_question_ma_877403d1-6ddf-4992-b472-d788d6296a73.png 1024w, https:\/\/mickiewicz.net.pl\/am\/wp-content\/uploads\/2023\/10\/viking5362_a_modern_picture_showing_a_musical_rebus_question_ma_877403d1-6ddf-4992-b472-d788d6296a73-300x300.png 300w, https:\/\/mickiewicz.net.pl\/am\/wp-content\/uploads\/2023\/10\/viking5362_a_modern_picture_showing_a_musical_rebus_question_ma_877403d1-6ddf-4992-b472-d788d6296a73-150x150.png 150w, https:\/\/mickiewicz.net.pl\/am\/wp-content\/uploads\/2023\/10\/viking5362_a_modern_picture_showing_a_musical_rebus_question_ma_877403d1-6ddf-4992-b472-d788d6296a73-768x768.png 768w\" sizes=\"(max-width: 1024px) 100vw, 1024px\" \/>\t\t\t\t\t\t\t\t\t\t\t\t\t\t\t<\/div>\n\t\t\t\t<\/div>\n\t\t\t\t\t<\/div>\n\t\t<\/div>\n\t\t\t\t<div class=\"elementor-column elementor-col-66 elementor-top-column elementor-element elementor-element-273f104\" data-id=\"273f104\" data-element_type=\"column\" data-e-type=\"column\">\n\t\t\t<div class=\"elementor-widget-wrap elementor-element-populated\">\n\t\t\t\t\t\t<div class=\"elementor-element elementor-element-ee412e4 elementor-widget elementor-widget-text-editor\" data-id=\"ee412e4\" data-element_type=\"widget\" data-e-type=\"widget\" data-widget_type=\"text-editor.default\">\n\t\t\t\t<div class=\"elementor-widget-container\">\n\t\t\t\t\t\t\t\t\t<p><strong>Wygraj szkolnego &#8222;Jockera&#8221; !<br><\/strong><\/p>\n<p>Zbli\u017ca si\u0119 wyj\u0105tkowy dzie\u0144 pe\u0142en zagadek, wyzwa\u0144 i mo\u017cliwo\u015bci zdobycia fantastycznej nagrody. Je\u015bli jeste\u015b gotowy na rozwi\u0105zywanie muzycznych rebus\u00f3w i testowanie swojej bystro\u015bci i szybko\u015bci, to nie mo\u017cecie przegapi\u0107 naszego pierwszego rebusowego dnia na antenie Radia MicekLc! Przygotujcie si\u0119, bo ju\u017c 17 pa\u017adziernika 2023 roku czeka na Was niesamowita zabawa.<\/p><p><strong>Rebusy na d\u0142ugiej Przerwie:<\/strong><\/p>\n<p>Pomi\u0119dzy ulubionymi piosenkami z naszej listy \u017cycze\u0144 na d\u0142ugiej przerwie, kt\u00f3ra trwa od 11:20 do 11:40, b\u0119dziecie mieli okazj\u0119 rozwi\u0105zywa\u0107 rebusy. Ka\u017cdy z rebus\u00f3w zawiera kluczowe wskaz\u00f3wki, jednak to Wasza spostrzegawczo\u015bci i kreatywno\u015bci zostan\u0105 wystawione na pr\u00f3b\u0119. To nie tylko szansa na rozwini\u0119cie swojego umys\u0142u, ale tak\u017ce na zdobycie wyj\u0105tkowej nagrody.<\/p><p><strong>Jak wzi\u0105\u0107 udzia\u0142?<\/strong><\/p><div>\n<p>Po wys\u0142uchaniu rebus\u00f3w i rozwi\u0105zaniu ich niezw\u0142ocznie dostarczcie go do nas, nie ma czasu do stracenia, poniewa\u017c Jocker, nasza fantastyczna nagroda, czeka na pierwsz\u0105 osob\u0119, kt\u00f3ra dostarczy poprawne rozwi\u0105zania. Wszystkie poprawne odpowiedzi na rebusy oraz swoje dane: imi\u0119 i nazwisko oraz klas\u0119 nale\u017cy przes\u0142a\u0107 na adres e-mail radiowezelmiceklc@gmail.com. Pami\u0119tajcie, \u017ce czas jest kluczowy, wi\u0119c nie zwlekajcie!<\/p>\n<p><\/p>\n<p>\u017byczymy Wam powodzenia i niez\u0142omnej determinacji w rozwi\u0105zywaniu zagadek. Zdob\u0105d\u017acie Szkolnego Jockera i sta\u0144cie si\u0119 mistrzami rebus\u00f3w!<\/p>\n<p><\/p>\n<\/div>\t\t\t\t\t\t\t\t<\/div>\n\t\t\t\t<\/div>\n\t\t\t\t\t<\/div>\n\t\t<\/div>\n\t\t\t\t\t<\/div>\n\t\t<\/section>\n\t\t\t\t<section class=\"elementor-section elementor-top-section elementor-element elementor-element-533de5e elementor-section-boxed elementor-section-height-default elementor-section-height-default\" data-id=\"533de5e\" data-element_type=\"section\" data-e-type=\"section\">\n\t\t\t\t\t\t<div class=\"elementor-container elementor-column-gap-default\">\n\t\t\t\t\t<div class=\"elementor-column elementor-col-50 elementor-top-column elementor-element elementor-element-eae1a0e\" data-id=\"eae1a0e\" data-element_type=\"column\" data-e-type=\"column\">\n\t\t\t<div class=\"elementor-widget-wrap elementor-element-populated\">\n\t\t\t\t\t\t<div class=\"elementor-element elementor-element-0e6fac2 elementor-widget elementor-widget-heading\" data-id=\"0e6fac2\" data-element_type=\"widget\" data-e-type=\"widget\" data-widget_type=\"heading.default\">\n\t\t\t\t<div class=\"elementor-widget-container\">\n\t\t\t\t\t<h2 class=\"elementor-heading-title elementor-size-default\">Rebus z dnia 17.10.2023<\/h2>\t\t\t\t<\/div>\n\t\t\t\t<\/div>\n\t\t\t\t\t<\/div>\n\t\t<\/div>\n\t\t\t\t<div class=\"elementor-column elementor-col-50 elementor-top-column elementor-element elementor-element-6c9ccda\" data-id=\"6c9ccda\" data-element_type=\"column\" data-e-type=\"column\">\n\t\t\t<div class=\"elementor-widget-wrap elementor-element-populated\">\n\t\t\t\t\t\t<div class=\"elementor-element elementor-element-2c281fc elementor-widget elementor-widget-html\" data-id=\"2c281fc\" data-element_type=\"widget\" data-e-type=\"widget\" data-widget_type=\"html.default\">\n\t\t\t\t<div class=\"elementor-widget-container\">\n\t\t\t\t\t<head>\n    <title>Ods\u0142uchaj Piosenk\u0119<\/title>\n    <style>\n        .column {\n            display: inline-block;\n            width: 48%;\n            vertical-align: top;\n        }\n    <\/style>\n<\/head>\n<body>\n   \n    <div class=\"column\">\n        <img decoding=\"async\" id=\"playButton\" src=\"https:\/\/mickiewicz.net.pl\/radiowezel\/img\/PlayButoon.jpg\" width=\"100\" height=\"100\" alt=\"Odtw\u00f3rz\">\n    <\/div>\n    <div class=\"column\">\n        <video id=\"animation\" width=\"100\" height=\"300\" controls style=\"display: none;\">\n            <source src=\"https:\/\/mickiewicz.net.pl\/radiowezel\/video\/animacja.mp4\" type=\"video\/mp4\">\n            Twoja przegl\u0105darka nie obs\u0142uguje odtwarzacza wideo.\n        <\/video>\n    <\/div>\n    <audio id=\"myAudio\" controls style=\"display: none;\">\n        <source src=\"https:\/\/mickiewicz.net.pl\/radiowezel\/audio\/1DzienRebusowy.mp3\" type=\"audio\/mpeg\">\n        Twoja przegl\u0105darka nie obs\u0142uguje odtwarzacza audio.\n    <\/audio>\n\n    <script>\n        var playButton = document.getElementById(\"playButton\");\n        var myAudio = document.getElementById(\"myAudio\");\n        var animation = document.getElementById(\"animation\");\n\n        playButton.addEventListener(\"click\", function() {\n            if (myAudio.paused) {\n                myAudio.play();\n                animation.style.display = \"inline-block\";\n                animation.play();\n            } else {\n                myAudio.pause();\n                animation.pause();\n            }\n        });\n    <\/script>\n\n\t\t\t\t<\/div>\n\t\t\t\t<\/div>\n\t\t\t\t\t<\/div>\n\t\t<\/div>\n\t\t\t\t\t<\/div>\n\t\t<\/section>\n\t\t\t\t<section class=\"elementor-section elementor-top-section elementor-element elementor-element-5570c45 elementor-section-boxed elementor-section-height-default elementor-section-height-default\" data-id=\"5570c45\" data-element_type=\"section\" data-e-type=\"section\">\n\t\t\t\t\t\t<div class=\"elementor-container elementor-column-gap-default\">\n\t\t\t\t\t<div class=\"elementor-column elementor-col-50 elementor-top-column elementor-element elementor-element-4f38a13\" data-id=\"4f38a13\" data-element_type=\"column\" data-e-type=\"column\">\n\t\t\t<div class=\"elementor-widget-wrap elementor-element-populated\">\n\t\t\t\t\t\t<div class=\"elementor-element elementor-element-ee03c29 elementor-widget elementor-widget-heading\" data-id=\"ee03c29\" data-element_type=\"widget\" data-e-type=\"widget\" data-widget_type=\"heading.default\">\n\t\t\t\t<div class=\"elementor-widget-container\">\n\t\t\t\t\t<h2 class=\"elementor-heading-title elementor-size-default\">Rebus z dnia 24.10.2023<\/h2>\t\t\t\t<\/div>\n\t\t\t\t<\/div>\n\t\t\t\t\t<\/div>\n\t\t<\/div>\n\t\t\t\t<div class=\"elementor-column elementor-col-50 elementor-top-column elementor-element elementor-element-3d46e4b\" data-id=\"3d46e4b\" data-element_type=\"column\" data-e-type=\"column\">\n\t\t\t<div class=\"elementor-widget-wrap\">\n\t\t\t\t\t\t\t<\/div>\n\t\t<\/div>\n\t\t\t\t\t<\/div>\n\t\t<\/section>\n\t\t\t\t<section class=\"elementor-section elementor-top-section elementor-element elementor-element-dfe1015 elementor-section-boxed elementor-section-height-default elementor-section-height-default\" data-id=\"dfe1015\" data-element_type=\"section\" data-e-type=\"section\">\n\t\t\t\t\t\t<div class=\"elementor-container elementor-column-gap-default\">\n\t\t\t\t\t<div class=\"elementor-column elementor-col-50 elementor-top-column elementor-element elementor-element-ae65ce5\" data-id=\"ae65ce5\" data-element_type=\"column\" data-e-type=\"column\">\n\t\t\t<div class=\"elementor-widget-wrap elementor-element-populated\">\n\t\t\t\t\t\t<div class=\"elementor-element elementor-element-41210b4 elementor-widget elementor-widget-heading\" data-id=\"41210b4\" data-element_type=\"widget\" data-e-type=\"widget\" data-widget_type=\"heading.default\">\n\t\t\t\t<div class=\"elementor-widget-container\">\n\t\t\t\t\t<h2 class=\"elementor-heading-title elementor-size-default\">Rebus z dnia 31.10.2023<\/h2>\t\t\t\t<\/div>\n\t\t\t\t<\/div>\n\t\t\t\t\t<\/div>\n\t\t<\/div>\n\t\t\t\t<div class=\"elementor-column elementor-col-50 elementor-top-column elementor-element elementor-element-6ab200c\" data-id=\"6ab200c\" data-element_type=\"column\" data-e-type=\"column\">\n\t\t\t<div class=\"elementor-widget-wrap\">\n\t\t\t\t\t\t\t<\/div>\n\t\t<\/div>\n\t\t\t\t\t<\/div>\n\t\t<\/section>\n\t\t\t\t<section class=\"elementor-section elementor-top-section elementor-element elementor-element-820ce6d elementor-section-boxed elementor-section-height-default elementor-section-height-default\" data-id=\"820ce6d\" data-element_type=\"section\" data-e-type=\"section\">\n\t\t\t\t\t\t<div class=\"elementor-container elementor-column-gap-default\">\n\t\t\t\t\t<div class=\"elementor-column elementor-col-50 elementor-top-column elementor-element elementor-element-6e16747\" data-id=\"6e16747\" data-element_type=\"column\" data-e-type=\"column\">\n\t\t\t<div class=\"elementor-widget-wrap elementor-element-populated\">\n\t\t\t\t\t\t<div class=\"elementor-element elementor-element-bd89f0e elementor-widget elementor-widget-heading\" data-id=\"bd89f0e\" data-element_type=\"widget\" data-e-type=\"widget\" data-widget_type=\"heading.default\">\n\t\t\t\t<div class=\"elementor-widget-container\">\n\t\t\t\t\t<h2 class=\"elementor-heading-title elementor-size-default\">Rebus z dnia 7.11.2023<\/h2>\t\t\t\t<\/div>\n\t\t\t\t<\/div>\n\t\t\t\t\t<\/div>\n\t\t<\/div>\n\t\t\t\t<div class=\"elementor-column elementor-col-50 elementor-top-column elementor-element elementor-element-982c77d\" data-id=\"982c77d\" data-element_type=\"column\" data-e-type=\"column\">\n\t\t\t<div class=\"elementor-widget-wrap\">\n\t\t\t\t\t\t\t<\/div>\n\t\t<\/div>\n\t\t\t\t\t<\/div>\n\t\t<\/section>\n\t\t\t\t<section class=\"elementor-section elementor-top-section elementor-element elementor-element-b1f7626 elementor-section-boxed elementor-section-height-default elementor-section-height-default\" data-id=\"b1f7626\" data-element_type=\"section\" data-e-type=\"section\">\n\t\t\t\t\t\t<div class=\"elementor-container elementor-column-gap-default\">\n\t\t\t\t\t<div class=\"elementor-column elementor-col-50 elementor-top-column elementor-element elementor-element-a267ad7\" data-id=\"a267ad7\" data-element_type=\"column\" data-e-type=\"column\">\n\t\t\t<div class=\"elementor-widget-wrap elementor-element-populated\">\n\t\t\t\t\t\t<div class=\"elementor-element elementor-element-c45b374 elementor-widget elementor-widget-heading\" data-id=\"c45b374\" data-element_type=\"widget\" data-e-type=\"widget\" data-widget_type=\"heading.default\">\n\t\t\t\t<div class=\"elementor-widget-container\">\n\t\t\t\t\t<h2 class=\"elementor-heading-title elementor-size-default\">Rebus z dnia 14.11.2023<\/h2>\t\t\t\t<\/div>\n\t\t\t\t<\/div>\n\t\t\t\t\t<\/div>\n\t\t<\/div>\n\t\t\t\t<div class=\"elementor-column elementor-col-50 elementor-top-column elementor-element elementor-element-e870100\" data-id=\"e870100\" data-element_type=\"column\" data-e-type=\"column\">\n\t\t\t<div class=\"elementor-widget-wrap\">\n\t\t\t\t\t\t\t<\/div>\n\t\t<\/div>\n\t\t\t\t\t<\/div>\n\t\t<\/section>\n\t\t\t\t<section class=\"elementor-section elementor-top-section elementor-element elementor-element-e68f3f1 elementor-section-boxed elementor-section-height-default elementor-section-height-default\" data-id=\"e68f3f1\" data-element_type=\"section\" data-e-type=\"section\">\n\t\t\t\t\t\t<div class=\"elementor-container elementor-column-gap-default\">\n\t\t\t\t\t<div class=\"elementor-column elementor-col-50 elementor-top-column elementor-element elementor-element-61fe3f2\" data-id=\"61fe3f2\" data-element_type=\"column\" data-e-type=\"column\">\n\t\t\t<div class=\"elementor-widget-wrap elementor-element-populated\">\n\t\t\t\t\t\t<div class=\"elementor-element elementor-element-05c74fc elementor-widget elementor-widget-heading\" data-id=\"05c74fc\" data-element_type=\"widget\" data-e-type=\"widget\" data-widget_type=\"heading.default\">\n\t\t\t\t<div class=\"elementor-widget-container\">\n\t\t\t\t\t<h2 class=\"elementor-heading-title elementor-size-default\">Rebus z dnia 21.11.2023<\/h2>\t\t\t\t<\/div>\n\t\t\t\t<\/div>\n\t\t\t\t\t<\/div>\n\t\t<\/div>\n\t\t\t\t<div class=\"elementor-column elementor-col-50 elementor-top-column elementor-element elementor-element-1a84ca4\" data-id=\"1a84ca4\" data-element_type=\"column\" data-e-type=\"column\">\n\t\t\t<div class=\"elementor-widget-wrap\">\n\t\t\t\t\t\t\t<\/div>\n\t\t<\/div>\n\t\t\t\t\t<\/div>\n\t\t<\/section>\n\t\t\t\t<section class=\"elementor-section elementor-top-section elementor-element elementor-element-c2d9cd6 elementor-section-boxed elementor-section-height-default elementor-section-height-default\" data-id=\"c2d9cd6\" data-element_type=\"section\" data-e-type=\"section\">\n\t\t\t\t\t\t<div class=\"elementor-container elementor-column-gap-default\">\n\t\t\t\t\t<div class=\"elementor-column elementor-col-50 elementor-top-column elementor-element elementor-element-3f7568e\" data-id=\"3f7568e\" data-element_type=\"column\" data-e-type=\"column\">\n\t\t\t<div class=\"elementor-widget-wrap elementor-element-populated\">\n\t\t\t\t\t\t<div class=\"elementor-element elementor-element-4c7755b elementor-widget elementor-widget-heading\" data-id=\"4c7755b\" data-element_type=\"widget\" data-e-type=\"widget\" data-widget_type=\"heading.default\">\n\t\t\t\t<div class=\"elementor-widget-container\">\n\t\t\t\t\t<h2 class=\"elementor-heading-title elementor-size-default\">Rebus z dnia 28.10.2023<\/h2>\t\t\t\t<\/div>\n\t\t\t\t<\/div>\n\t\t\t\t\t<\/div>\n\t\t<\/div>\n\t\t\t\t<div class=\"elementor-column elementor-col-50 elementor-top-column elementor-element elementor-element-7e11cf4\" data-id=\"7e11cf4\" data-element_type=\"column\" data-e-type=\"column\">\n\t\t\t<div class=\"elementor-widget-wrap\">\n\t\t\t\t\t\t\t<\/div>\n\t\t<\/div>\n\t\t\t\t\t<\/div>\n\t\t<\/section>\n\t\t\t\t<section class=\"elementor-section elementor-top-section elementor-element elementor-element-b5fbe87 elementor-section-boxed elementor-section-height-default elementor-section-height-default\" data-id=\"b5fbe87\" data-element_type=\"section\" data-e-type=\"section\">\n\t\t\t\t\t\t<div class=\"elementor-container elementor-column-gap-default\">\n\t\t\t\t\t<div class=\"elementor-column elementor-col-50 elementor-top-column elementor-element elementor-element-9bbe6d7\" data-id=\"9bbe6d7\" data-element_type=\"column\" data-e-type=\"column\">\n\t\t\t<div class=\"elementor-widget-wrap elementor-element-populated\">\n\t\t\t\t\t\t<div class=\"elementor-element elementor-element-a2fa928 elementor-widget elementor-widget-heading\" data-id=\"a2fa928\" data-element_type=\"widget\" data-e-type=\"widget\" data-widget_type=\"heading.default\">\n\t\t\t\t<div class=\"elementor-widget-container\">\n\t\t\t\t\t<h2 class=\"elementor-heading-title elementor-size-default\">Rebus z dnia 05.12.2023<\/h2>\t\t\t\t<\/div>\n\t\t\t\t<\/div>\n\t\t\t\t\t<\/div>\n\t\t<\/div>\n\t\t\t\t<div class=\"elementor-column elementor-col-50 elementor-top-column elementor-element elementor-element-c4e8b89\" data-id=\"c4e8b89\" data-element_type=\"column\" data-e-type=\"column\">\n\t\t\t<div class=\"elementor-widget-wrap\">\n\t\t\t\t\t\t\t<\/div>\n\t\t<\/div>\n\t\t\t\t\t<\/div>\n\t\t<\/section>\n\t\t\t\t<section class=\"elementor-section elementor-top-section elementor-element elementor-element-ae0a5ef elementor-section-boxed elementor-section-height-default elementor-section-height-default\" data-id=\"ae0a5ef\" data-element_type=\"section\" data-e-type=\"section\">\n\t\t\t\t\t\t<div class=\"elementor-container elementor-column-gap-default\">\n\t\t\t\t\t<div class=\"elementor-column elementor-col-50 elementor-top-column elementor-element elementor-element-63aced9\" data-id=\"63aced9\" data-element_type=\"column\" data-e-type=\"column\">\n\t\t\t<div class=\"elementor-widget-wrap elementor-element-populated\">\n\t\t\t\t\t\t<div class=\"elementor-element elementor-element-36ae2ae elementor-widget elementor-widget-heading\" data-id=\"36ae2ae\" data-element_type=\"widget\" data-e-type=\"widget\" data-widget_type=\"heading.default\">\n\t\t\t\t<div class=\"elementor-widget-container\">\n\t\t\t\t\t<h2 class=\"elementor-heading-title elementor-size-default\">Rebus z dnia 12.12.2023<\/h2>\t\t\t\t<\/div>\n\t\t\t\t<\/div>\n\t\t\t\t\t<\/div>\n\t\t<\/div>\n\t\t\t\t<div class=\"elementor-column elementor-col-50 elementor-top-column elementor-element elementor-element-a6d9222\" data-id=\"a6d9222\" data-element_type=\"column\" data-e-type=\"column\">\n\t\t\t<div class=\"elementor-widget-wrap\">\n\t\t\t\t\t\t\t<\/div>\n\t\t<\/div>\n\t\t\t\t\t<\/div>\n\t\t<\/section>\n\t\t\t\t<section class=\"elementor-section elementor-top-section elementor-element elementor-element-58fe23d elementor-section-boxed elementor-section-height-default elementor-section-height-default\" data-id=\"58fe23d\" data-element_type=\"section\" data-e-type=\"section\">\n\t\t\t\t\t\t<div class=\"elementor-container elementor-column-gap-default\">\n\t\t\t\t\t<div class=\"elementor-column elementor-col-50 elementor-top-column elementor-element elementor-element-7bdef25\" data-id=\"7bdef25\" data-element_type=\"column\" data-e-type=\"column\">\n\t\t\t<div class=\"elementor-widget-wrap elementor-element-populated\">\n\t\t\t\t\t\t<div class=\"elementor-element elementor-element-420ac41 elementor-widget elementor-widget-heading\" data-id=\"420ac41\" data-element_type=\"widget\" data-e-type=\"widget\" data-widget_type=\"heading.default\">\n\t\t\t\t<div class=\"elementor-widget-container\">\n\t\t\t\t\t<h2 class=\"elementor-heading-title elementor-size-default\">Rebus z dnia 19.12.2023<\/h2>\t\t\t\t<\/div>\n\t\t\t\t<\/div>\n\t\t\t\t\t<\/div>\n\t\t<\/div>\n\t\t\t\t<div class=\"elementor-column elementor-col-50 elementor-top-column elementor-element elementor-element-189f535\" data-id=\"189f535\" data-element_type=\"column\" data-e-type=\"column\">\n\t\t\t<div class=\"elementor-widget-wrap\">\n\t\t\t\t\t\t\t<\/div>\n\t\t<\/div>\n\t\t\t\t\t<\/div>\n\t\t<\/section>\n\t\t\t\t<\/div>\n\t\t","protected":false},"excerpt":{"rendered":"<p>Dzie\u0144 z rebusem Wygraj szkolnego &#8222;Jockera&#8221; ! Zbli\u017ca si\u0119 wyj\u0105tkowy dzie\u0144 pe\u0142en zagadek, wyzwa\u0144 i mo\u017cliwo\u015bci zdobycia fantastycznej nagrody. Je\u015bli jeste\u015b gotowy na rozwi\u0105zywanie muzycznych rebus\u00f3w i testowanie swojej bystro\u015bci i szybko\u015bci, to nie mo\u017cecie przegapi\u0107 naszego pierwszego rebusowego dnia na antenie Radia MicekLc! Przygotujcie si\u0119, bo ju\u017c 17 pa\u017adziernika 2023 roku czeka na Was&hellip; <br \/> <a class=\"read-more\" href=\"https:\/\/mickiewicz.net.pl\/am\/index.php\/rebus\/\">Dowiedz si\u0119 wi\u0119cej<\/a><\/p>\n","protected":false},"author":8,"featured_media":0,"parent":0,"menu_order":0,"comment_status":"closed","ping_status":"closed","template":"","meta":{"footnotes":""},"class_list":["post-8325","page","type-page","status-publish","hentry"],"_links":{"self":[{"href":"https:\/\/mickiewicz.net.pl\/am\/index.php\/wp-json\/wp\/v2\/pages\/8325","targetHints":{"allow":["GET"]}}],"collection":[{"href":"https:\/\/mickiewicz.net.pl\/am\/index.php\/wp-json\/wp\/v2\/pages"}],"about":[{"href":"https:\/\/mickiewicz.net.pl\/am\/index.php\/wp-json\/wp\/v2\/types\/page"}],"author":[{"embeddable":true,"href":"https:\/\/mickiewicz.net.pl\/am\/index.php\/wp-json\/wp\/v2\/users\/8"}],"replies":[{"embeddable":true,"href":"https:\/\/mickiewicz.net.pl\/am\/index.php\/wp-json\/wp\/v2\/comments?post=8325"}],"version-history":[{"count":86,"href":"https:\/\/mickiewicz.net.pl\/am\/index.php\/wp-json\/wp\/v2\/pages\/8325\/revisions"}],"predecessor-version":[{"id":8517,"href":"https:\/\/mickiewicz.net.pl\/am\/index.php\/wp-json\/wp\/v2\/pages\/8325\/revisions\/8517"}],"wp:attachment":[{"href":"https:\/\/mickiewicz.net.pl\/am\/index.php\/wp-json\/wp\/v2\/media?parent=8325"}],"curies":[{"name":"wp","href":"https:\/\/api.w.org\/{rel}","templated":true}]}}