{"id":8536,"date":"2023-10-17T22:03:16","date_gmt":"2023-10-17T20:03:16","guid":{"rendered":"https:\/\/mickiewicz.net.pl\/am\/?page_id=8536"},"modified":"2023-10-17T22:06:27","modified_gmt":"2023-10-17T20:06:27","slug":"czego-sluchasz","status":"publish","type":"page","link":"https:\/\/mickiewicz.net.pl\/am\/index.php\/czego-sluchasz\/","title":{"rendered":"Czego s\u0142uchasz ?!"},"content":{"rendered":"\t\t<div data-elementor-type=\"wp-page\" data-elementor-id=\"8536\" class=\"elementor elementor-8536\">\n\t\t\t\t\t\t<section class=\"elementor-section elementor-top-section elementor-element elementor-element-7f27f1d elementor-section-boxed elementor-section-height-default elementor-section-height-default\" data-id=\"7f27f1d\" data-element_type=\"section\" data-e-type=\"section\">\n\t\t\t\t\t\t<div class=\"elementor-container elementor-column-gap-default\">\n\t\t\t\t\t<div class=\"elementor-column elementor-col-100 elementor-top-column elementor-element elementor-element-845a3c7\" data-id=\"845a3c7\" data-element_type=\"column\" data-e-type=\"column\">\n\t\t\t<div class=\"elementor-widget-wrap elementor-element-populated\">\n\t\t\t\t\t\t<div class=\"elementor-element elementor-element-7e882cb elementor-widget elementor-widget-text-editor\" data-id=\"7e882cb\" data-element_type=\"widget\" data-e-type=\"widget\" data-widget_type=\"text-editor.default\">\n\t\t\t\t<div class=\"elementor-widget-container\">\n\t\t\t\t\t\t\t\t\t<p>W dzisiejszych czasach muzyka sta\u0142a si\u0119 integraln\u0105 cz\u0119\u015bci\u0105 \u017cycia, towarzysz\u0105c nam niemal na ka\u017cdym kroku. Nie inaczej jest w \u015brodowisku edukacyjnym, gdzie zar\u00f3wno uczniowie, jak i nauczyciele maj\u0105 swoje ulubione d\u017awi\u0119ki, kt\u00f3re towarzysz\u0105 im w trakcie zaj\u0119\u0107, w drodze do szko\u0142y, czy podczas odpoczynku. Dlatego warto si\u0119 zastanowi\u0107, co tak naprawd\u0119 kr\u00f3luje na ich playlistach i jakie d\u017awi\u0119ki inspiruj\u0105 ich w codziennym \u017cyciu. W dzisiejszym po\u015bcie przyjrzymy si\u0119 temu, czego s\u0142uchaj\u0105 uczniowie i nauczyciele, aby pozna\u0107 lepiej ich muzyczne upodobania i zrozumie\u0107, jak muzyka wp\u0142ywa na ich nastr\u00f3j i motywacj\u0119. Czy to rock, hip-hop, czy mo\u017ce klasyka &#8211; odkryjmy razem, co skrywaj\u0105 ich s\u0142uchawki! \ud83c\udfb6\ud83c\udfa7 #MuzykaW\u017byciuSzko\u0142y #PlaylistyEdukacyjne<\/p>\t\t\t\t\t\t\t\t<\/div>\n\t\t\t\t<\/div>\n\t\t\t\t\t<\/div>\n\t\t<\/div>\n\t\t\t\t\t<\/div>\n\t\t<\/section>\n\t\t\t\t<\/div>\n\t\t","protected":false},"excerpt":{"rendered":"<p>W dzisiejszych czasach muzyka sta\u0142a si\u0119 integraln\u0105 cz\u0119\u015bci\u0105 \u017cycia, towarzysz\u0105c nam niemal na ka\u017cdym kroku. Nie inaczej jest w \u015brodowisku edukacyjnym, gdzie zar\u00f3wno uczniowie, jak i nauczyciele maj\u0105 swoje ulubione d\u017awi\u0119ki, kt\u00f3re towarzysz\u0105 im w trakcie zaj\u0119\u0107, w drodze do szko\u0142y, czy podczas odpoczynku. Dlatego warto si\u0119 zastanowi\u0107, co tak naprawd\u0119 kr\u00f3luje na ich playlistach&hellip; <br \/> <a class=\"read-more\" href=\"https:\/\/mickiewicz.net.pl\/am\/index.php\/czego-sluchasz\/\">Dowiedz si\u0119 wi\u0119cej<\/a><\/p>\n","protected":false},"author":8,"featured_media":0,"parent":0,"menu_order":0,"comment_status":"closed","ping_status":"closed","template":"","meta":{"footnotes":""},"class_list":["post-8536","page","type-page","status-publish","hentry"],"_links":{"self":[{"href":"https:\/\/mickiewicz.net.pl\/am\/index.php\/wp-json\/wp\/v2\/pages\/8536","targetHints":{"allow":["GET"]}}],"collection":[{"href":"https:\/\/mickiewicz.net.pl\/am\/index.php\/wp-json\/wp\/v2\/pages"}],"about":[{"href":"https:\/\/mickiewicz.net.pl\/am\/index.php\/wp-json\/wp\/v2\/types\/page"}],"author":[{"embeddable":true,"href":"https:\/\/mickiewicz.net.pl\/am\/index.php\/wp-json\/wp\/v2\/users\/8"}],"replies":[{"embeddable":true,"href":"https:\/\/mickiewicz.net.pl\/am\/index.php\/wp-json\/wp\/v2\/comments?post=8536"}],"version-history":[{"count":4,"href":"https:\/\/mickiewicz.net.pl\/am\/index.php\/wp-json\/wp\/v2\/pages\/8536\/revisions"}],"predecessor-version":[{"id":8540,"href":"https:\/\/mickiewicz.net.pl\/am\/index.php\/wp-json\/wp\/v2\/pages\/8536\/revisions\/8540"}],"wp:attachment":[{"href":"https:\/\/mickiewicz.net.pl\/am\/index.php\/wp-json\/wp\/v2\/media?parent=8536"}],"curies":[{"name":"wp","href":"https:\/\/api.w.org\/{rel}","templated":true}]}}