{"id":854,"date":"2020-09-25T20:13:41","date_gmt":"2020-09-25T18:13:41","guid":{"rendered":"http:\/\/mickiewicz.net.pl\/am\/?page_id=854"},"modified":"2024-04-19T14:10:48","modified_gmt":"2024-04-19T12:10:48","slug":"nauczyciele","status":"publish","type":"page","link":"https:\/\/mickiewicz.net.pl\/am\/index.php\/nauczyciele\/","title":{"rendered":"Nauczyciele"},"content":{"rendered":"<p><a href=\"http:\/\/mickiewicz.net.pl\/am\/index.php\/adresy-mailowe-nauczycieli\/\" role=\"button\"><br \/>\n\t\t\t\t\t\tAdresy mailowe nauczycieli<br \/>\n\t\t\t\t\t<\/a><br \/>\n\t\t\t<a href=\"\/szkola\/dy%C5%BCury.pdf\" role=\"button\"><br \/>\n\t\t\t\t\t\tDy\u017cury<br \/>\n\t\t\t\t\t<\/a><br \/>\n\t\t\t<a href=\"\/szkola\/dy\u017cury%20od%2001.10.2021.pdf\" role=\"button\"><br \/>\n\t\t\t\t\t\tDy\u017cury od 01.10.2021 r.<br \/>\n\t\t\t\t\t<\/a><br \/>\n\t\t\t<a href=\"\/szkola\/2020-21\/Harmonogram%20spotka%C5%84%20z%20rodzicami%202020_2021.pdf\" role=\"button\"><br \/>\n\t\t\t\t\t\tSpotkania z rodzicami<br \/>\n\t\t\t\t\t<\/a><br \/>\n\t\t\t<a href=\"\/szkola\/progi\/progi.php\" role=\"button\"><br \/>\n\t\t\t\t\t\tObliczanie prog\u00f3w<br \/>\n\t\t\t\t\t<\/a><br \/>\n\t\t\t<a href=\"\/szkola\/2020-21\/Strategia%20Zarz%C4%85dzania%20ZS%20nr%201%20w%20czasie%20pandemii%20COVID-19.pdf\" role=\"button\"><br \/>\n\t\t\t\t\t\tStrategia<br \/>\n\t\t\t\t\t<\/a><br \/>\n\t\t\t<a href=\"http:\/\/mickiewicz.net.pl\/am\/index.php\/pracownicze-plany-kapitalowe\/\" role=\"button\"><br \/>\n\t\t\t\t\t\tPracownicze Plany Kapita\u0142owe<br \/>\n\t\t\t\t\t<\/a><\/p>\n","protected":false},"excerpt":{"rendered":"<p>Adresy mailowe nauczycieli Dy\u017cury Dy\u017cury od 01.10.2021 r. Spotkania z rodzicami Obliczanie prog\u00f3w Strategia Pracownicze Plany Kapita\u0142owe<\/p>\n","protected":false},"author":6,"featured_media":0,"parent":0,"menu_order":0,"comment_status":"closed","ping_status":"closed","template":"","meta":{"footnotes":""},"class_list":["post-854","page","type-page","status-publish","hentry"],"_links":{"self":[{"href":"https:\/\/mickiewicz.net.pl\/am\/index.php\/wp-json\/wp\/v2\/pages\/854","targetHints":{"allow":["GET"]}}],"collection":[{"href":"https:\/\/mickiewicz.net.pl\/am\/index.php\/wp-json\/wp\/v2\/pages"}],"about":[{"href":"https:\/\/mickiewicz.net.pl\/am\/index.php\/wp-json\/wp\/v2\/types\/page"}],"author":[{"embeddable":true,"href":"https:\/\/mickiewicz.net.pl\/am\/index.php\/wp-json\/wp\/v2\/users\/6"}],"replies":[{"embeddable":true,"href":"https:\/\/mickiewicz.net.pl\/am\/index.php\/wp-json\/wp\/v2\/comments?post=854"}],"version-history":[{"count":21,"href":"https:\/\/mickiewicz.net.pl\/am\/index.php\/wp-json\/wp\/v2\/pages\/854\/revisions"}],"predecessor-version":[{"id":2332,"href":"https:\/\/mickiewicz.net.pl\/am\/index.php\/wp-json\/wp\/v2\/pages\/854\/revisions\/2332"}],"wp:attachment":[{"href":"https:\/\/mickiewicz.net.pl\/am\/index.php\/wp-json\/wp\/v2\/media?parent=854"}],"curies":[{"name":"wp","href":"https:\/\/api.w.org\/{rel}","templated":true}]}}