{"id":8602,"date":"2023-10-19T10:36:45","date_gmt":"2023-10-19T08:36:45","guid":{"rendered":"https:\/\/mickiewicz.net.pl\/am\/?page_id=8602"},"modified":"2023-10-19T11:03:21","modified_gmt":"2023-10-19T09:03:21","slug":"info-wezel","status":"publish","type":"page","link":"https:\/\/mickiewicz.net.pl\/am\/index.php\/info-wezel\/","title":{"rendered":"Info-w\u0119ze\u0142"},"content":{"rendered":"\t\t<div data-elementor-type=\"wp-page\" data-elementor-id=\"8602\" class=\"elementor elementor-8602\">\n\t\t\t\t\t\t<section class=\"elementor-section elementor-top-section elementor-element elementor-element-286c1f9 elementor-section-boxed elementor-section-height-default elementor-section-height-default\" data-id=\"286c1f9\" data-element_type=\"section\" data-e-type=\"section\">\n\t\t\t\t\t\t<div class=\"elementor-container elementor-column-gap-default\">\n\t\t\t\t\t<div class=\"elementor-column elementor-col-33 elementor-top-column elementor-element elementor-element-891029d\" data-id=\"891029d\" data-element_type=\"column\" data-e-type=\"column\">\n\t\t\t<div class=\"elementor-widget-wrap elementor-element-populated\">\n\t\t\t\t\t\t<div class=\"elementor-element elementor-element-7a05d07 elementor-widget elementor-widget-image\" data-id=\"7a05d07\" data-element_type=\"widget\" data-e-type=\"widget\" data-widget_type=\"image.default\">\n\t\t\t\t<div class=\"elementor-widget-container\">\n\t\t\t\t\t\t\t\t\t\t\t\t\t\t\t<img fetchpriority=\"high\" decoding=\"async\" width=\"1024\" height=\"1024\" src=\"https:\/\/mickiewicz.net.pl\/am\/wp-content\/uploads\/2023\/10\/doku_two_soundspeaker_on_the_floor_colorfull_background_with_gi_c609b38f-5aaf-45dc-b05a-cff6ee6eb2cd-1024x1024.png\" class=\"attachment-large size-large wp-image-8604\" alt=\"Og\u0142oszenie muzyczne\" srcset=\"https:\/\/mickiewicz.net.pl\/am\/wp-content\/uploads\/2023\/10\/doku_two_soundspeaker_on_the_floor_colorfull_background_with_gi_c609b38f-5aaf-45dc-b05a-cff6ee6eb2cd-1024x1024.png 1024w, https:\/\/mickiewicz.net.pl\/am\/wp-content\/uploads\/2023\/10\/doku_two_soundspeaker_on_the_floor_colorfull_background_with_gi_c609b38f-5aaf-45dc-b05a-cff6ee6eb2cd-300x300.png 300w, https:\/\/mickiewicz.net.pl\/am\/wp-content\/uploads\/2023\/10\/doku_two_soundspeaker_on_the_floor_colorfull_background_with_gi_c609b38f-5aaf-45dc-b05a-cff6ee6eb2cd-150x150.png 150w, https:\/\/mickiewicz.net.pl\/am\/wp-content\/uploads\/2023\/10\/doku_two_soundspeaker_on_the_floor_colorfull_background_with_gi_c609b38f-5aaf-45dc-b05a-cff6ee6eb2cd-768x768.png 768w, https:\/\/mickiewicz.net.pl\/am\/wp-content\/uploads\/2023\/10\/doku_two_soundspeaker_on_the_floor_colorfull_background_with_gi_c609b38f-5aaf-45dc-b05a-cff6ee6eb2cd-1536x1536.png 1536w, https:\/\/mickiewicz.net.pl\/am\/wp-content\/uploads\/2023\/10\/doku_two_soundspeaker_on_the_floor_colorfull_background_with_gi_c609b38f-5aaf-45dc-b05a-cff6ee6eb2cd-1080x1080.png 1080w, https:\/\/mickiewicz.net.pl\/am\/wp-content\/uploads\/2023\/10\/doku_two_soundspeaker_on_the_floor_colorfull_background_with_gi_c609b38f-5aaf-45dc-b05a-cff6ee6eb2cd.png 2048w\" sizes=\"(max-width: 1024px) 100vw, 1024px\" \/>\t\t\t\t\t\t\t\t\t\t\t\t\t\t\t<\/div>\n\t\t\t\t<\/div>\n\t\t\t\t\t<\/div>\n\t\t<\/div>\n\t\t\t\t<div class=\"elementor-column elementor-col-66 elementor-top-column elementor-element elementor-element-91ac81f\" data-id=\"91ac81f\" data-element_type=\"column\" data-e-type=\"column\">\n\t\t\t<div class=\"elementor-widget-wrap elementor-element-populated\">\n\t\t\t\t\t\t<div class=\"elementor-element elementor-element-d0ffc85 elementor-widget elementor-widget-text-editor\" data-id=\"d0ffc85\" data-element_type=\"widget\" data-e-type=\"widget\" data-widget_type=\"text-editor.default\">\n\t\t\t\t<div class=\"elementor-widget-container\">\n\t\t\t\t\t\t\t\t\t<p lang=\"zxx\">Drodzy Uczestnicy Konkursu &#8222;Dzie\u0144 z Rebusem&#8221;,<\/p><p lang=\"zxx\">Chcieliby\u015bmy serdecznie podzi\u0119kowa\u0107 wszystkim, kt\u00f3rzy wzi\u0119li udzia\u0142 w naszym konkursie &#8222;Dzie\u0144 z Rebusem&#8221;. Wasze zaanga\u017cowanie i wysi\u0142ek by\u0142y niezwykle wa\u017cne dla naszego szkolnego radiow\u0119z\u0142a, i chcieliby\u015bmy wyrazi\u0107 nasze uznanie dla waszych wysi\u0142k\u00f3w.<\/p><p lang=\"zxx\">Niestety, mogli\u015bmy przyzna\u0107 tylko jednemu zwyci\u0119zcy Szkolnego Joekra, ale ka\u017cdy z Was wykaza\u0142 si\u0119 niezwyk\u0142\u0105 kreatywno\u015bci\u0105 i zdolno\u015bciami rozwi\u0105zywania rebus\u00f3w. Wasza udzia\u0142 w konkursie uczyni\u0142 go wyj\u0105tkowym i pe\u0142nym emocji wydarzeniem.<\/p><p lang=\"zxx\">Mamy przyjemno\u015b\u0107 og\u0142osi\u0107, \u017ce w kolejnych edycjach naszego konkursu b\u0119dziemy nagradza\u0107, a\u017c trzech pierwszych uczni\u00f3w. B\u0119dziemy kontynuowa\u0107 nasz\u0105 misj\u0119 promowania kreatywno\u015bci i talent\u00f3w w\u015br\u00f3d naszych uczni\u00f3w, a Wasze zaanga\u017cowanie b\u0119dzie z pewno\u015bci\u0105 doceniane.<\/p><p lang=\"zxx\">Dzi\u0119kujemy jeszcze raz i gratulacje dla naszego zwyci\u0119zcy! Nie mo\u017cemy si\u0119 doczeka\u0107 przysz\u0142ych wyzwa\u0144 i chwil rado\u015bci, jakie niesie ze sob\u0105 nasz radiow\u0119ze\u0142 szkolny.<\/p><p lang=\"zxx\">Radiow\u0119ze\u0142 Szkolny<\/p><p>\u00a0<\/p>\t\t\t\t\t\t\t\t<\/div>\n\t\t\t\t<\/div>\n\t\t\t\t\t<\/div>\n\t\t<\/div>\n\t\t\t\t\t<\/div>\n\t\t<\/section>\n\t\t\t\t<\/div>\n\t\t","protected":false},"excerpt":{"rendered":"<p>Drodzy Uczestnicy Konkursu &#8222;Dzie\u0144 z Rebusem&#8221;, Chcieliby\u015bmy serdecznie podzi\u0119kowa\u0107 wszystkim, kt\u00f3rzy wzi\u0119li udzia\u0142 w naszym konkursie &#8222;Dzie\u0144 z Rebusem&#8221;. Wasze zaanga\u017cowanie i wysi\u0142ek by\u0142y niezwykle wa\u017cne dla naszego szkolnego radiow\u0119z\u0142a, i chcieliby\u015bmy wyrazi\u0107 nasze uznanie dla waszych wysi\u0142k\u00f3w. Niestety, mogli\u015bmy przyzna\u0107 tylko jednemu zwyci\u0119zcy Szkolnego Joekra, ale ka\u017cdy z Was wykaza\u0142 si\u0119 niezwyk\u0142\u0105 kreatywno\u015bci\u0105 i&hellip; <br \/> <a class=\"read-more\" href=\"https:\/\/mickiewicz.net.pl\/am\/index.php\/info-wezel\/\">Dowiedz si\u0119 wi\u0119cej<\/a><\/p>\n","protected":false},"author":8,"featured_media":0,"parent":0,"menu_order":0,"comment_status":"closed","ping_status":"closed","template":"","meta":{"footnotes":""},"class_list":["post-8602","page","type-page","status-publish","hentry"],"_links":{"self":[{"href":"https:\/\/mickiewicz.net.pl\/am\/index.php\/wp-json\/wp\/v2\/pages\/8602","targetHints":{"allow":["GET"]}}],"collection":[{"href":"https:\/\/mickiewicz.net.pl\/am\/index.php\/wp-json\/wp\/v2\/pages"}],"about":[{"href":"https:\/\/mickiewicz.net.pl\/am\/index.php\/wp-json\/wp\/v2\/types\/page"}],"author":[{"embeddable":true,"href":"https:\/\/mickiewicz.net.pl\/am\/index.php\/wp-json\/wp\/v2\/users\/8"}],"replies":[{"embeddable":true,"href":"https:\/\/mickiewicz.net.pl\/am\/index.php\/wp-json\/wp\/v2\/comments?post=8602"}],"version-history":[{"count":4,"href":"https:\/\/mickiewicz.net.pl\/am\/index.php\/wp-json\/wp\/v2\/pages\/8602\/revisions"}],"predecessor-version":[{"id":8607,"href":"https:\/\/mickiewicz.net.pl\/am\/index.php\/wp-json\/wp\/v2\/pages\/8602\/revisions\/8607"}],"wp:attachment":[{"href":"https:\/\/mickiewicz.net.pl\/am\/index.php\/wp-json\/wp\/v2\/media?parent=8602"}],"curies":[{"name":"wp","href":"https:\/\/api.w.org\/{rel}","templated":true}]}}