{"id":7,"date":"2024-06-04T12:05:52","date_gmt":"2024-06-04T10:05:52","guid":{"rendered":"https:\/\/mickiewicz.net.pl\/szkola\/erasmus\/chorwacja\/mesmerize\/"},"modified":"2024-06-05T12:42:26","modified_gmt":"2024-06-05T10:42:26","slug":"mesmerize","status":"publish","type":"page","link":"https:\/\/mickiewicz.net.pl\/szkola\/erasmus\/chorwacja\/","title":{"rendered":"Front Page"},"content":{"rendered":"<div  id=\"prezentacje\" style=\"background-color: #ffffff;\" data-label=\"Prezentacje\" data-id=\"overlappable-4\" data-export-id=\"overlappable-4\" data-category=\"overlappable\" class=\"overlappable-4 content-section content-section-spacing\" data-overlap=\"true\"><div  class=\"gridContainer\"> <div  data-type=\"row\" class=\"row spaced-cols text-center\"><div  class=\"col-xs-12 col-sm-4 col-padding\"> <i  class=\"fa icon shadow-large-black aligncenter color1 fa-tree reverse round large\"><\/i> <div  data-type=\"column\" class=\"\"> <h5  class=\"\">EKOLOGIA<\/h5> <a class=\"button blue\" href=\"https:\/\/mickiewicz.net.pl\/szkola\/erasmus\/chorwacja\/eco_croatia.pdf\" target=\"_blank\" data-cp-link=\"1\" rel=\"noopener\">Kliknij<\/a><\/div> <\/div> <div  class=\"col-xs-12 col-sm-4 col-padding\"> <i  class=\"fa icon shadow-large-black aligncenter color1 fa-comments reverse round large\"><\/i> <div  data-type=\"column\" class=\"\"><h5  class=\"\">KULTURA<\/h5> <a class=\"button blue\" href=\"https:\/\/mickiewicz.net.pl\/szkola\/erasmus\/chorwacja\/kultura_croatia.pdf\" target=\"_blank\" data-cp-link=\"1\" rel=\"noopener\">Kliknij<\/a><\/div> <\/div> <div  class=\"col-xs-12 col-sm-4 col-padding\"> <i  class=\"fa icon shadow-large-black aligncenter color1 fa-book reverse round large\"><\/i> <div  data-type=\"column\" class=\"\"><h5  class=\"\">S\u0141OWNIK<\/h5> <a class=\"button blue\" href=\"https:\/\/mickiewicz.net.pl\/szkola\/erasmus\/chorwacja\/slownik_croatia.pdf\" target=\"_blank\" data-cp-link=\"1\" rel=\"noopener\">Kliknij<\/a><\/div> <\/div><div  class=\"col-xs-12 col-sm-4 col-padding\"> <i  class=\"fa icon shadow-large-black aligncenter color1 fa-camera reverse round large\"><\/i> <div  data-type=\"column\" class=\"\"> <h5  class=\"\">PADLET<\/h5> <a class=\"button blue\" href=\"https:\/\/padlet.com\/listenskx\/our-photos-in-croatia-erasmus-2023-1-pl01-ka121-vet-00012360-lv34nntbtfc0xufq\" target=\"_blank\" data-cp-link=\"1\" rel=\"noopener\">Kliknij<\/a><\/div> <\/div><div  class=\"col-xs-12 col-sm-4 col-padding\"> <i  class=\"fa icon shadow-large-black aligncenter color1 fa-camera reverse round large\"><\/i> <div  data-type=\"column\" class=\"\"> <h5  class=\"\">OFICJALNY PADLET<\/h5> <a class=\"button blue\" href=\"https:\/\/padlet.com\/listenskx\/erasmus-2023-1-pl01-ka121-vet-00012360-chorwacja-split-marze-z60c3xqahw7obqrk\" target=\"_blank\" data-cp-link=\"1\" rel=\"noopener\">Kliknij<\/a><\/div> <\/div><div  class=\"col-xs-12 col-sm-4 col-padding\"> <i  class=\"fa icon shadow-large-black aligncenter color1 fa-facebook reverse round large\"><\/i> <div  data-type=\"column\" class=\"\"> <h5  class=\"\">FACEBOOK<\/h5> <a class=\"button blue\" href=\"https:\/\/www.facebook.com\/profile.php?id=61557061800926\" target=\"_blank\" data-cp-link=\"1\" rel=\"noopener\">Kliknij<\/a><\/div> <\/div><\/div> <\/div><\/div><div  id=\"o-projekcie\" style=\"background-color: #f5fafd;\" data-label=\"O projekcie\" data-id=\"about-1\" data-export-id=\"about-1\" data-category=\"about\" class=\"about-1 content-section\"><div  class=\"gridContainer\"> <div  class=\"row text-center\"><div  class=\"section-title-col\" data-type=\"column\">  <h2  class=\"\">O projekcie<\/h2> <p  class=\"lead\">Uczniowie Technikum nr 1 z Zespo\u0142u Szk\u00f3\u0142 nr 1 im. Adama Mickiewicza w Lubli\u0144cu w Lubli\u0144cu kolejny raz uczestniczyli w mobilno\u015bci zawodowej w ramach projektu Erasmus+. Szko\u0142a w tym roku wsp\u00f3\u0142pracuje z firm\u0105 EU MOBILITY CROATIA, a mobilno\u015b\u0107 edukacyjna uczni\u00f3w odbywa si\u0119 w ramach projektu unijnego Erasmus+ 2023-1-PL01-KA121-VET-000123, kt\u00f3ry jest cz\u0119\u015bci\u0105 otrzymanej przez nas akredytacji na lata 2021-2027, dotycz\u0105cej mobilno\u015bci os\u00f3b ucz\u0105cych si\u0119 i kadry w ramach kszta\u0142cenia i szkolenia zawodowego. Koordynatorem projektu jest Pani Emilia Sukiennik. Asystentkami s\u0105 Panie: Sabina Thomas-Wato\u0142a oraz Kinga Drapacz. Do Chorwacji wyjechali nast\u0119puj\u0105cy uczniowie klasy 4 Tab, ucz\u0105cy si\u0119 w zawodzie technika informatyka: Kinga Kubiciel, Kamil Apostel, Remigiusz Blacha, Jakub Bloch, \u0141ukasz Ciupek, Adrian Kuc, Dawid Mazur, Micha\u0142 Pawo\u0142ka, Szymon Rarata, S\u0142awomir Sprot i Przemys\u0142aw Tokarz.Praktyka zawodowa informatyk\u00f3w odbywa\u0142a si\u0119 w firmie LAMA w Splicie od 4 marca 2024 roku do 29 marca 2024 roku. Praktyki zagraniczne w Splicie trwa\u0142y miesi\u0105c. Podczas pierwszego i drugiego tygodnia uczniowie przebywali pod opiek\u0105 Pani Aleksandry Szokalskiej i Pani Kingi Drapacz. Natomiast podczas trzeciego i czwartego tygodnia opiek\u0119 nad uczniami sprawowali Pan Marek S\u0142awik i Pan Damian Czaja. Praktyki zawodowe to wa\u017cny etap procesu kszta\u0142cenia uczni\u00f3w, maj\u0105cy na celu pog\u0142\u0119bienie nie tylko og\u00f3lnej wiedzy, lecz tak\u017ce praktycznych umiej\u0119tno\u015bci wykorzystywanych w przysz\u0142ej pracy zawodowej. Nasi uczniowie przede wszystkim nabywaj\u0105 konkretnych umiej\u0119tno\u015bci zawodowych w zawodzie technika informatyka. Doskonal\u0105 znajomo\u015b\u0107 j\u0119zyka angielskiego ze szczeg\u00f3lnym uwzgl\u0119dnieniem s\u0142ownictwa zawodowego. Zagraniczne praktyki zawodowe w firmie LAMA w Splicie s\u0105 wa\u017cnym narz\u0119dziem s\u0142u\u017c\u0105cym do zdobywania wiedzy praktycznej. Z kolei mo\u017cliwo\u015b\u0107 zweryfikowania nabytych w szkole umiej\u0119tno\u015bci zapewnia uczniom odpowiedni\u0105 motywacj\u0119 do dalszego kszta\u0142cenia si\u0119. Praca w firmie LAMA to pocz\u0105tek tworzenia zawodowego portfolio ka\u017cdego uczestnika zagranicznych praktyk zawodowych. Wielu z nich b\u0119dzie mog\u0142o w przysz\u0142o\u015bci wykorzysta\u0107 to do\u015bwiadczenie, pracuj\u0105c w swoim zawodzie. Udzia\u0142 uczni\u00f3w w praktykach zawodowych jest ca\u0142kowicie bezp\u0142atny. Podr\u00f3\u017c, ubezpieczenie, zakwaterowanie, wy\u017cywienie, bilety miesi\u0119czne w Splicie, a nawet kieszonkowe dla uczestnik\u00f3w finansuje ze \u015brodk\u00f3w unijnych program Erasmus+. W biurze EU Mobility Croatia odby\u0142o si\u0119 spotkanie organizacyjne z Panem Karolem Pilarkiem oraz opiekunk\u0105 naszej grupy. Uczniowie zostali zapoznani z najwa\u017cniejszymi informacjami zwi\u0105zanymi z Chorwacj\u0105, w szczeg\u00f3lno\u015bci ze zwyczajami, obyczajami, kultur\u0105 oraz prawem, do kt\u00f3rego ka\u017cdy ma obowi\u0105zek si\u0119 dostosowa\u0107. Nasi uczniowie i nauczycielki, poza realizacj\u0105 programu praktyk, poznawaniem kultury, spacerami i wycieczkami oraz rozmowami z pracodawc\u0105 i wsp\u00f3\u0142pracownikami, po\u015bwi\u0119cili czas na intensywn\u0105 nauk\u0119 j\u0119zyka chorwackiego. Znajomo\u015b\u0107 j\u0119zyka chorwackiego pomo\u017ce im \u0142atwiej nawi\u0105zywa\u0107 kontakty w miejscu pracy, sklepie i podczas zamawiania posi\u0142k\u00f3w. Uczniowie Technikum nr 1 w Lubli\u0144cu sp\u0119dzaj\u0105 czas na integracji zar\u00f3wno wewn\u0105trz naszej grupy, jaki z innymi uczestnikami podobnych projekt\u00f3w ze szk\u00f3\u0142 w Gdyni, Sanoku oraz z Norwegii. Wszyscy uczniowie zgodnie twierdz\u0105, \u017ce zagraniczna praktyka zawodowa to okazja do poprawienia kompetencji zawodowych, poznania kultury i warunk\u00f3w pracy, a przede wszystkim okazja do doskonalenia j\u0119zyka angielskiego zawodowego.&nbsp;<\/p><\/div> <\/div> <div  class=\"row\"> <div  class=\"button-holder space-bottom space-bottom-small\" data-type=\"column\"> <\/div> <div  class=\"col-xs bottom-xs flexbox image-group-bottom-3-img space-bottom-xs center-xs\"> <img  decoding=\"async\" class=\"left-img shadow-large-black\" data-size=\"500x300\" src=\"https:\/\/mickiewicz.net.pl\/szkola\/erasmus\/chorwacja\/wp-content\/uploads\/2024\/06\/cropped-wykreciki-768x432-1.jpg\" title=\"wykreciki-768x432\" alt=\"\"> <img  decoding=\"async\" class=\"center-img shadow-large-black\" data-size=\"500x300\" src=\"https:\/\/mickiewicz.net.pl\/szkola\/erasmus\/chorwacja\/wp-content\/uploads\/2024\/06\/cropped-apsztejn-1536x1152-1.jpg\" title=\"apsztejn-1536x1152\" alt=\"\"> <img  decoding=\"async\" class=\"right-img shadow-large-black\" data-size=\"500x300\" src=\"https:\/\/mickiewicz.net.pl\/szkola\/erasmus\/chorwacja\/wp-content\/uploads\/2024\/06\/cropped-DSCN9343-300x225-1.jpg\" title=\"DSCN9343-300x225\" alt=\"\"><\/div> <\/div><\/div> <\/div><div  id=\"rezultaty\" style=\"background-color: #ffffff;\" data-label=\"Rezultaty\" data-id=\"features-12-card-bordered\" data-export-id=\"features-12-card-bordered\" data-category=\"features\" class=\"features-12-card-bordered content-section content-section-spacing \"><div  class=\"gridContainer\"> <div  class=\"row text-center\"><div  class=\"section-title-col\" data-type=\"column\"> <h2  class=\"\">Rezultaty<\/h2> <p  class=\"lead\"><\/p><\/div> <\/div> <div  class=\"row spaced-cols\" data-type=\"row\"> <div  class=\"col-sm-6\"> <div  class=\"card row-card bordered y-move\"> <div  class=\"row\"> <div  class=\"col-sm-fit icon-column\"> <i  class=\"fa icon fa-connectdevelop round bordered color2\"><\/i> <\/div> <div  class=\"col-sm\" data-type=\"column\"> <h5  class=\"color2\">DO\u015aWIADCZENIE<\/h5> <p  class=\"\">Podczas projektu Erasmus w Chorwacji nasza grupa zdoby\u0142a niezapomniane do\u015bwiadczenia. Poznali\u015bmy nowych ludzi z r\u00f3\u017cnych kraj\u00f3w i kultur, co otworzy\u0142o nam oczy na r\u00f3\u017cnorodno\u015b\u0107 \u015bwiata. Przebywanie w obcym kraju uczyni\u0142o nas bardziej otwartymi i tolerancyjnymi, dzi\u0119ki czemu lepiej rozumiemy i szanujemy innych. Organizacja i przebieg projektu by\u0142y niezwykle pouczaj\u0105ce, daj\u0105c nam mo\u017cliwo\u015b\u0107 rozwoju osobistego i nabywania nowych umiej\u0119tno\u015bci.<\/p><\/div> <\/div><\/div> <\/div> <div  class=\"col-sm-6\"> <div  class=\"card row-card bordered y-move\"> <div  class=\"row\"> <div  class=\"col-sm-fit icon-column\"> <i  class=\"fa icon fa-codepen round bordered color2\"><\/i> <\/div> <div  class=\"col-sm\" data-type=\"column\"> <h5  class=\"color2\">UMIEJ\u0118TNO\u015aCI<\/h5> <p  class=\"\">W trakcie projektu jako uczniowie musieli\u015bmy mierzy\u0107 z r\u00f3znego typu zadaniami co bez w\u0105tpienia pozowli\u0142o nam naby\u0107 nowe umiej\u0119no\u015bci, oraz rozwin\u0105\u0107 te kt\u00f3re ju\u017c posiadali\u015bmy, nie mamy w\u0105tpliwo\u015bci \u017ce pozyskana wiedza przyda nam si\u0119 w przysz\u0142o\u015bci oraz pozwoli nam na polepszenie swojego CV oraz znalezienie dobrej i stabilnej pracy.<\/p><\/div> <\/div><\/div> <\/div> <div  class=\"col-sm-6\"> <div  class=\"card row-card bordered y-move\"> <div  class=\"row\"> <div  class=\"col-sm-fit icon-column\"> <i  class=\"fa icon fa-cube round bordered color2\"><\/i> <\/div> <div  class=\"col-sm\" data-type=\"column\"> <h5  class=\"color2\">SAMODZIELNO\u015a\u0106<\/h5> <p  class=\"\">Gdy przebywali\u015bmy w Chorwacji musieli\u015bmy z wieloma rzeczami radzi\u0107 sobie sami, nie mamy w\u0105tpliwo\u015bci, \u017c\u0119 dzieki temu miesi\u0105cowi, nasza samodzielno\u015b\u0107 oraz zdolno\u015b\u0107 do radzenia sobie z problemami znacznie wzros\u0142a, co pokazuje jak bardzo projekt wp\u0142ywa na dyscyplin\u0119 oraz nasz rozw\u00f3j<\/p><\/div> <\/div><\/div> <\/div> <div  class=\"col-sm-6\"> <div  class=\"card row-card bordered y-move\"> <div  class=\"row\"> <div  class=\"col-sm-fit icon-column\"> <i  class=\"fa icon fa-database round bordered color2\"><\/i> <\/div> <div  class=\"col-sm\" data-type=\"column\"> <h5  class=\"color2\">J\u0118ZYK<\/h5> <p  class=\"\">Podczas projektu mieli\u015bmy mo\u017cliwo\u015b\u0107 rozwijania swoich umiej\u0119no\u015bci w zakresie komunikacji u\u017cywaj\u0105c jezyka angielskiego, co bez w\u0105tpienia przyczyni\u0142o si\u0119 do rozwoju naszej komunikatywno\u015bci. Poznali\u015bmy te\u017c wiele s\u0142\u00f3w w j\u0119zyku chorwackim<\/p><\/div> <\/div><\/div> <\/div><\/div> <\/div><\/div><div  id=\"galeria\" style=\"background-color: #f5fafd;\" data-label=\"Galeria\" data-id=\"content-2\" data-export-id=\"content-2\" data-category=\"content\" class=\"content-2 content-section content-section-spacing\"><div > <div  class=\"row middle-xs\"><div  class=\"col-sm-5 bg-image shadow-large-black\" data-bg=\"image\" style=\"background-image: url(&quot;https:\/\/mickiewicz.net.pl\/szkola\/erasmus\/chorwacja\/wp-content\/uploads\/2024\/06\/cropped-makarska-1536x1152-1.jpg&quot;);\"><\/div> <div  class=\"col-sm-7 full-col-left-padding full-col-right-padding\"> <div  class=\"row\"> <div  data-type=\"column\" class=\"space-bottom-small content-title-col\">  <h2  class=\"\">Galeria<\/h2> <p  class=\"\"><\/p><a class=\"button blue\" href=\"https:\/\/mickiewicz.net.pl\/szkola\/erasmus\/chorwacja\/przykladowa-strona\" target=\"_blank\" data-cp-link=\"1\" rel=\"noopener\">Kliknij aby zobaczy\u0107<\/a><\/div> <\/div> <div  class=\"row spaced-cols \" data-type=\"row\"> <div  class=\"col-xs-6\" data-type=\"column\"> <h5  class=\"\">Stella croatica<\/h5> <p  class=\"\">Podczas projektu odwiedzili\u015bmy firme Stella croatica cechuj\u0105c\u0105 si\u0119 ekologicznym prowadzeniem<\/p><\/div> <div  class=\"col-xs-6\" data-type=\"column\"><h5  class=\"\">Twierdza Klis<\/h5> <p  class=\"\">Mieli\u015bmy okazj\u0119 zobaczy\u0107 wspania\u0142\u0105 twierdz\u0119 Klis w chorwacji oraz pozna\u0107 jej wyj\u0105tkow\u0105 histori\u0119<\/p><\/div> <div  class=\"col-xs-6\" data-type=\"column\"><h5  class=\"\">MAKARSKA<\/h5> <p  class=\"\">By\u0142o nam dane zobaczy\u0107 jedn\u0105 z najpi\u0119kniejszych miejscowo\u015bci turystycznych Chorwacji. Pi\u0119kne g\u00f3ry i zaraz obok morze robi\u0142y niesamowite wra\u017cenie<\/p><\/div>  <\/div><\/div> <\/div><\/div> <\/div>","protected":false},"excerpt":{"rendered":"<p>EKOLOGIA Kliknij KULTURA Kliknij S\u0141OWNIK Kliknij PADLET Kliknij OFICJALNY PADLET Kliknij FACEBOOK Kliknij O projekcie Uczniowie Technikum nr 1 z Zespo\u0142u Szk\u00f3\u0142 nr 1 im. Adama Mickiewicza w Lubli\u0144cu w Lubli\u0144cu kolejny raz uczestniczyli w mobilno\u015bci zawodowej w ramach projektu Erasmus+. Szko\u0142a w tym roku wsp\u00f3\u0142pracuje z firm\u0105 EU MOBILITY CROATIA, a mobilno\u015b\u0107 edukacyjna uczni\u00f3w&hellip; <br \/> <a class=\"read-more\" href=\"https:\/\/mickiewicz.net.pl\/szkola\/erasmus\/chorwacja\/\">Dowiedz si\u0119 wi\u0119cej<\/a><\/p>\n","protected":false},"author":1,"featured_media":0,"parent":0,"menu_order":0,"comment_status":"closed","ping_status":"closed","template":"page-templates\/homepage.php","meta":{"footnotes":""},"class_list":["post-7","page","type-page","status-publish","hentry"],"_links":{"self":[{"href":"https:\/\/mickiewicz.net.pl\/szkola\/erasmus\/chorwacja\/wp-json\/wp\/v2\/pages\/7","targetHints":{"allow":["GET"]}}],"collection":[{"href":"https:\/\/mickiewicz.net.pl\/szkola\/erasmus\/chorwacja\/wp-json\/wp\/v2\/pages"}],"about":[{"href":"https:\/\/mickiewicz.net.pl\/szkola\/erasmus\/chorwacja\/wp-json\/wp\/v2\/types\/page"}],"author":[{"embeddable":true,"href":"https:\/\/mickiewicz.net.pl\/szkola\/erasmus\/chorwacja\/wp-json\/wp\/v2\/users\/1"}],"replies":[{"embeddable":true,"href":"https:\/\/mickiewicz.net.pl\/szkola\/erasmus\/chorwacja\/wp-json\/wp\/v2\/comments?post=7"}],"version-history":[{"count":34,"href":"https:\/\/mickiewicz.net.pl\/szkola\/erasmus\/chorwacja\/wp-json\/wp\/v2\/pages\/7\/revisions"}],"predecessor-version":[{"id":456,"href":"https:\/\/mickiewicz.net.pl\/szkola\/erasmus\/chorwacja\/wp-json\/wp\/v2\/pages\/7\/revisions\/456"}],"wp:attachment":[{"href":"https:\/\/mickiewicz.net.pl\/szkola\/erasmus\/chorwacja\/wp-json\/wp\/v2\/media?parent=7"}],"curies":[{"name":"wp","href":"https:\/\/api.w.org\/{rel}","templated":true}]}}