{"id":128,"date":"2026-03-17T10:55:35","date_gmt":"2026-03-17T09:55:35","guid":{"rendered":"https:\/\/mickiewicz.net.pl\/szkola\/erasmus\/portugalia\/?page_id=128"},"modified":"2026-03-17T11:02:55","modified_gmt":"2026-03-17T10:02:55","slug":"galeria","status":"publish","type":"page","link":"https:\/\/mickiewicz.net.pl\/szkola\/erasmus\/portugalia\/galeria\/","title":{"rendered":"Galeria"},"content":{"rendered":"\n\n<div class=\"wp-block-group alignfull is-style-section-1 has-global-padding is-content-justification-left is-layout-constrained wp-container-core-group-is-layout-12323636 wp-block-group-is-layout-constrained is-style-section-1--1\" style=\"min-height:100vh;margin-top:0;margin-bottom:0;padding-top:var(--wp--preset--spacing--80);padding-right:var(--wp--preset--spacing--80);padding-bottom:var(--wp--preset--spacing--80);padding-left:var(--wp--preset--spacing--80)\">\n<div class=\"wp-block-columns alignwide are-vertically-aligned-bottom is-layout-flex wp-container-core-columns-is-layout-643ced6b wp-block-columns-is-layout-flex\">\n<div class=\"wp-block-column is-vertically-aligned-bottom is-layout-flow wp-block-column-is-layout-flow\">\n<figure class=\"wp-block-image aligncenter size-full has-custom-border\"><img fetchpriority=\"high\" decoding=\"async\" width=\"2048\" height=\"1536\" src=\"https:\/\/mickiewicz.net.pl\/szkola\/erasmus\/portugalia\/wp-content\/uploads\/2026\/03\/649511042_1250530986572776_2118019494834327602_n.jpg\" alt=\"\" class=\"wp-image-82\" style=\"border-top-left-radius:150px;border-bottom-right-radius:150px;object-fit:cover\" srcset=\"https:\/\/mickiewicz.net.pl\/szkola\/erasmus\/portugalia\/wp-content\/uploads\/2026\/03\/649511042_1250530986572776_2118019494834327602_n.jpg 2048w, https:\/\/mickiewicz.net.pl\/szkola\/erasmus\/portugalia\/wp-content\/uploads\/2026\/03\/649511042_1250530986572776_2118019494834327602_n-300x225.jpg 300w, https:\/\/mickiewicz.net.pl\/szkola\/erasmus\/portugalia\/wp-content\/uploads\/2026\/03\/649511042_1250530986572776_2118019494834327602_n-1024x768.jpg 1024w, https:\/\/mickiewicz.net.pl\/szkola\/erasmus\/portugalia\/wp-content\/uploads\/2026\/03\/649511042_1250530986572776_2118019494834327602_n-768x576.jpg 768w, https:\/\/mickiewicz.net.pl\/szkola\/erasmus\/portugalia\/wp-content\/uploads\/2026\/03\/649511042_1250530986572776_2118019494834327602_n-1536x1152.jpg 1536w\" sizes=\"(max-width: 2048px) 100vw, 2048px\" \/><\/figure>\n<\/div>\n\n\n\n<div class=\"wp-block-column is-vertically-aligned-bottom is-layout-flow wp-block-column-is-layout-flow\">\n<div class=\"wp-block-group is-vertical is-content-justification-stretch is-layout-flex wp-container-core-group-is-layout-353c4f5a wp-block-group-is-layout-flex\">\n<h2 class=\"wp-block-heading has-text-align-left\">Galeria<\/h2>\n\n\n\n<p>Galeria zdj\u0119\u0107 z wyjazdu Erasmus+ do Portugalii przedstawia najwa\u017cniejsze momenty naszej mobilno\u015bci. Na fotografiach mo\u017cna zobaczy\u0107 zar\u00f3wno codzienne \u017cycie podczas pobytu, jak i udzia\u0142 w zaj\u0119ciach szkolnych oraz realizacj\u0119 projekt\u00f3w mi\u0119dzynarodowych.<\/p>\n<\/div>\n<\/div>\n<\/div>\n<\/div>\n\n\n\n<figure class=\"wp-block-gallery alignwide has-nested-images columns-3 wp-block-gallery-2 is-layout-flex wp-block-gallery-is-layout-flex\">\n<figure class=\"wp-block-image size-large\"><img decoding=\"async\" width=\"500\" height=\"666\" data-id=\"93\" src=\"https:\/\/mickiewicz.net.pl\/szkola\/erasmus\/portugalia\/wp-content\/uploads\/2026\/03\/IMG_7646-1.jpg\" alt=\"\" class=\"wp-image-93\" srcset=\"https:\/\/mickiewicz.net.pl\/szkola\/erasmus\/portugalia\/wp-content\/uploads\/2026\/03\/IMG_7646-1.jpg 500w, https:\/\/mickiewicz.net.pl\/szkola\/erasmus\/portugalia\/wp-content\/uploads\/2026\/03\/IMG_7646-1-225x300.jpg 225w\" sizes=\"(max-width: 500px) 100vw, 500px\" \/><\/figure>\n\n\n\n<figure class=\"wp-block-image size-large\"><img decoding=\"async\" width=\"1024\" height=\"576\" data-id=\"52\" src=\"https:\/\/mickiewicz.net.pl\/szkola\/erasmus\/portugalia\/wp-content\/uploads\/2026\/03\/ff9d1563-1aed-4c1d-801a-416a6b6dbc4f-1024x576.jpg\" alt=\"\" class=\"wp-image-52\" srcset=\"https:\/\/mickiewicz.net.pl\/szkola\/erasmus\/portugalia\/wp-content\/uploads\/2026\/03\/ff9d1563-1aed-4c1d-801a-416a6b6dbc4f-1024x576.jpg 1024w, https:\/\/mickiewicz.net.pl\/szkola\/erasmus\/portugalia\/wp-content\/uploads\/2026\/03\/ff9d1563-1aed-4c1d-801a-416a6b6dbc4f-300x169.jpg 300w, https:\/\/mickiewicz.net.pl\/szkola\/erasmus\/portugalia\/wp-content\/uploads\/2026\/03\/ff9d1563-1aed-4c1d-801a-416a6b6dbc4f-768x432.jpg 768w, https:\/\/mickiewicz.net.pl\/szkola\/erasmus\/portugalia\/wp-content\/uploads\/2026\/03\/ff9d1563-1aed-4c1d-801a-416a6b6dbc4f-1536x864.jpg 1536w, https:\/\/mickiewicz.net.pl\/szkola\/erasmus\/portugalia\/wp-content\/uploads\/2026\/03\/ff9d1563-1aed-4c1d-801a-416a6b6dbc4f.jpg 2048w\" sizes=\"(max-width: 1024px) 100vw, 1024px\" \/><\/figure>\n\n\n\n<figure class=\"wp-block-image size-large\"><img loading=\"lazy\" decoding=\"async\" width=\"1024\" height=\"770\" data-id=\"79\" src=\"https:\/\/mickiewicz.net.pl\/szkola\/erasmus\/portugalia\/wp-content\/uploads\/2026\/03\/IMG_7980-1024x770.jpg\" alt=\"\" class=\"wp-image-79\" srcset=\"https:\/\/mickiewicz.net.pl\/szkola\/erasmus\/portugalia\/wp-content\/uploads\/2026\/03\/IMG_7980-1024x770.jpg 1024w, https:\/\/mickiewicz.net.pl\/szkola\/erasmus\/portugalia\/wp-content\/uploads\/2026\/03\/IMG_7980-300x226.jpg 300w, https:\/\/mickiewicz.net.pl\/szkola\/erasmus\/portugalia\/wp-content\/uploads\/2026\/03\/IMG_7980-768x578.jpg 768w, https:\/\/mickiewicz.net.pl\/szkola\/erasmus\/portugalia\/wp-content\/uploads\/2026\/03\/IMG_7980-1536x1156.jpg 1536w, https:\/\/mickiewicz.net.pl\/szkola\/erasmus\/portugalia\/wp-content\/uploads\/2026\/03\/IMG_7980.jpg 1555w\" sizes=\"(max-width: 1024px) 100vw, 1024px\" \/><\/figure>\n\n\n\n<figure class=\"wp-block-image size-large\"><img loading=\"lazy\" decoding=\"async\" width=\"1024\" height=\"768\" data-id=\"78\" src=\"https:\/\/mickiewicz.net.pl\/szkola\/erasmus\/portugalia\/wp-content\/uploads\/2026\/03\/IMG_7414-1024x768.jpg\" alt=\"\" class=\"wp-image-78\" srcset=\"https:\/\/mickiewicz.net.pl\/szkola\/erasmus\/portugalia\/wp-content\/uploads\/2026\/03\/IMG_7414-1024x768.jpg 1024w, https:\/\/mickiewicz.net.pl\/szkola\/erasmus\/portugalia\/wp-content\/uploads\/2026\/03\/IMG_7414-300x225.jpg 300w, https:\/\/mickiewicz.net.pl\/szkola\/erasmus\/portugalia\/wp-content\/uploads\/2026\/03\/IMG_7414-768x576.jpg 768w, https:\/\/mickiewicz.net.pl\/szkola\/erasmus\/portugalia\/wp-content\/uploads\/2026\/03\/IMG_7414-1536x1152.jpg 1536w, https:\/\/mickiewicz.net.pl\/szkola\/erasmus\/portugalia\/wp-content\/uploads\/2026\/03\/IMG_7414.jpg 1600w\" sizes=\"(max-width: 1024px) 100vw, 1024px\" \/><\/figure>\n\n\n\n<figure class=\"wp-block-image size-large\"><img loading=\"lazy\" decoding=\"async\" width=\"1024\" height=\"755\" data-id=\"77\" src=\"https:\/\/mickiewicz.net.pl\/szkola\/erasmus\/portugalia\/wp-content\/uploads\/2026\/03\/IMG_7360-e1773694122596-1024x755.jpg\" alt=\"\" class=\"wp-image-77\" srcset=\"https:\/\/mickiewicz.net.pl\/szkola\/erasmus\/portugalia\/wp-content\/uploads\/2026\/03\/IMG_7360-e1773694122596-1024x755.jpg 1024w, https:\/\/mickiewicz.net.pl\/szkola\/erasmus\/portugalia\/wp-content\/uploads\/2026\/03\/IMG_7360-e1773694122596-300x221.jpg 300w, https:\/\/mickiewicz.net.pl\/szkola\/erasmus\/portugalia\/wp-content\/uploads\/2026\/03\/IMG_7360-e1773694122596-768x566.jpg 768w, https:\/\/mickiewicz.net.pl\/szkola\/erasmus\/portugalia\/wp-content\/uploads\/2026\/03\/IMG_7360-e1773694122596.jpg 1200w\" sizes=\"(max-width: 1024px) 100vw, 1024px\" \/><\/figure>\n\n\n\n<figure class=\"wp-block-image size-large\"><img loading=\"lazy\" decoding=\"async\" width=\"787\" height=\"1024\" data-id=\"76\" src=\"https:\/\/mickiewicz.net.pl\/szkola\/erasmus\/portugalia\/wp-content\/uploads\/2026\/03\/02e38557-906c-492f-97f2-4d7596c6e8f9-e1773694000874-787x1024.jpg\" alt=\"\" class=\"wp-image-76\" srcset=\"https:\/\/mickiewicz.net.pl\/szkola\/erasmus\/portugalia\/wp-content\/uploads\/2026\/03\/02e38557-906c-492f-97f2-4d7596c6e8f9-e1773694000874-787x1024.jpg 787w, https:\/\/mickiewicz.net.pl\/szkola\/erasmus\/portugalia\/wp-content\/uploads\/2026\/03\/02e38557-906c-492f-97f2-4d7596c6e8f9-e1773694000874-231x300.jpg 231w, https:\/\/mickiewicz.net.pl\/szkola\/erasmus\/portugalia\/wp-content\/uploads\/2026\/03\/02e38557-906c-492f-97f2-4d7596c6e8f9-e1773694000874-768x999.jpg 768w, https:\/\/mickiewicz.net.pl\/szkola\/erasmus\/portugalia\/wp-content\/uploads\/2026\/03\/02e38557-906c-492f-97f2-4d7596c6e8f9-e1773694000874.jpg 1178w\" sizes=\"(max-width: 787px) 100vw, 787px\" \/><\/figure>\n\n\n\n<figure class=\"wp-block-image size-large\"><img loading=\"lazy\" decoding=\"async\" width=\"1024\" height=\"684\" data-id=\"73\" src=\"https:\/\/mickiewicz.net.pl\/szkola\/erasmus\/portugalia\/wp-content\/uploads\/2026\/03\/f9e7d974-8e6c-4e67-8672-d23dfc06785b-1024x684.jpg\" alt=\"\" class=\"wp-image-73\" srcset=\"https:\/\/mickiewicz.net.pl\/szkola\/erasmus\/portugalia\/wp-content\/uploads\/2026\/03\/f9e7d974-8e6c-4e67-8672-d23dfc06785b-1024x684.jpg 1024w, https:\/\/mickiewicz.net.pl\/szkola\/erasmus\/portugalia\/wp-content\/uploads\/2026\/03\/f9e7d974-8e6c-4e67-8672-d23dfc06785b-300x200.jpg 300w, https:\/\/mickiewicz.net.pl\/szkola\/erasmus\/portugalia\/wp-content\/uploads\/2026\/03\/f9e7d974-8e6c-4e67-8672-d23dfc06785b-768x513.jpg 768w, https:\/\/mickiewicz.net.pl\/szkola\/erasmus\/portugalia\/wp-content\/uploads\/2026\/03\/f9e7d974-8e6c-4e67-8672-d23dfc06785b-1536x1025.jpg 1536w, https:\/\/mickiewicz.net.pl\/szkola\/erasmus\/portugalia\/wp-content\/uploads\/2026\/03\/f9e7d974-8e6c-4e67-8672-d23dfc06785b.jpg 2048w\" sizes=\"(max-width: 1024px) 100vw, 1024px\" \/><\/figure>\n\n\n\n<figure class=\"wp-block-image size-large\"><img loading=\"lazy\" decoding=\"async\" width=\"768\" height=\"1024\" data-id=\"72\" src=\"https:\/\/mickiewicz.net.pl\/szkola\/erasmus\/portugalia\/wp-content\/uploads\/2026\/03\/4077bc20-2465-4c2c-85e9-529a988d434d-768x1024.jpg\" alt=\"\" class=\"wp-image-72\" srcset=\"https:\/\/mickiewicz.net.pl\/szkola\/erasmus\/portugalia\/wp-content\/uploads\/2026\/03\/4077bc20-2465-4c2c-85e9-529a988d434d-768x1024.jpg 768w, https:\/\/mickiewicz.net.pl\/szkola\/erasmus\/portugalia\/wp-content\/uploads\/2026\/03\/4077bc20-2465-4c2c-85e9-529a988d434d-225x300.jpg 225w, https:\/\/mickiewicz.net.pl\/szkola\/erasmus\/portugalia\/wp-content\/uploads\/2026\/03\/4077bc20-2465-4c2c-85e9-529a988d434d-1152x1536.jpg 1152w, https:\/\/mickiewicz.net.pl\/szkola\/erasmus\/portugalia\/wp-content\/uploads\/2026\/03\/4077bc20-2465-4c2c-85e9-529a988d434d.jpg 1536w\" sizes=\"(max-width: 768px) 100vw, 768px\" \/><\/figure>\n\n\n\n<figure class=\"wp-block-image size-large\"><img loading=\"lazy\" decoding=\"async\" width=\"684\" height=\"1024\" data-id=\"71\" src=\"https:\/\/mickiewicz.net.pl\/szkola\/erasmus\/portugalia\/wp-content\/uploads\/2026\/03\/901a0442-f891-4877-8573-8b3d449f24ae-684x1024.jpg\" alt=\"\" class=\"wp-image-71\" srcset=\"https:\/\/mickiewicz.net.pl\/szkola\/erasmus\/portugalia\/wp-content\/uploads\/2026\/03\/901a0442-f891-4877-8573-8b3d449f24ae-684x1024.jpg 684w, https:\/\/mickiewicz.net.pl\/szkola\/erasmus\/portugalia\/wp-content\/uploads\/2026\/03\/901a0442-f891-4877-8573-8b3d449f24ae-200x300.jpg 200w, https:\/\/mickiewicz.net.pl\/szkola\/erasmus\/portugalia\/wp-content\/uploads\/2026\/03\/901a0442-f891-4877-8573-8b3d449f24ae-768x1151.jpg 768w, https:\/\/mickiewicz.net.pl\/szkola\/erasmus\/portugalia\/wp-content\/uploads\/2026\/03\/901a0442-f891-4877-8573-8b3d449f24ae-1025x1536.jpg 1025w, https:\/\/mickiewicz.net.pl\/szkola\/erasmus\/portugalia\/wp-content\/uploads\/2026\/03\/901a0442-f891-4877-8573-8b3d449f24ae.jpg 1367w\" sizes=\"(max-width: 684px) 100vw, 684px\" \/><\/figure>\n\n\n\n<figure class=\"wp-block-image size-large\"><img loading=\"lazy\" decoding=\"async\" width=\"797\" height=\"1024\" data-id=\"70\" src=\"https:\/\/mickiewicz.net.pl\/szkola\/erasmus\/portugalia\/wp-content\/uploads\/2026\/03\/481F4E90-7B1F-4C39-B026-1EE0889BED49-797x1024.jpeg\" alt=\"\" class=\"wp-image-70\" srcset=\"https:\/\/mickiewicz.net.pl\/szkola\/erasmus\/portugalia\/wp-content\/uploads\/2026\/03\/481F4E90-7B1F-4C39-B026-1EE0889BED49-797x1024.jpeg 797w, https:\/\/mickiewicz.net.pl\/szkola\/erasmus\/portugalia\/wp-content\/uploads\/2026\/03\/481F4E90-7B1F-4C39-B026-1EE0889BED49-233x300.jpeg 233w, https:\/\/mickiewicz.net.pl\/szkola\/erasmus\/portugalia\/wp-content\/uploads\/2026\/03\/481F4E90-7B1F-4C39-B026-1EE0889BED49-768x987.jpeg 768w, https:\/\/mickiewicz.net.pl\/szkola\/erasmus\/portugalia\/wp-content\/uploads\/2026\/03\/481F4E90-7B1F-4C39-B026-1EE0889BED49-1195x1536.jpeg 1195w, https:\/\/mickiewicz.net.pl\/szkola\/erasmus\/portugalia\/wp-content\/uploads\/2026\/03\/481F4E90-7B1F-4C39-B026-1EE0889BED49-1593x2048.jpeg 1593w, https:\/\/mickiewicz.net.pl\/szkola\/erasmus\/portugalia\/wp-content\/uploads\/2026\/03\/481F4E90-7B1F-4C39-B026-1EE0889BED49-scaled.jpeg 1992w\" sizes=\"(max-width: 797px) 100vw, 797px\" \/><\/figure>\n\n\n\n<figure class=\"wp-block-image size-large\"><img loading=\"lazy\" decoding=\"async\" width=\"1024\" height=\"768\" data-id=\"69\" src=\"https:\/\/mickiewicz.net.pl\/szkola\/erasmus\/portugalia\/wp-content\/uploads\/2026\/03\/A666AC6E-0C68-48F7-8ACC-07A43A29D968-1024x768.jpeg\" alt=\"\" class=\"wp-image-69\" srcset=\"https:\/\/mickiewicz.net.pl\/szkola\/erasmus\/portugalia\/wp-content\/uploads\/2026\/03\/A666AC6E-0C68-48F7-8ACC-07A43A29D968-1024x768.jpeg 1024w, https:\/\/mickiewicz.net.pl\/szkola\/erasmus\/portugalia\/wp-content\/uploads\/2026\/03\/A666AC6E-0C68-48F7-8ACC-07A43A29D968-300x225.jpeg 300w, https:\/\/mickiewicz.net.pl\/szkola\/erasmus\/portugalia\/wp-content\/uploads\/2026\/03\/A666AC6E-0C68-48F7-8ACC-07A43A29D968-768x576.jpeg 768w, https:\/\/mickiewicz.net.pl\/szkola\/erasmus\/portugalia\/wp-content\/uploads\/2026\/03\/A666AC6E-0C68-48F7-8ACC-07A43A29D968-1536x1152.jpeg 1536w, https:\/\/mickiewicz.net.pl\/szkola\/erasmus\/portugalia\/wp-content\/uploads\/2026\/03\/A666AC6E-0C68-48F7-8ACC-07A43A29D968-2048x1536.jpeg 2048w\" sizes=\"(max-width: 1024px) 100vw, 1024px\" \/><\/figure>\n\n\n\n<figure class=\"wp-block-image size-large\"><img loading=\"lazy\" decoding=\"async\" width=\"1024\" height=\"576\" data-id=\"61\" src=\"https:\/\/mickiewicz.net.pl\/szkola\/erasmus\/portugalia\/wp-content\/uploads\/2026\/03\/d7b2fa34-3302-4d64-bc12-90ea13091d8a-1-1024x576.jpg\" alt=\"\" class=\"wp-image-61\" srcset=\"https:\/\/mickiewicz.net.pl\/szkola\/erasmus\/portugalia\/wp-content\/uploads\/2026\/03\/d7b2fa34-3302-4d64-bc12-90ea13091d8a-1-1024x576.jpg 1024w, https:\/\/mickiewicz.net.pl\/szkola\/erasmus\/portugalia\/wp-content\/uploads\/2026\/03\/d7b2fa34-3302-4d64-bc12-90ea13091d8a-1-300x169.jpg 300w, https:\/\/mickiewicz.net.pl\/szkola\/erasmus\/portugalia\/wp-content\/uploads\/2026\/03\/d7b2fa34-3302-4d64-bc12-90ea13091d8a-1-768x432.jpg 768w, https:\/\/mickiewicz.net.pl\/szkola\/erasmus\/portugalia\/wp-content\/uploads\/2026\/03\/d7b2fa34-3302-4d64-bc12-90ea13091d8a-1-1536x864.jpg 1536w, https:\/\/mickiewicz.net.pl\/szkola\/erasmus\/portugalia\/wp-content\/uploads\/2026\/03\/d7b2fa34-3302-4d64-bc12-90ea13091d8a-1.jpg 2048w\" sizes=\"(max-width: 1024px) 100vw, 1024px\" \/><\/figure>\n\n\n\n<figure class=\"wp-block-image size-large\"><img loading=\"lazy\" decoding=\"async\" width=\"1024\" height=\"576\" data-id=\"60\" src=\"https:\/\/mickiewicz.net.pl\/szkola\/erasmus\/portugalia\/wp-content\/uploads\/2026\/03\/69da2d4b-8952-4701-a9a0-6c1506928f31-1-1024x576.jpg\" alt=\"\" class=\"wp-image-60\" srcset=\"https:\/\/mickiewicz.net.pl\/szkola\/erasmus\/portugalia\/wp-content\/uploads\/2026\/03\/69da2d4b-8952-4701-a9a0-6c1506928f31-1-1024x576.jpg 1024w, https:\/\/mickiewicz.net.pl\/szkola\/erasmus\/portugalia\/wp-content\/uploads\/2026\/03\/69da2d4b-8952-4701-a9a0-6c1506928f31-1-300x169.jpg 300w, https:\/\/mickiewicz.net.pl\/szkola\/erasmus\/portugalia\/wp-content\/uploads\/2026\/03\/69da2d4b-8952-4701-a9a0-6c1506928f31-1-768x432.jpg 768w, https:\/\/mickiewicz.net.pl\/szkola\/erasmus\/portugalia\/wp-content\/uploads\/2026\/03\/69da2d4b-8952-4701-a9a0-6c1506928f31-1-1536x864.jpg 1536w, https:\/\/mickiewicz.net.pl\/szkola\/erasmus\/portugalia\/wp-content\/uploads\/2026\/03\/69da2d4b-8952-4701-a9a0-6c1506928f31-1.jpg 2048w\" sizes=\"(max-width: 1024px) 100vw, 1024px\" \/><\/figure>\n\n\n\n<figure class=\"wp-block-image size-large\"><img loading=\"lazy\" decoding=\"async\" width=\"1024\" height=\"768\" data-id=\"59\" src=\"https:\/\/mickiewicz.net.pl\/szkola\/erasmus\/portugalia\/wp-content\/uploads\/2026\/03\/643601631_122282014472235393_4658285172104263817_n-1-1024x768.jpg\" alt=\"\" class=\"wp-image-59\" srcset=\"https:\/\/mickiewicz.net.pl\/szkola\/erasmus\/portugalia\/wp-content\/uploads\/2026\/03\/643601631_122282014472235393_4658285172104263817_n-1-1024x768.jpg 1024w, https:\/\/mickiewicz.net.pl\/szkola\/erasmus\/portugalia\/wp-content\/uploads\/2026\/03\/643601631_122282014472235393_4658285172104263817_n-1-300x225.jpg 300w, https:\/\/mickiewicz.net.pl\/szkola\/erasmus\/portugalia\/wp-content\/uploads\/2026\/03\/643601631_122282014472235393_4658285172104263817_n-1-768x576.jpg 768w, https:\/\/mickiewicz.net.pl\/szkola\/erasmus\/portugalia\/wp-content\/uploads\/2026\/03\/643601631_122282014472235393_4658285172104263817_n-1.jpg 1296w\" sizes=\"(max-width: 1024px) 100vw, 1024px\" \/><\/figure>\n\n\n\n<figure class=\"wp-block-image size-large\"><img loading=\"lazy\" decoding=\"async\" width=\"1024\" height=\"576\" data-id=\"53\" src=\"https:\/\/mickiewicz.net.pl\/szkola\/erasmus\/portugalia\/wp-content\/uploads\/2026\/03\/69da2d4b-8952-4701-a9a0-6c1506928f31-1024x576.jpg\" alt=\"\" class=\"wp-image-53\" srcset=\"https:\/\/mickiewicz.net.pl\/szkola\/erasmus\/portugalia\/wp-content\/uploads\/2026\/03\/69da2d4b-8952-4701-a9a0-6c1506928f31-1024x576.jpg 1024w, https:\/\/mickiewicz.net.pl\/szkola\/erasmus\/portugalia\/wp-content\/uploads\/2026\/03\/69da2d4b-8952-4701-a9a0-6c1506928f31-300x169.jpg 300w, https:\/\/mickiewicz.net.pl\/szkola\/erasmus\/portugalia\/wp-content\/uploads\/2026\/03\/69da2d4b-8952-4701-a9a0-6c1506928f31-768x432.jpg 768w, https:\/\/mickiewicz.net.pl\/szkola\/erasmus\/portugalia\/wp-content\/uploads\/2026\/03\/69da2d4b-8952-4701-a9a0-6c1506928f31-1536x864.jpg 1536w, https:\/\/mickiewicz.net.pl\/szkola\/erasmus\/portugalia\/wp-content\/uploads\/2026\/03\/69da2d4b-8952-4701-a9a0-6c1506928f31.jpg 2048w\" sizes=\"(max-width: 1024px) 100vw, 1024px\" \/><\/figure>\n\n\n\n<figure class=\"wp-block-image size-large\"><img decoding=\"async\" width=\"1024\" height=\"576\" data-id=\"52\" src=\"https:\/\/mickiewicz.net.pl\/szkola\/erasmus\/portugalia\/wp-content\/uploads\/2026\/03\/ff9d1563-1aed-4c1d-801a-416a6b6dbc4f-1024x576.jpg\" alt=\"\" class=\"wp-image-52\" srcset=\"https:\/\/mickiewicz.net.pl\/szkola\/erasmus\/portugalia\/wp-content\/uploads\/2026\/03\/ff9d1563-1aed-4c1d-801a-416a6b6dbc4f-1024x576.jpg 1024w, https:\/\/mickiewicz.net.pl\/szkola\/erasmus\/portugalia\/wp-content\/uploads\/2026\/03\/ff9d1563-1aed-4c1d-801a-416a6b6dbc4f-300x169.jpg 300w, https:\/\/mickiewicz.net.pl\/szkola\/erasmus\/portugalia\/wp-content\/uploads\/2026\/03\/ff9d1563-1aed-4c1d-801a-416a6b6dbc4f-768x432.jpg 768w, https:\/\/mickiewicz.net.pl\/szkola\/erasmus\/portugalia\/wp-content\/uploads\/2026\/03\/ff9d1563-1aed-4c1d-801a-416a6b6dbc4f-1536x864.jpg 1536w, https:\/\/mickiewicz.net.pl\/szkola\/erasmus\/portugalia\/wp-content\/uploads\/2026\/03\/ff9d1563-1aed-4c1d-801a-416a6b6dbc4f.jpg 2048w\" sizes=\"(max-width: 1024px) 100vw, 1024px\" \/><\/figure>\n\n\n\n<figure class=\"wp-block-image size-large\"><img loading=\"lazy\" decoding=\"async\" width=\"768\" height=\"1024\" data-id=\"34\" src=\"https:\/\/mickiewicz.net.pl\/szkola\/erasmus\/portugalia\/wp-content\/uploads\/2026\/03\/af51bcb6-50a1-4d75-b263-d9d5d457dd5e-768x1024.jpg\" alt=\"\" class=\"wp-image-34\" srcset=\"https:\/\/mickiewicz.net.pl\/szkola\/erasmus\/portugalia\/wp-content\/uploads\/2026\/03\/af51bcb6-50a1-4d75-b263-d9d5d457dd5e-768x1024.jpg 768w, https:\/\/mickiewicz.net.pl\/szkola\/erasmus\/portugalia\/wp-content\/uploads\/2026\/03\/af51bcb6-50a1-4d75-b263-d9d5d457dd5e-225x300.jpg 225w, https:\/\/mickiewicz.net.pl\/szkola\/erasmus\/portugalia\/wp-content\/uploads\/2026\/03\/af51bcb6-50a1-4d75-b263-d9d5d457dd5e-1152x1536.jpg 1152w, https:\/\/mickiewicz.net.pl\/szkola\/erasmus\/portugalia\/wp-content\/uploads\/2026\/03\/af51bcb6-50a1-4d75-b263-d9d5d457dd5e.jpg 1536w\" sizes=\"(max-width: 768px) 100vw, 768px\" \/><\/figure>\n\n\n\n<figure class=\"wp-block-image size-large\"><img loading=\"lazy\" decoding=\"async\" width=\"1024\" height=\"768\" data-id=\"12\" src=\"https:\/\/mickiewicz.net.pl\/szkola\/erasmus\/portugalia\/wp-content\/uploads\/2026\/03\/IMG_7313-1024x768.jpg\" alt=\"\" class=\"wp-image-12\" srcset=\"https:\/\/mickiewicz.net.pl\/szkola\/erasmus\/portugalia\/wp-content\/uploads\/2026\/03\/IMG_7313-1024x768.jpg 1024w, https:\/\/mickiewicz.net.pl\/szkola\/erasmus\/portugalia\/wp-content\/uploads\/2026\/03\/IMG_7313-300x225.jpg 300w, https:\/\/mickiewicz.net.pl\/szkola\/erasmus\/portugalia\/wp-content\/uploads\/2026\/03\/IMG_7313-768x576.jpg 768w, https:\/\/mickiewicz.net.pl\/szkola\/erasmus\/portugalia\/wp-content\/uploads\/2026\/03\/IMG_7313-1536x1152.jpg 1536w, https:\/\/mickiewicz.net.pl\/szkola\/erasmus\/portugalia\/wp-content\/uploads\/2026\/03\/IMG_7313-2048x1536.jpg 2048w\" sizes=\"(max-width: 1024px) 100vw, 1024px\" \/><\/figure>\n\n\n\n<figure class=\"wp-block-image size-large\"><img loading=\"lazy\" decoding=\"async\" width=\"768\" height=\"1024\" data-id=\"13\" src=\"https:\/\/mickiewicz.net.pl\/szkola\/erasmus\/portugalia\/wp-content\/uploads\/2026\/03\/Document-768x1024.jpg\" alt=\"\" class=\"wp-image-13\" srcset=\"https:\/\/mickiewicz.net.pl\/szkola\/erasmus\/portugalia\/wp-content\/uploads\/2026\/03\/Document-768x1024.jpg 768w, https:\/\/mickiewicz.net.pl\/szkola\/erasmus\/portugalia\/wp-content\/uploads\/2026\/03\/Document-225x300.jpg 225w, https:\/\/mickiewicz.net.pl\/szkola\/erasmus\/portugalia\/wp-content\/uploads\/2026\/03\/Document-1152x1536.jpg 1152w, https:\/\/mickiewicz.net.pl\/szkola\/erasmus\/portugalia\/wp-content\/uploads\/2026\/03\/Document-1536x2048.jpg 1536w, https:\/\/mickiewicz.net.pl\/szkola\/erasmus\/portugalia\/wp-content\/uploads\/2026\/03\/Document-scaled.jpg 1920w\" sizes=\"(max-width: 768px) 100vw, 768px\" \/><\/figure>\n<\/figure>\n\n\n\n<div class=\"wp-block-group alignfull has-global-padding is-layout-constrained wp-block-group-is-layout-constrained\" style=\"padding-top:var(--wp--preset--spacing--60);padding-bottom:var(--wp--preset--spacing--50)\">\n<div class=\"wp-block-group alignwide is-layout-flow wp-block-group-is-layout-flow\">\n<div class=\"wp-block-group alignfull is-content-justification-space-between is-layout-flex wp-container-core-group-is-layout-e5edad21 wp-block-group-is-layout-flex\">\n<div class=\"wp-block-columns is-layout-flex wp-container-core-columns-is-layout-28f84493 wp-block-columns-is-layout-flex\">\n<div class=\"wp-block-column is-layout-flow wp-block-column-is-layout-flow\" style=\"flex-basis:100%\"><h2 class=\"wp-block-site-title\"><a href=\"https:\/\/mickiewicz.net.pl\/szkola\/erasmus\/portugalia\" target=\"_self\" rel=\"home\">Erasmus+<\/a><\/h2>\n\n<p class=\"wp-block-site-tagline\">Praktyki zawodowe 2026 w Portugalii<\/p><\/div>\n\n\n\n<div class=\"wp-block-column is-layout-flow wp-block-column-is-layout-flow\">\n<div style=\"height:var(--wp--preset--spacing--40);width:0px\" aria-hidden=\"true\" class=\"wp-block-spacer\"><\/div>\n<\/div>\n<\/div>\n\n\n\n<div class=\"wp-block-group is-content-justification-space-between is-layout-flex wp-container-core-group-is-layout-570722b2 wp-block-group-is-layout-flex\"><nav class=\"is-vertical wp-block-navigation is-layout-flex wp-container-core-navigation-is-layout-fe9cc265 wp-block-navigation-is-layout-flex\" aria-label=\"Menu: Stopka 4\"><ul class=\"wp-block-navigation__container  is-vertical wp-block-navigation\"><li class=\" wp-block-navigation-item wp-block-navigation-link\"><a class=\"wp-block-navigation-item__content\"  href=\"https:\/\/mickiewicz.net.pl\/szkola\/erasmus\/portugalia\/28-2\/\"><span class=\"wp-block-navigation-item__label\">Padlet<\/span><\/a><\/li><li class=\" wp-block-navigation-item wp-block-navigation-link\"><a class=\"wp-block-navigation-item__content\"  href=\"https:\/\/mickiewicz.net.pl\/szkola\/erasmus\/portugalia\/galeria\/\"><span class=\"wp-block-navigation-item__label\">Galeria<\/span><\/a><\/li><\/ul><\/nav><\/div>\n<\/div>\n\n\n\n<div style=\"height:var(--wp--preset--spacing--70)\" aria-hidden=\"true\" class=\"wp-block-spacer\"><\/div>\n\n\n\n<div class=\"wp-block-group alignfull is-content-justification-space-between is-layout-flex wp-container-core-group-is-layout-91e87306 wp-block-group-is-layout-flex\">\n<p class=\"has-small-font-size\">2025-1-PL01-KA121-VET-000311671<\/p>\n\n\n\n<p class=\"has-small-font-size\">\n\t\t\t\tStworzone z <a href=\"https:\/\/pl.wordpress.org\" rel=\"nofollow\">WordPress<\/a>\t\t\t<\/p>\n<\/div>\n<\/div>\n<\/div>\n","protected":false},"excerpt":{"rendered":"<p>Galeria Galeria zdj\u0119\u0107 z wyjazdu Erasmus+ do Portugalii przedstawia najwa\u017cniejsze momenty naszej mobilno\u015bci. Na fotografiach mo\u017cna zobaczy\u0107 zar\u00f3wno codzienne \u017cycie podczas pobytu, jak i udzia\u0142 w zaj\u0119ciach szkolnych oraz realizacj\u0119 projekt\u00f3w mi\u0119dzynarodowych. 2025-1-PL01-KA121-VET-000311671 Stworzone z WordPress<\/p>\n","protected":false},"author":1,"featured_media":0,"parent":0,"menu_order":0,"comment_status":"closed","ping_status":"closed","template":"","meta":{"footnotes":""},"class_list":["post-128","page","type-page","status-publish","hentry"],"_links":{"self":[{"href":"https:\/\/mickiewicz.net.pl\/szkola\/erasmus\/portugalia\/wp-json\/wp\/v2\/pages\/128","targetHints":{"allow":["GET"]}}],"collection":[{"href":"https:\/\/mickiewicz.net.pl\/szkola\/erasmus\/portugalia\/wp-json\/wp\/v2\/pages"}],"about":[{"href":"https:\/\/mickiewicz.net.pl\/szkola\/erasmus\/portugalia\/wp-json\/wp\/v2\/types\/page"}],"author":[{"embeddable":true,"href":"https:\/\/mickiewicz.net.pl\/szkola\/erasmus\/portugalia\/wp-json\/wp\/v2\/users\/1"}],"replies":[{"embeddable":true,"href":"https:\/\/mickiewicz.net.pl\/szkola\/erasmus\/portugalia\/wp-json\/wp\/v2\/comments?post=128"}],"version-history":[{"count":6,"href":"https:\/\/mickiewicz.net.pl\/szkola\/erasmus\/portugalia\/wp-json\/wp\/v2\/pages\/128\/revisions"}],"predecessor-version":[{"id":139,"href":"https:\/\/mickiewicz.net.pl\/szkola\/erasmus\/portugalia\/wp-json\/wp\/v2\/pages\/128\/revisions\/139"}],"wp:attachment":[{"href":"https:\/\/mickiewicz.net.pl\/szkola\/erasmus\/portugalia\/wp-json\/wp\/v2\/media?parent=128"}],"curies":[{"name":"wp","href":"https:\/\/api.w.org\/{rel}","templated":true}]}}